{"id":7232,"date":"2022-11-07T15:52:36","date_gmt":"2022-11-07T14:52:36","guid":{"rendered":"https:\/\/anikadorothea.de\/projekt\/"},"modified":"2024-09-20T20:42:05","modified_gmt":"2024-09-20T18:42:05","slug":"projekt","status":"publish","type":"page","link":"https:\/\/anikadorothea.de\/sv\/projekt\/","title":{"rendered":"Projekt"},"content":{"rendered":"<div id=\"pl-gb7232-69e399d375ce2\"  class=\"panel-layout\" ><div id=\"pg-gb7232-69e399d375ce2-0\"  class=\"panel-grid panel-no-style\" ><div id=\"pgc-gb7232-69e399d375ce2-0-0\"  class=\"panel-grid-cell panel-grid-cell-empty\" ><\/div><div id=\"pgc-gb7232-69e399d375ce2-0-1\"  class=\"panel-grid-cell panel-grid-cell-mobile-last\" ><div id=\"panel-gb7232-69e399d375ce2-0-1-0\" class=\"so-panel widget widget_sow-editor panel-first-child panel-last-child\" data-index=\"0\" ><div\n\t\t\t\n\t\t\tclass=\"so-widget-sow-editor so-widget-sow-editor-base\"\n\t\t\t\n\t\t>\n<div class=\"siteorigin-widget-tinymce textwidget\">\n\t<blockquote class=\"fn-blockquote\">\n<p style=\"text-align: center;\">&#8221;Vi m\u00e4nniskor \u00e4r mirakel!&#8221;<\/p>\n<\/blockquote>\n<\/div>\n<\/div><\/div><\/div><div id=\"pgc-gb7232-69e399d375ce2-0-2\"  class=\"panel-grid-cell panel-grid-cell-empty\" ><\/div><\/div><div id=\"pg-gb7232-69e399d375ce2-1\"  class=\"panel-grid panel-has-style\" ><div class=\"fn-background-primary-right siteorigin-panels-stretch panel-row-style panel-row-style-for-gb7232-69e399d375ce2-1\" data-stretch-type=\"full\" ><div id=\"pgc-gb7232-69e399d375ce2-1-0\"  class=\"panel-grid-cell\" ><div id=\"panel-gb7232-69e399d375ce2-1-0-0\" class=\"so-panel widget widget_sow-editor panel-first-child panel-last-child\" data-index=\"1\" ><div\n\t\t\t\n\t\t\tclass=\"so-widget-sow-editor so-widget-sow-editor-base\"\n\t\t\t\n\t\t>\n<div class=\"siteorigin-widget-tinymce textwidget\">\n\t<p class=\"fn-small-title\">Verklighet<\/p>\n<h1>Olika verkligheter i en v\u00e4rld<\/h1>\n<p>Var och en av oss skapar sin egen verklighet. M\u00e5ngfalden av verkligheter \u00e4r det som g\u00f6r livet s\u00e5 unikt. Vi \u00e4r f\u00f6dda f\u00f6r att leva som m\u00e4nsklighet i fred, oavsett av dessa olika verkligheter. Det vi m\u00e4nniskor till\u00e5ts f\u00f6rst\u00e5 \u00e4r att jorden i sig \u00e4r paradiset.<\/p>\n<p>Det \u00e4r vi som helt enkelt f\u00e5r f\u00f6rst\u00e5 detta, leva det och njuta av det. F\u00f6renade i anden, \u00e4r det l\u00e4tt. Konsten \u00e4r att manifestera denna m\u00e5ngfald till enhet i sanning, k\u00e4rlek och frihet. Det \u00e4r v\u00e5r kallelse att g\u00f6ra detta&#8230; vi beh\u00f6ver helt enkelt ge ett medvetet och tydligt &#8221;ja&#8221; till att vara m\u00e4nniska.<\/p>\n<\/div>\n<\/div><\/div><\/div><div id=\"pgc-gb7232-69e399d375ce2-1-1\"  class=\"panel-grid-cell\" ><div id=\"panel-gb7232-69e399d375ce2-1-1-0\" class=\"so-panel widget widget_sow-image panel-first-child panel-last-child\" data-index=\"2\" ><div class=\"uk-padding fn-padding-remove panel-widget-style panel-widget-style-for-gb7232-69e399d375ce2-1-1-0\" ><div\n\t\t\t\n\t\t\tclass=\"so-widget-sow-image so-widget-sow-image-default-8b5b6f678277-7232\"\n\t\t\t\n\t\t>\n<div class=\"sow-image-container\">\n\t\t<img \n\tsrc=\"https:\/\/anikadorothea.de\/wp-content\/uploads\/2022\/12\/dandelion-seeds-768x512.jpg\" width=\"768\" height=\"512\" srcset=\"https:\/\/anikadorothea.de\/wp-content\/uploads\/2022\/12\/dandelion-seeds-768x512.jpg 768w, https:\/\/anikadorothea.de\/wp-content\/uploads\/2022\/12\/dandelion-seeds-300x200.jpg 300w, https:\/\/anikadorothea.de\/wp-content\/uploads\/2022\/12\/dandelion-seeds-1024x683.jpg 1024w, https:\/\/anikadorothea.de\/wp-content\/uploads\/2022\/12\/dandelion-seeds-1536x1024.jpg 1536w, https:\/\/anikadorothea.de\/wp-content\/uploads\/2022\/12\/dandelion-seeds.jpg 1920w\" sizes=\"(max-width: 768px) 100vw, 768px\" alt=\"\" \t\tclass=\"so-widget-image\"\/>\n\t<\/div>\n\n<\/div><\/div><\/div><\/div><\/div><\/div><div id=\"pg-gb7232-69e399d375ce2-2\"  class=\"panel-grid panel-no-style\" ><div id=\"pgc-gb7232-69e399d375ce2-2-0\"  class=\"panel-grid-cell\" ><div id=\"panel-gb7232-69e399d375ce2-2-0-0\" class=\"so-panel widget widget_sow-image panel-first-child panel-last-child\" data-index=\"3\" ><div\n\t\t\t\n\t\t\tclass=\"so-widget-sow-image so-widget-sow-image-default-8b5b6f678277-7232\"\n\t\t\t\n\t\t>\n<div class=\"sow-image-container\">\n\t\t<img \n\tsrc=\"https:\/\/anikadorothea.de\/wp-content\/uploads\/2022\/12\/elephans.jpg\" width=\"1920\" height=\"1358\" srcset=\"https:\/\/anikadorothea.de\/wp-content\/uploads\/2022\/12\/elephans.jpg 1920w, https:\/\/anikadorothea.de\/wp-content\/uploads\/2022\/12\/elephans-300x212.jpg 300w, https:\/\/anikadorothea.de\/wp-content\/uploads\/2022\/12\/elephans-1024x724.jpg 1024w, https:\/\/anikadorothea.de\/wp-content\/uploads\/2022\/12\/elephans-768x543.jpg 768w, https:\/\/anikadorothea.de\/wp-content\/uploads\/2022\/12\/elephans-1536x1086.jpg 1536w\" sizes=\"(max-width: 1920px) 100vw, 1920px\" alt=\"\" \t\tclass=\"so-widget-image\"\/>\n\t<\/div>\n\n<\/div><\/div><\/div><div id=\"pgc-gb7232-69e399d375ce2-2-1\"  class=\"panel-grid-cell\" ><div id=\"panel-gb7232-69e399d375ce2-2-1-0\" class=\"so-panel widget widget_sow-editor panel-first-child panel-last-child\" data-index=\"4\" ><div\n\t\t\t\n\t\t\tclass=\"so-widget-sow-editor so-widget-sow-editor-base\"\n\t\t\t\n\t\t>\n<div class=\"siteorigin-widget-tinymce textwidget\">\n\t<p class=\"uk-h2 fn-small-title\"><span style=\"font-size: 1.5rem;\">Gemenskap <\/span><\/p>\n<h2 class=\"uk-h1\">Livet \u00e4r vackert!<\/h2>\n<p>Vi inbjuder dig att se livet tillsammans som ett s\u00e5dant mirakel. Gemenskapen \u00e4r det som g\u00f6r v\u00e5ra liv m\u00e4nskliga. K\u00e4rlek \u00e4r det som f\u00e5r det att fungera i frid och lycka.<\/p>\n<p>L\u00e5t oss till\u00e5ta att alla dessa andliga och innerliga energier fl\u00f6der samman i sin sk\u00f6nhet!<\/p>\n<\/div>\n<\/div><\/div><\/div><\/div><\/div>","protected":false},"excerpt":{"rendered":"<p>&#8221;Vi m\u00e4nniskor \u00e4r mirakel!&#8221; Verklighet Olika verkligheter i en v\u00e4rld Var och en av oss skapar sin egen verklighet. M\u00e5ngfalden av verkligheter \u00e4r det som g\u00f6r livet s\u00e5 unikt. Vi \u00e4r f\u00f6dda f\u00f6r att leva som m\u00e4nsklighet i fred, oavsett av dessa olika verkligheter. Det vi m\u00e4nniskor till\u00e5ts f\u00f6rst\u00e5 \u00e4r att jorden i sig \u00e4r [&hellip;]<\/p>\n","protected":false},"author":10,"featured_media":1911,"parent":0,"menu_order":0,"comment_status":"closed","ping_status":"closed","template":"","meta":{"_acf_changed":false,"footnotes":""},"class_list":["post-7232","page","type-page","status-publish","has-post-thumbnail","hentry"],"blocksy_meta":[],"acf":[],"permalink_history":[],"_links":{"self":[{"href":"https:\/\/anikadorothea.de\/sv\/wp-json\/wp\/v2\/pages\/7232","targetHints":{"allow":["GET"]}}],"collection":[{"href":"https:\/\/anikadorothea.de\/sv\/wp-json\/wp\/v2\/pages"}],"about":[{"href":"https:\/\/anikadorothea.de\/sv\/wp-json\/wp\/v2\/types\/page"}],"author":[{"embeddable":true,"href":"https:\/\/anikadorothea.de\/sv\/wp-json\/wp\/v2\/users\/10"}],"replies":[{"embeddable":true,"href":"https:\/\/anikadorothea.de\/sv\/wp-json\/wp\/v2\/comments?post=7232"}],"version-history":[{"count":2,"href":"https:\/\/anikadorothea.de\/sv\/wp-json\/wp\/v2\/pages\/7232\/revisions"}],"predecessor-version":[{"id":7314,"href":"https:\/\/anikadorothea.de\/sv\/wp-json\/wp\/v2\/pages\/7232\/revisions\/7314"}],"wp:featuredmedia":[{"embeddable":true,"href":"https:\/\/anikadorothea.de\/sv\/wp-json\/wp\/v2\/media\/1911"}],"wp:attachment":[{"href":"https:\/\/anikadorothea.de\/sv\/wp-json\/wp\/v2\/media?parent=7232"}],"curies":[{"name":"wp","href":"https:\/\/api.w.org\/{rel}","templated":true}]}}