{"id":7196,"date":"2019-06-25T17:38:58","date_gmt":"2019-06-25T15:38:58","guid":{"rendered":"https:\/\/anikadorothea.de\/dataskydd\/"},"modified":"2024-08-11T16:02:03","modified_gmt":"2024-08-11T14:02:03","slug":"dataskydd","status":"publish","type":"page","link":"https:\/\/anikadorothea.de\/sv\/dataskydd\/","title":{"rendered":"Dataskydd"},"content":{"rendered":"<div id=\"pl-7196\"  class=\"panel-layout\" ><div id=\"pg-7196-0\"  class=\"panel-grid panel-has-style\" ><div class=\"uk-padding-large uk-background-muted panel-row-style panel-row-style-for-7196-0\" ><div id=\"pgc-7196-0-0\"  class=\"panel-grid-cell\" ><div id=\"panel-7196-0-0-0\" class=\"so-panel widget widget_sow-editor panel-first-child panel-last-child\" data-index=\"0\" ><div\n\t\t\t\n\t\t\tclass=\"so-widget-sow-editor so-widget-sow-editor-base\"\n\t\t\t\n\t\t>\n<div class=\"siteorigin-widget-tinymce textwidget\">\n\t<h1>Sekretesspolicy<\/h1>\n<h2>Dataskydd i ett \u00f6gonkast<\/h2>\n<h3>Allm\u00e4n information<\/h3>\n<p>F\u00f6ljande information ger en enkel \u00f6versikt \u00f6ver vad som h\u00e4nder med dina personuppgifter n\u00e4r du bes\u00f6ker v\u00e5r webbplats. Personuppgifter \u00e4r alla uppgifter som kan anv\u00e4ndas f\u00f6r att identifiera dig personligen. Detaljerad information om \u00e4mnet dataskydd finns i v\u00e5r dataskyddsf\u00f6rklaring listad nedanf\u00f6r denna text.  <\/p>\n<h3>Datainsamling p\u00e5 v\u00e5r hemsida<br \/><\/h3>\n<p><strong>Vem ansvarar f\u00f6r datainsamlingen p\u00e5 denna webbplats?<\/strong><\/p>\n<p>Databehandling p\u00e5 denna webbplats utf\u00f6rs av webbplatsens operat\u00f6r. Du hittar deras kontaktuppgifter i avtrycket p\u00e5 denna webbplats. <\/p>\n<p><strong>Hur samlar vi in dina uppgifter?<\/strong><\/p>\n<p>\u00c5 ena sidan samlas dina uppgifter in n\u00e4r du l\u00e4mnar dem till oss. Det kan till exempel vara uppgifter som du anger i ett kontaktformul\u00e4r. <\/p>\n<p>\u00d6vriga uppgifter samlas automatiskt in av v\u00e5ra IT-system n\u00e4r du bes\u00f6ker webbplatsen. Detta \u00e4r i f\u00f6rsta hand tekniska data (t.ex. webbl\u00e4sare, operativsystem eller tidpunkt f\u00f6r sid\u00e5tkomst). Dessa uppgifter samlas in automatiskt s\u00e5 snart du g\u00e5r in p\u00e5 v\u00e5r webbplats.  <\/p>\n<p><strong>Vad anv\u00e4nder vi dina uppgifter till?<\/strong><\/p>\n<p>En del av uppgifterna samlas in f\u00f6r att s\u00e4kerst\u00e4lla att webbplatsen tillhandah\u00e5lls felfritt. Annan data kan anv\u00e4ndas f\u00f6r att analysera ditt anv\u00e4ndarbeteende. <\/p>\n<p><strong>Vilka r\u00e4ttigheter har du ang\u00e5ende dina uppgifter?<br \/><\/strong><\/p>\n<p>Du har r\u00e4tt att n\u00e4r som helst kostnadsfritt f\u00e5 information om ursprung, mottagare och syfte med dina lagrade personuppgifter. Du har ocks\u00e5 r\u00e4tt att beg\u00e4ra att dessa uppgifter korrigeras, blockeras eller raderas. Du kan kontakta oss n\u00e4r som helst p\u00e5 adressen som anges i det juridiska meddelandet om du har ytterligare fr\u00e5gor om dataskydd. Du har ocks\u00e5 r\u00e4tt att l\u00e4mna in ett klagom\u00e5l till ansvarig tillsynsmyndighet.   <\/p>\n<h3>Analytics och tredjepartsverktyg<br \/><\/h3>\n<p>N\u00e4r du bes\u00f6ker v\u00e5r webbplats kan ditt surfbeteende utv\u00e4rderas statistiskt. Detta sker i f\u00f6rsta hand med cookies och med s\u00e5 kallade analysprogram. Analysen av ditt surfbeteende \u00e4r vanligtvis anonym; surfbeteende kan inte sp\u00e5ras tillbaka till dig. Du kan inv\u00e4nda mot denna analys eller f\u00f6rhindra den genom att inte anv\u00e4nda vissa verktyg. Du hittar detaljerad information om detta i f\u00f6ljande dataskyddsf\u00f6rklaring.    <\/p>\n<p>Du kan inv\u00e4nda mot denna analys. Vi kommer att informera dig om alternativen f\u00f6r inv\u00e4ndning i denna dataskyddsf\u00f6rklaring. <\/p>\n<h2>Allm\u00e4n information och obligatorisk information<\/h2>\n<h3>Dataskydd<\/h3>\n<p>Operat\u00f6rerna av dessa webbplatser tar skyddet av dina personuppgifter p\u00e5 st\u00f6rsta allvar. Vi behandlar dina personuppgifter konfidentiellt och i enlighet med lagstadgade dataskyddsbest\u00e4mmelser och denna dataskyddsf\u00f6rklaring. <\/p>\n<p>N\u00e4r du anv\u00e4nder denna webbplats samlas olika personuppgifter in. Personuppgifter \u00e4r uppgifter som kan anv\u00e4ndas f\u00f6r att identifiera dig personligen. Denna dataskyddsf\u00f6rklaring f\u00f6rklarar vilken data vi samlar in och vad vi anv\u00e4nder den till. Den f\u00f6rklarar ocks\u00e5 hur och i vilket syfte detta sker.   <\/p>\n<p>Vi vill p\u00e5peka att data\u00f6verf\u00f6ring \u00f6ver Internet (t.ex. vid kommunikation via e-post) kan ha s\u00e4kerhetsluckor. Fullst\u00e4ndigt skydd av data fr\u00e5n \u00e5tkomst av tredje part \u00e4r inte m\u00f6jligt. <\/p>\n<h3>Anm\u00e4rkning om ansvarigt organ<\/h3>\n<p>Det ansvariga organet f\u00f6r databehandling p\u00e5 denna webbplats \u00e4r:<\/p>\n<p>[firmenname]<\/p>\n<p>Anika Dorothea Melle<br \/>[strasse]<br \/>[plz-ort]<br \/>E-Mail: [mail]<\/p>\n<p>Det ansvariga organet \u00e4r den fysiska eller juridiska person som ensam eller tillsammans med andra beslutar om \u00e4ndam\u00e5len och medlen f\u00f6r behandling av personuppgifter (t.ex. namn, e-postadresser etc.).<\/p>\n<h3>\u00c5terkallande av ditt samtycke till databehandling<\/h3>\n<p>M\u00e5nga databehandlingsoperationer \u00e4r endast m\u00f6jliga med ditt uttryckliga samtycke. Du kan n\u00e4r som helst \u00e5terkalla ditt samtycke som du redan har gett. Allt du beh\u00f6ver g\u00f6ra \u00e4r att skicka ett informellt mejl till oss. Lagligheten av den databehandling som utf\u00f6rs fram till \u00e5terkallelsen f\u00f6rblir op\u00e5verkad av \u00e5terkallelsen.   <\/p>\n<h3>R\u00e4tt att framf\u00f6ra klagom\u00e5l till ansvarig tillsynsmyndighet<\/h3>\n<p>Vid dataskyddsbrott har den som drabbas r\u00e4tt att l\u00e4mna in ett klagom\u00e5l till ansvarig tillsynsmyndighet. Ansvarig tillsynsmyndighet f\u00f6r dataskyddsfr\u00e5gor \u00e4r det statliga dataskyddsombudet i den federala stat d\u00e4r v\u00e5rt f\u00f6retag \u00e4r baserat. En lista \u00f6ver dataskyddsombud och deras kontaktuppgifter finns p\u00e5 f\u00f6ljande l\u00e4nk: <a href=\"https:\/\/www.bfdi.bund.de\/DE\/Infothek\/Anschriften_Links\/anschriften_links-node.html\" target=\"_blank\" rel=\"noopener\">https:\/\/www.bfdi.bund.de\/DE\/Infothek\/Anschriften_Links\/anschriften_links-node.html.<\/a>  <\/p>\n<h3>R\u00e4tt till dataportabilitet<\/h3>\n<p>Du har r\u00e4tt att f\u00e5 uppgifter som vi behandlar automatiskt baserat p\u00e5 ditt samtycke eller f\u00f6r fullg\u00f6rande av ett avtal \u00f6verl\u00e4mnade till dig eller till en tredje part i ett gemensamt, maskinl\u00e4sbart format. Om du beg\u00e4r att uppgifterna ska \u00f6verf\u00f6ras direkt till en annan ansvarig kommer detta endast att g\u00f6ras om det \u00e4r tekniskt genomf\u00f6rbart. <\/p>\n<h3>SSL- eller TLS-kryptering<\/h3>\n<p>Av s\u00e4kerhetssk\u00e4l och f\u00f6r att skydda \u00f6verf\u00f6ringen av konfidentiellt inneh\u00e5ll, s\u00e5som best\u00e4llningar eller f\u00f6rfr\u00e5gningar som du skickar till oss som webbplatsoperat\u00f6r, anv\u00e4nder denna webbplats en SSL eller TLS-kryptering. Du kan k\u00e4nna igen en krypterad anslutning genom att webbl\u00e4sarens adressrad \u00e4ndras fr\u00e5n \"http:\/\/\" till \"https:\/\/\" och p\u00e5 l\u00e5ssymbolen i din webbl\u00e4sarrad.  <\/p>\n<p>Om SSL- eller TLS-kryptering \u00e4r aktiverad kan de data du \u00f6verf\u00f6r till oss inte l\u00e4sas av tredje part.<\/p>\n<h3>Information, blockering, radering<br \/><\/h3>\n<p>Inom ramen f\u00f6r till\u00e4mpliga lagbest\u00e4mmelser har du n\u00e4r som helst r\u00e4tt till gratis information om dina lagrade personuppgifter, dess ursprung och mottagare samt syftet med databehandlingen och vid behov en r\u00e4tt att r\u00e4tta, blockera eller radera dessa uppgifter. Du kan kontakta oss n\u00e4r som helst p\u00e5 den adress som anges i det juridiska meddelandet f\u00f6r detta \u00e4ndam\u00e5l eller f\u00f6r ytterligare fr\u00e5gor ang\u00e5ende personuppgifter. <\/p>\n<h3>Inv\u00e4ndning mot reklammejl<br \/><\/h3>\n<p>Anv\u00e4ndningen av kontaktuppgifter som publicerats som en del av imprintskyldigheten att skicka o\u00f6nskad reklam och informationsmaterial mots\u00e4tts h\u00e4rmed. Operat\u00f6rerna av sidorna f\u00f6rbeh\u00e5ller sig uttryckligen r\u00e4tten att vidta r\u00e4ttsliga \u00e5tg\u00e4rder i h\u00e4ndelse av att o\u00f6nskad reklaminformation skickas, s\u00e5som spam-e-post. <\/p>\n<h2>Datainsamling p\u00e5 v\u00e5r hemsida<br \/><\/h2>\n<h3>Cookies<\/h3>\n<p>Sidorna p\u00e5 webplatsen anv\u00e4nder s\u00e5 kallade cookies. Cookies orsakar ingen skada p\u00e5 din dator och inneh\u00e5ller inga virus. Cookies tj\u00e4nar till att g\u00f6ra v\u00e5rt erbjudande mer anv\u00e4ndarv\u00e4nligt, effektivt och s\u00e4kert. Cookies \u00e4r sm\u00e5 textfiler som lagras p\u00e5 din dator och som din webbl\u00e4sare sparar.   <\/p>\n<p>De flesta av de cookies vi anv\u00e4nder \u00e4r s\u00e5 kallade \"sessionscookies\". De kommer automatiskt att raderas i slutet av ditt bes\u00f6k. Andra cookies f\u00f6rblir lagrade p\u00e5 din enhet tills du raderar dem. Dessa cookies g\u00f6r att vi kan k\u00e4nna igen din webbl\u00e4sare n\u00e4sta g\u00e5ng du bes\u00f6ker den.   <\/p>\n<p>Du kan st\u00e4lla in din webbl\u00e4sare s\u00e5 att du \u00e4r informerad om inst\u00e4llningen av cookies och endast till\u00e5ta cookies i enskilda fall, utesluta acceptans av cookies f\u00f6r vissa fall eller generellt, samt aktivera automatisk radering av cookies n\u00e4r du st\u00e4nger webbl\u00e4saren. Om cookies \u00e4r avaktiverade kan funktionaliteten p\u00e5 denna webbplats begr\u00e4nsas. <\/p>\n<p>Cookies som \u00e4r n\u00f6dv\u00e4ndiga f\u00f6r att utf\u00f6ra den elektroniska kommunikationsprocessen eller f\u00f6r att tillhandah\u00e5lla vissa funktioner som du beh\u00f6ver (t.ex. varukorgsfunktion) lagras p\u00e5 grundval av Art 6 Para 1 lit. Webbplatsoperat\u00f6ren har ett ber\u00e4ttigat intresse av att lagra cookies f\u00f6r att kunna tillhandah\u00e5lla sina tj\u00e4nster p\u00e5 ett tekniskt felfritt och optimerat s\u00e4tt. Om andra cookies (t.ex. cookies f\u00f6r att analysera ditt surfbeteende) lagras kommer de att behandlas separat i denna dataskyddsdeklaration.    <\/p>\n<h3>Serverloggfiler<\/h3>\n<p>DeLeverant\u00f6ren av sidorna samlar automatiskt in och lagrar information i s\u00e5 kallade serverloggfiler, som din webbl\u00e4sare automatiskt \u00f6verf\u00f6r till oss. Dessa \u00e4r: <\/p>\n<ul>\n<li>Webbl\u00e4sartyp och webbl\u00e4sarversion<\/li>\n<li>Operativsystem som anv\u00e4nds<\/li>\n<li>H\u00e4nvisningsadress<\/li>\n<li>V\u00e4rdnamnet p\u00e5 den \u00e5tkomstdator<\/li>\n<li>Tid f\u00f6r serverf\u00f6rfr\u00e5gan<\/li>\n<li>IP-adress<\/li>\n<\/ul>\n<p>Dessa data kommer inte att sl\u00e5s samman med andra datak\u00e4llor.<\/p>\n<p>Grunden f\u00f6r databehandling \u00e4r artikel 6.1 (f) GDPR, som till\u00e5ter behandling av uppgifter f\u00f6r att fullg\u00f6ra ett avtal eller \u00e5tg\u00e4rder f\u00f6re avtal.  <\/p>\n<h3>Kontaktformul\u00e4r<\/h3>\n<p>Om du skickar oss f\u00f6rfr\u00e5gningar via kontaktformul\u00e4ret kommer dina uppgifter fr\u00e5n f\u00f6rfr\u00e5gningsformul\u00e4ret, inklusive kontaktuppgifterna du angav d\u00e4r, att lagras av oss f\u00f6r att kunna behandla f\u00f6rfr\u00e5gan och vid f\u00f6ljdfr\u00e5gor. Vi kommer inte att vidarebefordra dessa uppgifter utan ditt samtycke. <\/p>\n<p>Uppgifterna som anges i kontaktformul\u00e4ret behandlas d\u00e4rf\u00f6r uteslutande baserat p\u00e5 ditt samtycke (Art. 6 Para. 1 lit. a GDPR). Du kan n\u00e4r som helst \u00e5terkalla detta samtycke. Allt du beh\u00f6ver g\u00f6ra \u00e4r att skicka ett informellt mejl till oss. Lagligheten av de databehandlingar som utf\u00f6rts fram till tidpunkten f\u00f6r \u00e5terkallelsen f\u00f6rblir op\u00e5verkade av \u00e5terkallelsen.   <\/p>\n<p>Uppgifterna du anger i kontaktformul\u00e4ret kommer att finnas kvar hos oss tills du beg\u00e4r att vi raderar dem, \u00e5terkallar ditt samtycke till lagring eller att syftet med datalagring inte l\u00e4ngre g\u00e4ller (t.ex. efter att din beg\u00e4ran har behandlats). Obligatoriska lagbest\u00e4mmelser \u2013 s\u00e4rskilt lagringsperioder \u2013 f\u00f6rblir op\u00e5verkade. <\/p>\n<h2>Plugins och verktyg<\/h2>\n<h3>Google Web Fonts<\/h3>\n<p>Den h\u00e4r sidan anv\u00e4nder s\u00e5 kallade webbteckensnitt, som tillhandah\u00e5lls av Google, f\u00f6r enhetlig visning av typsnitt. N\u00e4r du g\u00e5r in p\u00e5 en sida laddar din webbl\u00e4sare in de n\u00f6dv\u00e4ndiga webbteckensnitten i webbl\u00e4sarens cache f\u00f6r att kunna visa texter och teckensnitt korrekt. <\/p>\n<p>F\u00f6r detta \u00e4ndam\u00e5l m\u00e5ste webbl\u00e4saren du anv\u00e4nder ansluta till Googles servrar. Detta ger Google kunskap om att v\u00e5r webbplats n\u00e5s via din IP-adress. Anv\u00e4ndningen av Google Web Fonts \u00e4r av intresse f\u00f6r en enhetlig och attraktiv presentation av v\u00e5ra onlineerbjudanden. Detta representerar ett ber\u00e4ttigat intresse med syftet som avses i artikel 6, punkt 1, bokstav f GDPR.     <\/p>\n<p>Om din webbl\u00e4sare inte st\u00f6der webbteckensnitt kommer din dator att anv\u00e4nda ett standardteckensnitt.<\/p>\n<p>Mer information om Google Web Fonts finns p\u00e5 <a href=\"https:\/\/developers.google.com\/fonts\/faq\" target=\"_blank\" rel=\"noopener\">https:\/\/developers.google.com\/fonts\/faq<\/a> och i Googles sekretesspolicy: <a href=\"https:\/\/www.google.com\/policies\/privacy\/\" target=\"_blank\" rel=\"noopener\">https:\/\/www.google.com\/policies\/privacy\/<\/a>.<\/p>\n<\/div>\n<\/div><\/div><\/div><\/div><\/div><\/div>","protected":false},"excerpt":{"rendered":"<p>Sekretesspolicy Dataskydd i ett \u00f6gonkast Allm\u00e4n information F\u00f6ljande information ger en enkel \u00f6versikt \u00f6ver vad som h\u00e4nder med dina personuppgifter n\u00e4r du bes\u00f6ker v\u00e5r webbplats. Personuppgifter \u00e4r alla uppgifter som kan anv\u00e4ndas f\u00f6r att identifiera dig personligen. Detaljerad information om \u00e4mnet dataskydd finns i v\u00e5r dataskyddsf\u00f6rklaring listad nedanf\u00f6r denna text. Datainsamling p\u00e5 v\u00e5r hemsida Vem [&hellip;]<\/p>\n","protected":false},"author":10,"featured_media":1993,"parent":0,"menu_order":0,"comment_status":"closed","ping_status":"closed","template":"","meta":{"_acf_changed":false,"footnotes":""},"class_list":["post-7196","page","type-page","status-publish","has-post-thumbnail","hentry"],"blocksy_meta":[],"acf":[],"permalink_history":[],"_links":{"self":[{"href":"https:\/\/anikadorothea.de\/sv\/wp-json\/wp\/v2\/pages\/7196","targetHints":{"allow":["GET"]}}],"collection":[{"href":"https:\/\/anikadorothea.de\/sv\/wp-json\/wp\/v2\/pages"}],"about":[{"href":"https:\/\/anikadorothea.de\/sv\/wp-json\/wp\/v2\/types\/page"}],"author":[{"embeddable":true,"href":"https:\/\/anikadorothea.de\/sv\/wp-json\/wp\/v2\/users\/10"}],"replies":[{"embeddable":true,"href":"https:\/\/anikadorothea.de\/sv\/wp-json\/wp\/v2\/comments?post=7196"}],"version-history":[{"count":1,"href":"https:\/\/anikadorothea.de\/sv\/wp-json\/wp\/v2\/pages\/7196\/revisions"}],"predecessor-version":[{"id":7198,"href":"https:\/\/anikadorothea.de\/sv\/wp-json\/wp\/v2\/pages\/7196\/revisions\/7198"}],"wp:featuredmedia":[{"embeddable":true,"href":"https:\/\/anikadorothea.de\/sv\/wp-json\/wp\/v2\/media\/1993"}],"wp:attachment":[{"href":"https:\/\/anikadorothea.de\/sv\/wp-json\/wp\/v2\/media?parent=7196"}],"curies":[{"name":"wp","href":"https:\/\/api.w.org\/{rel}","templated":true}]}}