{"id":7193,"date":"2019-06-25T17:40:35","date_gmt":"2019-06-25T15:40:35","guid":{"rendered":"https:\/\/anikadorothea.de\/avtryck\/"},"modified":"2024-08-11T15:41:11","modified_gmt":"2024-08-11T13:41:11","slug":"avtryck","status":"publish","type":"page","link":"https:\/\/anikadorothea.de\/sv\/avtryck\/","title":{"rendered":"Avtryck"},"content":{"rendered":"<div id=\"pl-7193\"  class=\"panel-layout\" ><div id=\"pg-7193-0\"  class=\"panel-grid panel-has-style\" ><div class=\"uk-background-muted uk-padding-large panel-row-style panel-row-style-for-7193-0\" ><div id=\"pgc-7193-0-0\"  class=\"panel-grid-cell\" ><div id=\"panel-7193-0-0-0\" class=\"so-panel widget widget_sow-editor panel-first-child panel-last-child\" data-index=\"0\" ><div\n\t\t\t\n\t\t\tclass=\"so-widget-sow-editor so-widget-sow-editor-base\"\n\t\t\t\n\t\t>\n<div class=\"siteorigin-widget-tinymce textwidget\">\n\t<h1>Avtryck<\/h1>\n<p class=\"kap\">Information enligt 5 \u00a7 TMG:<\/p>\n<p>[firmenname]<br \/>\n[strasse]<br \/>\n[plz-ort]<br \/>\n[land]<\/p>\n<p><strong>Kontakt:<\/strong><br \/>\n[icon name=\"envelope\" cls=\"fa-fw\"] [mail]<\/p>\n<p><strong>Tvistl\u00f6sning<\/strong><\/p>\n<p>Vi \u00e4r inte villiga eller skyldiga att delta i tvistl\u00f6sningsf\u00f6rfaranden inf\u00f6r en konsumentskiljen\u00e4mnd.<br \/>Lagen om alternativ tvistl\u00f6sning i konsumentfr\u00e5gor kr\u00e4ver dock att vi fortfarande h\u00e4nvisar dig till en konsumentskiljen\u00e4mnd som ansvarar f\u00f6r dig:<\/p>\n<p>Allm\u00e4n konsumentskiljen\u00e4mnd vid<br \/>Zentrum f\u00fcr Schlichtung e. v.<br \/>Stra\u00dfburger Str. 8<br \/>77694 Halsen<br \/>Tyskland<br \/>Internet: <a href=\"https:\/\/www.verbraucher-schlichter.de\/\" target=\"_blank\" rel=\"noopener\">www.verbraucher-schlichter.de<\/a><\/p>\n<h3>Ansvar f\u00f6r inneh\u00e5llet<\/h3>\n<p>Som tj\u00e4nsteleverant\u00f6r ansvarar vi f\u00f6r v\u00e5rt eget inneh\u00e5ll p\u00e5 dessa sidor i enlighet med allm\u00e4nna lagar i enlighet med 7 \u00a7 stycke 1 TMG.<br \/>Men enligt 8 till 10 \u00a7\u00a7 TMG \u00e4r vi som tj\u00e4nsteleverant\u00f6r inte skyldiga att \u00f6vervaka \u00f6verf\u00f6rd eller lagrad information fr\u00e5n tredje part eller att unders\u00f6ka omst\u00e4ndigheter som tyder p\u00e5 olaglig aktivitet.  <\/p>\n<p>Skyldigheter att ta bort eller blockera anv\u00e4ndningen av information i enlighet med allm\u00e4n lag f\u00f6rblir op\u00e5verkade. Ansvar i detta avseende \u00e4r dock endast m\u00f6jligt fr\u00e5n tidpunkten f\u00f6r k\u00e4nnedom om en specifik lag\u00f6vertr\u00e4delse. Om vi blir medvetna om motsvarande juridiska \u00f6vertr\u00e4delser kommer vi omedelbart att ta bort detta inneh\u00e5ll.  <\/p>\n<h3>Ansvar f\u00f6r l\u00e4nkar<\/h3>\n<p>V\u00e5rt erbjudande inneh\u00e5ller l\u00e4nkar till externa tredjepartswebbplatser \u00f6ver vars inneh\u00e5ll vi inte har n\u00e5got inflytande. Vi kan d\u00e4rf\u00f6r inte ta n\u00e5got ansvar f\u00f6r detta externa inneh\u00e5ll. Respektive leverant\u00f6r eller operat\u00f6r av sidorna \u00e4r alltid ansvarig f\u00f6r inneh\u00e5llet p\u00e5 de l\u00e4nkade sidorna. De l\u00e4nkade sidorna kontrollerades f\u00f6r eventuella lag\u00f6vertr\u00e4delser vid tidpunkten f\u00f6r l\u00e4nkningen. Olagligt inneh\u00e5ll var inte uppenbart vid tidpunkten f\u00f6r l\u00e4nkningen.    <\/p>\n<p>Men permanent kontroll av inneh\u00e5llet p\u00e5 de l\u00e4nkade sidorna \u00e4r orimligt utan konkreta bevis f\u00f6r en lag\u00f6vertr\u00e4delse. Om vi blir medvetna om n\u00e5gra lag\u00f6vertr\u00e4delser kommer vi omedelbart att ta bort s\u00e5dana l\u00e4nkar. <\/p>\n<h3>Upphovsr\u00e4tt<\/h3>\n<p>Inneh\u00e5llet och verken p\u00e5 dessa sidor som skapats av webbplatsens operat\u00f6rer omfattas av tysk upphovsr\u00e4ttslagstiftning. Reproduktion, bearbetning, distribution och all form av utnyttjande utanf\u00f6r upphovsr\u00e4ttslagens gr\u00e4nser kr\u00e4ver skriftligt medgivande fr\u00e5n respektive f\u00f6rfattare eller skapare. Nedladdningar och kopior av denna sida \u00e4r endast till\u00e5tna f\u00f6r privat, icke-kommersiellt bruk.  <\/p>\n<p>Om inneh\u00e5llet p\u00e5 denna webbplats inte skapades av operat\u00f6ren, respekteras upphovsr\u00e4tten f\u00f6r tredje part. I synnerhet \u00e4r inneh\u00e5ll fr\u00e5n tredje part markerat som s\u00e5dant. Skulle du \u00e4nd\u00e5 bli medveten om ett upphovsr\u00e4ttsintr\u00e5ng ber vi dig att meddela oss detta. Om vi blir medvetna om n\u00e5gra lag\u00f6vertr\u00e4delser kommer vi omedelbart att ta bort s\u00e5dant inneh\u00e5ll.   <\/p>\n<h3>IKONER<\/h3>\n<ul>\n<li><a title=\"lotus icons\" href=\"https:\/\/www.flaticon.com\/free-icons\/lotus\" target=\"_blank\" rel=\"noopener\">Lotus icons created by Freepik - Flaticon<\/a><\/li>\n<li><a title=\"flower icons\" href=\"https:\/\/www.flaticon.com\/free-icons\/flower\" target=\"_blank\" rel=\"noopener\">Flower icons created by Icongeek26 - Flaticon<\/a><\/li>\n<li><a title=\"herbst Icons\" href=\"https:\/\/www.flaticon.com\/de\/kostenlose-icons\/herbst\" target=\"_blank\" rel=\"noopener\">Herbst Icons erstellt von Freepik - Flaticon<\/a><\/li>\n<li><a title=\"rose Icons\" href=\"https:\/\/www.flaticon.com\/de\/kostenlose-icons\/rose\" target=\"_blank\" rel=\"noopener\">Rose Icons erstellt von Smashicons - Flaticon<\/a><\/li>\n<\/ul>\n<\/div>\n<\/div><\/div><\/div><\/div><\/div><\/div>","protected":false},"excerpt":{"rendered":"<p>Avtryck Information enligt 5 \u00a7 TMG: [firmenname] [strasse] [plz-ort] [land] Kontakt: [icon name=&#8221;envelope&#8221; cls=&#8221;fa-fw&#8221;] [mail] Tvistl\u00f6sningVi \u00e4r inte villiga eller skyldiga att delta i tvistl\u00f6sningsf\u00f6rfaranden inf\u00f6r en konsumentskiljen\u00e4mnd.Lagen om alternativ tvistl\u00f6sning i konsumentfr\u00e5gor kr\u00e4ver dock att vi fortfarande h\u00e4nvisar dig till en konsumentskiljen\u00e4mnd som ansvarar f\u00f6r dig: Allm\u00e4n konsumentskiljen\u00e4mnd vidZentrum f\u00fcr Schlichtung e. v.Stra\u00dfburger Str. [&hellip;]<\/p>\n","protected":false},"author":10,"featured_media":1993,"parent":0,"menu_order":0,"comment_status":"closed","ping_status":"closed","template":"","meta":{"_acf_changed":false,"footnotes":""},"class_list":["post-7193","page","type-page","status-publish","has-post-thumbnail","hentry"],"blocksy_meta":[],"acf":[],"permalink_history":[],"_links":{"self":[{"href":"https:\/\/anikadorothea.de\/sv\/wp-json\/wp\/v2\/pages\/7193","targetHints":{"allow":["GET"]}}],"collection":[{"href":"https:\/\/anikadorothea.de\/sv\/wp-json\/wp\/v2\/pages"}],"about":[{"href":"https:\/\/anikadorothea.de\/sv\/wp-json\/wp\/v2\/types\/page"}],"author":[{"embeddable":true,"href":"https:\/\/anikadorothea.de\/sv\/wp-json\/wp\/v2\/users\/10"}],"replies":[{"embeddable":true,"href":"https:\/\/anikadorothea.de\/sv\/wp-json\/wp\/v2\/comments?post=7193"}],"version-history":[{"count":1,"href":"https:\/\/anikadorothea.de\/sv\/wp-json\/wp\/v2\/pages\/7193\/revisions"}],"predecessor-version":[{"id":7195,"href":"https:\/\/anikadorothea.de\/sv\/wp-json\/wp\/v2\/pages\/7193\/revisions\/7195"}],"wp:featuredmedia":[{"embeddable":true,"href":"https:\/\/anikadorothea.de\/sv\/wp-json\/wp\/v2\/media\/1993"}],"wp:attachment":[{"href":"https:\/\/anikadorothea.de\/sv\/wp-json\/wp\/v2\/media?parent=7193"}],"curies":[{"name":"wp","href":"https:\/\/api.w.org\/{rel}","templated":true}]}}