{"id":6283,"date":"2023-02-18T09:53:22","date_gmt":"2023-02-18T08:53:22","guid":{"rendered":"https:\/\/anikadorothea.de\/sjaelstid\/"},"modified":"2024-07-10T05:07:37","modified_gmt":"2024-07-10T03:07:37","slug":"sjaelstid","status":"publish","type":"page","link":"https:\/\/anikadorothea.de\/sv\/sjaelstid\/","title":{"rendered":"Sj\u00e4lstid"},"content":{"rendered":"<div id=\"pl-gb6283-69e389e7c77c5\"  class=\"panel-layout wp-block-siteorigin-panels-layout-block\" ><div id=\"pg-gb6283-69e389e7c77c5-0\"  class=\"panel-grid panel-no-style\" ><div id=\"pgc-gb6283-69e389e7c77c5-0-0\"  class=\"panel-grid-cell\" ><div id=\"panel-gb6283-69e389e7c77c5-0-0-0\" class=\"so-panel widget widget_sow-editor panel-first-child\" data-index=\"0\" ><div\n\t\t\t\n\t\t\tclass=\"so-widget-sow-editor so-widget-sow-editor-base\"\n\t\t\t\n\t\t>\n<div class=\"siteorigin-widget-tinymce textwidget\">\n\t<p class=\"uk-text-primary fn-small-title\" style=\"text-align: center;\">Sj\u00e4lstid<\/p>\n<p style=\"text-align: center;\">Sj\u00e4len \u00e4r k\u00e4rnan som f\u00e5r allt som finns att lysa och leva. V\u00e5r sj\u00e4l beh\u00f6vs f\u00f6r att vara vid liv och f\u00f6r att trivas p\u00e5 jorden. Det \u00e4r vi m\u00e4nniskor som f\u00f6rst\u00e5r paradiset p\u00e5 jorden &#8211; d\u00e4r separationen uppl\u00f6ses och enheten verkar i hj\u00e4rtan &#8211; f\u00f6r att modigt ta n\u00e4sta steg i en ny, ljusfylld v\u00e4rld.<\/p>\n<\/div>\n<\/div><\/div><div id=\"panel-gb6283-69e389e7c77c5-0-0-1\" class=\"so-panel widget widget_sow-image panel-last-child\" data-index=\"1\" ><div\n\t\t\t\n\t\t\tclass=\"so-widget-sow-image so-widget-sow-image-default-8b5b6f678277-6283\"\n\t\t\t\n\t\t>\n<div class=\"sow-image-container\">\n\t\t<img \n\tsrc=\"https:\/\/anikadorothea.de\/wp-content\/uploads\/2023\/03\/butterflies-g662a59756_1920.jpg\" width=\"1920\" height=\"1280\" srcset=\"https:\/\/anikadorothea.de\/wp-content\/uploads\/2023\/03\/butterflies-g662a59756_1920.jpg 1920w, https:\/\/anikadorothea.de\/wp-content\/uploads\/2023\/03\/butterflies-g662a59756_1920-300x200.jpg 300w, https:\/\/anikadorothea.de\/wp-content\/uploads\/2023\/03\/butterflies-g662a59756_1920-1024x683.jpg 1024w, https:\/\/anikadorothea.de\/wp-content\/uploads\/2023\/03\/butterflies-g662a59756_1920-768x512.jpg 768w, https:\/\/anikadorothea.de\/wp-content\/uploads\/2023\/03\/butterflies-g662a59756_1920-1536x1024.jpg 1536w\" sizes=\"(max-width: 1920px) 100vw, 1920px\" alt=\"\" \t\tclass=\"so-widget-image\"\/>\n\t<\/div>\n\n<\/div><\/div><\/div><\/div><\/div>","protected":false},"excerpt":{"rendered":"<p>Sj\u00e4lstid Sj\u00e4len \u00e4r k\u00e4rnan som f\u00e5r allt som finns att lysa och leva. V\u00e5r sj\u00e4l beh\u00f6vs f\u00f6r att vara vid liv och f\u00f6r att trivas p\u00e5 jorden. Det \u00e4r vi m\u00e4nniskor som f\u00f6rst\u00e5r paradiset p\u00e5 jorden &#8211; d\u00e4r separationen uppl\u00f6ses och enheten verkar i hj\u00e4rtan &#8211; f\u00f6r att modigt ta n\u00e4sta steg i en ny, [&hellip;]<\/p>\n","protected":false},"author":10,"featured_media":0,"parent":0,"menu_order":0,"comment_status":"closed","ping_status":"closed","template":"","meta":{"_acf_changed":false,"footnotes":""},"class_list":["post-6283","page","type-page","status-publish","hentry"],"blocksy_meta":[],"acf":[],"permalink_history":[],"_links":{"self":[{"href":"https:\/\/anikadorothea.de\/sv\/wp-json\/wp\/v2\/pages\/6283","targetHints":{"allow":["GET"]}}],"collection":[{"href":"https:\/\/anikadorothea.de\/sv\/wp-json\/wp\/v2\/pages"}],"about":[{"href":"https:\/\/anikadorothea.de\/sv\/wp-json\/wp\/v2\/types\/page"}],"author":[{"embeddable":true,"href":"https:\/\/anikadorothea.de\/sv\/wp-json\/wp\/v2\/users\/10"}],"replies":[{"embeddable":true,"href":"https:\/\/anikadorothea.de\/sv\/wp-json\/wp\/v2\/comments?post=6283"}],"version-history":[{"count":1,"href":"https:\/\/anikadorothea.de\/sv\/wp-json\/wp\/v2\/pages\/6283\/revisions"}],"predecessor-version":[{"id":6285,"href":"https:\/\/anikadorothea.de\/sv\/wp-json\/wp\/v2\/pages\/6283\/revisions\/6285"}],"wp:attachment":[{"href":"https:\/\/anikadorothea.de\/sv\/wp-json\/wp\/v2\/media?parent=6283"}],"curies":[{"name":"wp","href":"https:\/\/api.w.org\/{rel}","templated":true}]}}