{"id":7721,"date":"2026-01-27T23:32:31","date_gmt":"2026-01-27T22:32:31","guid":{"rendered":"https:\/\/anikadorothea.de\/?page_id=7721"},"modified":"2026-01-27T23:32:33","modified_gmt":"2026-01-27T22:32:33","slug":"anika-3","status":"publish","type":"page","link":"https:\/\/anikadorothea.de\/pl\/anika-3\/","title":{"rendered":"Anika"},"content":{"rendered":"<div id=\"pl-gb7721-69e3800af3ded\"  class=\"panel-layout\" ><div id=\"pg-gb7721-69e3800af3ded-0\"  class=\"panel-grid panel-no-style\" ><div id=\"pgc-gb7721-69e3800af3ded-0-0\"  class=\"panel-grid-cell\" ><div id=\"panel-gb7721-69e3800af3ded-0-0-0\" class=\"so-panel widget widget_sow-editor panel-first-child panel-last-child\" data-index=\"0\" ><div\n\t\t\t\n\t\t\tclass=\"so-widget-sow-editor so-widget-sow-editor-base\"\n\t\t\t\n\t\t>\n<div class=\"siteorigin-widget-tinymce textwidget\">\n\t<p class=\"fn-small-title uk-text-primary\" style=\"text-align: center;\">Cytaty<\/p>\n<\/div>\n<\/div><\/div><\/div><\/div><div id=\"pg-gb7721-69e3800af3ded-1\"  class=\"panel-grid panel-no-style\" ><div id=\"pgc-gb7721-69e3800af3ded-1-0\"  class=\"panel-grid-cell\" ><div id=\"panel-gb7721-69e3800af3ded-1-0-0\" class=\"so-panel widget widget_sow-editor panel-first-child\" data-index=\"1\" ><div class=\"panel-widget-style panel-widget-style-for-gb7721-69e3800af3ded-1-0-0\" ><div\n\t\t\t\n\t\t\tclass=\"so-widget-sow-editor so-widget-sow-editor-base\"\n\t\t\t\n\t\t>\n<div class=\"siteorigin-widget-tinymce textwidget\">\n\t<p class=\"uk-text-small\" style=\"text-align: center;\"><em>Jestem tutaj, aby przypomina\u0107 ludziom o bezwarunkowej mi\u0142o\u015bci.<br \/>\nTo wystarczy, aby wsp\u00f3lnie przekszta\u0142ci\u0107 gr\u0119 w co\u015b dobrego.<\/em><\/p>\n<\/div>\n<\/div><\/div><\/div><div id=\"panel-gb7721-69e3800af3ded-1-0-1\" class=\"so-panel widget widget_sow-editor\" data-index=\"2\" ><div class=\"panel-widget-style panel-widget-style-for-gb7721-69e3800af3ded-1-0-1\" ><div\n\t\t\t\n\t\t\tclass=\"so-widget-sow-editor so-widget-sow-editor-base\"\n\t\t\t\n\t\t>\n<div class=\"siteorigin-widget-tinymce textwidget\">\n\t<p class=\"uk-text-small\" style=\"text-align: center;\"><em>Wielko\u015bci i pi\u0119kna naszej duszy nie mo\u017cna pokona\u0107 ciemnymi si\u0142ami,<\/em><br \/>\n<em>poniewa\u017c w swojej pierwotnej esencji jest mi\u0142o\u015bci\u0105.<\/em><\/p>\n<\/div>\n<\/div><\/div><\/div><div id=\"panel-gb7721-69e3800af3ded-1-0-2\" class=\"so-panel widget widget_sow-editor\" data-index=\"3\" ><div class=\"panel-widget-style panel-widget-style-for-gb7721-69e3800af3ded-1-0-2\" ><div\n\t\t\t\n\t\t\tclass=\"so-widget-sow-editor so-widget-sow-editor-base\"\n\t\t\t\n\t\t>\n<div class=\"siteorigin-widget-tinymce textwidget\">\n\t<p class=\"uk-text-small\"><em>Pierwotne esencje, takie jak mi\u0142o\u015b\u0107 i pok\u00f3j, s\u0105 fragmentami do realizacji wewn\u0119trznej prawdy. S\u0105 podstawowymi elementami wybranej przez nas \u015bwietlistej przysz\u0142o\u015bci.<\/em><\/p>\n<\/div>\n<\/div><\/div><\/div><div id=\"panel-gb7721-69e3800af3ded-1-0-3\" class=\"so-panel widget widget_sow-editor\" data-index=\"4\" ><div class=\"panel-widget-style panel-widget-style-for-gb7721-69e3800af3ded-1-0-3\" ><div\n\t\t\t\n\t\t\tclass=\"so-widget-sow-editor so-widget-sow-editor-base\"\n\t\t\t\n\t\t>\n<div class=\"siteorigin-widget-tinymce textwidget\">\n\t<p class=\"uk-text-small\"><em>Ka\u017cda kom\u00f3rka naszego cia\u0142a jest \u015bwiat\u0142em. Jeste\u015bmy urodzeni, aby nada\u0107 temu s\u0142owu odpowiednie znaczenie i energi\u0119. O\u017cywiamy nasze wewn\u0119trzne \u015bwiat\u0142o nasz\u0105 okre\u015blon\u0105 obecno\u015bci\u0105.<\/em><\/p>\n<\/div>\n<\/div><\/div><\/div><div id=\"panel-gb7721-69e3800af3ded-1-0-4\" class=\"so-panel widget widget_sow-editor\" data-index=\"5\" ><div class=\"panel-widget-style panel-widget-style-for-gb7721-69e3800af3ded-1-0-4\" ><div\n\t\t\t\n\t\t\tclass=\"so-widget-sow-editor so-widget-sow-editor-base\"\n\t\t\t\n\t\t>\n<div class=\"siteorigin-widget-tinymce textwidget\">\n\t<p class=\"uk-text-small\"><em>Entwicklung wird dann offensichtlich, sobald Licht das anstrahlt, was sich in Liebe entfalten will.<\/em><\/p>\n<\/div>\n<\/div><\/div><\/div><div id=\"panel-gb7721-69e3800af3ded-1-0-5\" class=\"so-panel widget widget_sow-editor\" data-index=\"6\" ><div class=\"panel-widget-style panel-widget-style-for-gb7721-69e3800af3ded-1-0-5\" ><div\n\t\t\t\n\t\t\tclass=\"so-widget-sow-editor so-widget-sow-editor-base\"\n\t\t\t\n\t\t>\n<div class=\"siteorigin-widget-tinymce textwidget\">\n\t<p class=\"uk-text-small\" style=\"text-align: center;\"><em>Mi\u0142o\u015b\u0107 jest najsilniejsz\u0105 si\u0142\u0105. Przemieni wszystko i ka\u017cdego, kto pozwoli jej dzia\u0142a\u0107 w jej pierwotnej formie.<\/em><\/p>\n<\/div>\n<\/div><\/div><\/div><div id=\"panel-gb7721-69e3800af3ded-1-0-6\" class=\"so-panel widget widget_sow-editor\" data-index=\"7\" ><div class=\"panel-widget-style panel-widget-style-for-gb7721-69e3800af3ded-1-0-6\" ><div\n\t\t\t\n\t\t\tclass=\"so-widget-sow-editor so-widget-sow-editor-base\"\n\t\t\t\n\t\t>\n<div class=\"siteorigin-widget-tinymce textwidget\">\n\t<p class=\"uk-text-small\"><em>Wolno\u015b\u0107 rozprzestrzeni si\u0119 poprzez harmonijny rozw\u00f3j we wszystkich sercach i przekroczy granice miast, kraj\u00f3w, m\u00f3rz i kontynent\u00f3w. Wszystko\u0142\u0105cz\u0105ca si\u0142a mi\u0142o\u015bci, kt\u00f3ra pozwala rozkwita\u0107 wsp\u00f3lnej \u015bwiadomo\u015bci w ciele, umy\u015ble i duszy.<\/em><\/p>\n<\/div>\n<\/div><\/div><\/div><div id=\"panel-gb7721-69e3800af3ded-1-0-7\" class=\"so-panel widget widget_sow-editor\" data-index=\"8\" ><div class=\"panel-widget-style panel-widget-style-for-gb7721-69e3800af3ded-1-0-7\" ><div\n\t\t\t\n\t\t\tclass=\"so-widget-sow-editor so-widget-sow-editor-base\"\n\t\t\t\n\t\t>\n<div class=\"siteorigin-widget-tinymce textwidget\">\n\t<p class=\"uk-text-small\"><em>Prawda naszych wewn\u0119trznych warto\u015bci ujawnia uczucia g\u0142\u0119bokiej harmonii \u015bwiadomo\u015bci. <\/em><em>W trakcie tego procesu transformacji ciemno\u015b\u0107 sama si\u0119 rozpuszcza. <\/em><em>Ca\u0142a ciemno\u015b\u0107 i cienie staj\u0105 si\u0119 przestrzeni\u0105 do intensywniejszej widoczno\u015bci \u015bwiat\u0142a.<\/em><\/p>\n<\/div>\n<\/div><\/div><\/div><div id=\"panel-gb7721-69e3800af3ded-1-0-8\" class=\"so-panel widget widget_sow-editor\" data-index=\"9\" ><div class=\"panel-widget-style panel-widget-style-for-gb7721-69e3800af3ded-1-0-8\" ><div\n\t\t\t\n\t\t\tclass=\"so-widget-sow-editor so-widget-sow-editor-base\"\n\t\t\t\n\t\t>\n<div class=\"siteorigin-widget-tinymce textwidget\">\n\t<p class=\"uk-text-small\"><em>Ca\u0142o\u015b\u0107 sama w sobie zawiera ju\u017c optymalno\u015b\u0107, doskona\u0142o\u015b\u0107 i pi\u0119kno. Ludzko\u015b\u0107 musi jedynie stale decydowa\u0107 si\u0119 na te cechy.<\/em><\/p>\n<\/div>\n<\/div><\/div><\/div><div id=\"panel-gb7721-69e3800af3ded-1-0-9\" class=\"so-panel widget widget_sow-editor\" data-index=\"10\" ><div class=\"panel-widget-style panel-widget-style-for-gb7721-69e3800af3ded-1-0-9\" ><div\n\t\t\t\n\t\t\tclass=\"so-widget-sow-editor so-widget-sow-editor-base\"\n\t\t\t\n\t\t>\n<div class=\"siteorigin-widget-tinymce textwidget\">\n\t<p class=\"uk-text-small\"><em>D\u017awi\u0119k mi\u0142o\u015bci automatycznie prowadzi ka\u017cd\u0105 istot\u0119 na w\u0142a\u015bciwe \u015bcie\u017cki.<\/em><\/p>\n<\/div>\n<\/div><\/div><\/div><div id=\"panel-gb7721-69e3800af3ded-1-0-10\" class=\"so-panel widget widget_sow-editor\" data-index=\"11\" ><div class=\"panel-widget-style panel-widget-style-for-gb7721-69e3800af3ded-1-0-10\" ><div\n\t\t\t\n\t\t\tclass=\"so-widget-sow-editor so-widget-sow-editor-base\"\n\t\t\t\n\t\t>\n<div class=\"siteorigin-widget-tinymce textwidget\">\n\t<p class=\"uk-text-small\" style=\"text-align: center;\"><em>Nie jestem tutaj, aby odpowiada\u0107 wyobra\u017ceniom sztucznych konstrukt\u00f3w. Jestem tutaj, aby my\u015ble\u0107 prawd\u0119, czu\u0107 wolno\u015b\u0107 i \u017cy\u0107 mi\u0142o\u015bci\u0105.<\/em><\/p>\n<\/div>\n<\/div><\/div><\/div><div id=\"panel-gb7721-69e3800af3ded-1-0-11\" class=\"so-panel widget widget_sow-editor\" data-index=\"12\" ><div class=\"panel-widget-style panel-widget-style-for-gb7721-69e3800af3ded-1-0-11\" ><div\n\t\t\t\n\t\t\tclass=\"so-widget-sow-editor so-widget-sow-editor-base\"\n\t\t\t\n\t\t>\n<div class=\"siteorigin-widget-tinymce textwidget\">\n\t<p class=\"uk-text-small\"><em>Gr\u0119 \u017cycia mo\u017cna dostrzec na szerokich horyzontach.<\/em> <em>Sens to refleksja i samouprawnienie jednocze\u015bnie.<\/em><\/p>\n<\/div>\n<\/div><\/div><\/div><div id=\"panel-gb7721-69e3800af3ded-1-0-12\" class=\"so-panel widget widget_sow-editor panel-last-child\" data-index=\"13\" ><div class=\"panel-widget-style panel-widget-style-for-gb7721-69e3800af3ded-1-0-12\" ><div\n\t\t\t\n\t\t\tclass=\"so-widget-sow-editor so-widget-sow-editor-base\"\n\t\t\t\n\t\t>\n<div class=\"siteorigin-widget-tinymce textwidget\">\n\t<p class=\"uk-text-small\"><em>W naszym pierwotnym j\u0105drze szcz\u0119\u015bcie jest zaprogramowane. Je\u015bli \u015bwiadomie wybieramy naturaln\u0105, konstruktywn\u0105 dla nas matryc\u0119, automatycznie kierujemy si\u0119 ku dobru. Je\u015bli zrobi to wi\u0119kszo\u015b\u0107 ludzko\u015bci, Ziemia b\u0119dzie \u015bwieci\u0107 w swojej pierwotnej formie.<\/em><\/p>\n<\/div>\n<\/div><\/div><\/div><\/div><div id=\"pgc-gb7721-69e3800af3ded-1-1\"  class=\"panel-grid-cell\" ><div id=\"panel-gb7721-69e3800af3ded-1-1-0\" class=\"so-panel widget widget_sow-editor panel-first-child\" data-index=\"14\" ><div class=\"panel-widget-style panel-widget-style-for-gb7721-69e3800af3ded-1-1-0\" ><div\n\t\t\t\n\t\t\tclass=\"so-widget-sow-editor so-widget-sow-editor-base\"\n\t\t\t\n\t\t>\n<div class=\"siteorigin-widget-tinymce textwidget\">\n\t<p class=\"uk-text-small\" style=\"text-align: center;\"><em>Dzi\u0119ki silnej woli, mocnemu sercu i m\u0105dremu umys\u0142owi mo\u017cemy osi\u0105gn\u0105\u0107 wszystko, czego chcemy.<\/em><\/p>\n<\/div>\n<\/div><\/div><\/div><div id=\"panel-gb7721-69e3800af3ded-1-1-1\" class=\"so-panel widget widget_sow-editor\" data-index=\"15\" ><div class=\"panel-widget-style panel-widget-style-for-gb7721-69e3800af3ded-1-1-1\" ><div\n\t\t\t\n\t\t\tclass=\"so-widget-sow-editor so-widget-sow-editor-base\"\n\t\t\t\n\t\t>\n<div class=\"siteorigin-widget-tinymce textwidget\">\n\t<p class=\"uk-text-small\" style=\"text-align: center;\"><em>Naturalny rozkwit cz\u0142owieka zawsze zaczyna si\u0119 wewn\u0119trznie i objawia si\u0119 na zewn\u0105trz.<\/em><\/p>\n<\/div>\n<\/div><\/div><\/div><div id=\"panel-gb7721-69e3800af3ded-1-1-2\" class=\"so-panel widget widget_sow-editor\" data-index=\"16\" ><div class=\"panel-widget-style panel-widget-style-for-gb7721-69e3800af3ded-1-1-2\" ><div\n\t\t\t\n\t\t\tclass=\"so-widget-sow-editor so-widget-sow-editor-base\"\n\t\t\t\n\t\t>\n<div class=\"siteorigin-widget-tinymce textwidget\">\n\t<p class=\"uk-text-small\" style=\"text-align: center;\"><em>Nadchodzi moment, w kt\u00f3rym przypominasz sobie, \u017ce jeste\u015b mi\u0142o\u015bci\u0105, i \u0142\u0105czymy si\u0119 w jedno wielkie \u015bwiat\u0142o.<\/em><\/p>\n<\/div>\n<\/div><\/div><\/div><div id=\"panel-gb7721-69e3800af3ded-1-1-3\" class=\"so-panel widget widget_sow-editor\" data-index=\"17\" ><div class=\"panel-widget-style panel-widget-style-for-gb7721-69e3800af3ded-1-1-3\" ><div\n\t\t\t\n\t\t\tclass=\"so-widget-sow-editor so-widget-sow-editor-base\"\n\t\t\t\n\t\t>\n<div class=\"siteorigin-widget-tinymce textwidget\">\n\t<p class=\"uk-text-small\"><em>Delikatno\u015b\u0107 i subtelno\u015b\u0107 to dwie z wielu esencji, kt\u00f3re zawsze otrzymuj\u0105 pe\u0142ne uznanie na drodze do pokojowych \u015bwiat\u00f3w.<\/em><\/p>\n<\/div>\n<\/div><\/div><\/div><div id=\"panel-gb7721-69e3800af3ded-1-1-4\" class=\"so-panel widget widget_sow-editor\" data-index=\"18\" ><div class=\"panel-widget-style panel-widget-style-for-gb7721-69e3800af3ded-1-1-4\" ><div\n\t\t\t\n\t\t\tclass=\"so-widget-sow-editor so-widget-sow-editor-base\"\n\t\t\t\n\t\t>\n<div class=\"siteorigin-widget-tinymce textwidget\">\n\t<p class=\"uk-text-small\"><em>W tej grze nie chodzi o to, aby masa zdecydowa\u0142a si\u0119 na \u015bwiat\u0142o. Mo\u017cemy tak wzmocni\u0107 nasze w\u0142asne \u015bwiat\u0142o, \u017ce roz\u015bwietlimy ca\u0142\u0105 egzystencj\u0119. Jednak we wsp\u00f3lnocie z ludzkimi duszami, kt\u00f3re kiedy\u015b zdecydowa\u0142y si\u0119 na \u017cycie na Ziemi, mo\u017ce powsta\u0107 forma uzdrowienia, kt\u00f3ra jeszcze nie istnia\u0142a.<\/em><\/p>\n<\/div>\n<\/div><\/div><\/div><div id=\"panel-gb7721-69e3800af3ded-1-1-5\" class=\"so-panel widget widget_sow-editor\" data-index=\"19\" ><div class=\"panel-widget-style panel-widget-style-for-gb7721-69e3800af3ded-1-1-5\" ><div\n\t\t\t\n\t\t\tclass=\"so-widget-sow-editor so-widget-sow-editor-base\"\n\t\t\t\n\t\t>\n<div class=\"siteorigin-widget-tinymce textwidget\">\n\t<p class=\"uk-text-small\"><em>Ludzie nie zdecydowaliby si\u0119 na swoje istnienie \u2013 na w\u0142asne \u017cycie \u2013 gdyby od zawsze nie mogli zachwyca\u0107 si\u0119 \u015bwiatem mi\u0142o\u015bci. Potrzebowali\u015bmy niesko\u0144czonej mi\u0142o\u015bci i odwagi, aby wej\u015b\u0107 w t\u0119 gr\u0119, aby teraz nie m\u00f3c si\u0119 zdecydowa\u0107 na \u017cycie w mi\u0142o\u015bci.<\/em><\/p>\n<\/div>\n<\/div><\/div><\/div><div id=\"panel-gb7721-69e3800af3ded-1-1-6\" class=\"so-panel widget widget_sow-editor\" data-index=\"20\" ><div class=\"panel-widget-style panel-widget-style-for-gb7721-69e3800af3ded-1-1-6\" ><div\n\t\t\t\n\t\t\tclass=\"so-widget-sow-editor so-widget-sow-editor-base\"\n\t\t\t\n\t\t>\n<div class=\"siteorigin-widget-tinymce textwidget\">\n\t<p class=\"uk-text-small\"><i>Pochodzenie jest tak jasne i proste, \u017ce wi\u0119kszo\u015b\u0107 ludzi nie jest w stanie go rozszyfrowa\u0107. My, ludzie, mamy je zakorzenione w sercu i jeste\u015bmy w stanie w ka\u017cdej chwili po nie si\u0119gn\u0105\u0107. Wtedy ludzie zn\u00f3w maj\u0105 gr\u0119 w swoich r\u0119kach.<\/i><\/p>\n<\/div>\n<\/div><\/div><\/div><div id=\"panel-gb7721-69e3800af3ded-1-1-7\" class=\"so-panel widget widget_sow-editor\" data-index=\"21\" ><div class=\"panel-widget-style panel-widget-style-for-gb7721-69e3800af3ded-1-1-7\" ><div\n\t\t\t\n\t\t\tclass=\"so-widget-sow-editor so-widget-sow-editor-base\"\n\t\t\t\n\t\t>\n<div class=\"siteorigin-widget-tinymce textwidget\">\n\t<p class=\"uk-text-small\" style=\"text-align: center;\"><em>Ludzie staj\u0105 si\u0119 rodzin\u0105, gdy tylko odzyskaj\u0105 swoje w\u0142asne, prawdziwe, wewn\u0119trzne domostwo i \u015bwiadomie zdecyduj\u0105 si\u0119 na pok\u00f3j.<\/em><\/p>\n<\/div>\n<\/div><\/div><\/div><div id=\"panel-gb7721-69e3800af3ded-1-1-8\" class=\"so-panel widget widget_sow-editor\" data-index=\"22\" ><div class=\"panel-widget-style panel-widget-style-for-gb7721-69e3800af3ded-1-1-8\" ><div\n\t\t\t\n\t\t\tclass=\"so-widget-sow-editor so-widget-sow-editor-base\"\n\t\t\t\n\t\t>\n<div class=\"siteorigin-widget-tinymce textwidget\">\n\t<p class=\"uk-text-small\" style=\"text-align: left;\"><i>W czystej energii nie ma znaczenia dokonywanie cud\u00f3w. Bo ju\u017c jest wszystko, czego potrzeba, aby \u017cy\u0107 tym, na co kiedy\u015b si\u0119 zdecydowali\u015bmy. <\/i><i>A jednak wszystko, co tworzymy, jest cudem.<\/i><\/p>\n<\/div>\n<\/div><\/div><\/div><div id=\"panel-gb7721-69e3800af3ded-1-1-9\" class=\"so-panel widget widget_sow-editor\" data-index=\"23\" ><div class=\"panel-widget-style panel-widget-style-for-gb7721-69e3800af3ded-1-1-9\" ><div\n\t\t\t\n\t\t\tclass=\"so-widget-sow-editor so-widget-sow-editor-base\"\n\t\t\t\n\t\t>\n<div class=\"siteorigin-widget-tinymce textwidget\">\n\t<p class=\"uk-text-small\"><i>Skok ewolucyjny to zawsze co\u015b, do czego ludzko\u015b\u0107 przygotowuje si\u0119 wsp\u00f3lnie, aby m\u00f3c go wsp\u00f3lnie osi\u0105gn\u0105\u0107.<\/i><\/p>\n<\/div>\n<\/div><\/div><\/div><div id=\"panel-gb7721-69e3800af3ded-1-1-10\" class=\"so-panel widget widget_sow-editor\" data-index=\"24\" ><div class=\"panel-widget-style panel-widget-style-for-gb7721-69e3800af3ded-1-1-10\" ><div\n\t\t\t\n\t\t\tclass=\"so-widget-sow-editor so-widget-sow-editor-base\"\n\t\t\t\n\t\t>\n<div class=\"siteorigin-widget-tinymce textwidget\">\n\t<p class=\"p1 uk-text-small\" style=\"text-align: left;\"><em><span class=\"s1\">Cz\u0142owiek sam w sobie jest czyst\u0105 kreatywno\u015bci\u0105. Dzi\u0119ki swoim w\u0142asnym wewn\u0119trznym podstawom mo\u017ce w ka\u017c dej chwili stworzy\u0107 w\u0142asny kreatywny \u015bwiat.<\/span><\/em><\/p>\n<\/div>\n<\/div><\/div><\/div><div id=\"panel-gb7721-69e3800af3ded-1-1-11\" class=\"so-panel widget widget_sow-editor\" data-index=\"25\" ><div class=\"panel-widget-style panel-widget-style-for-gb7721-69e3800af3ded-1-1-11\" ><div\n\t\t\t\n\t\t\tclass=\"so-widget-sow-editor so-widget-sow-editor-base\"\n\t\t\t\n\t\t>\n<div class=\"siteorigin-widget-tinymce textwidget\">\n\t<p class=\"uk-text-small\" style=\"text-align: center;\"><i>Mi\u0142o\u015b\u0107 jest inteligencj\u0105, kt\u00f3ra stale si\u0119 przekszta\u0142ca i znajduje drog\u0119 do wewn\u0119trznej i zewn\u0119trznej wolno\u015bci.<\/i><\/p>\n<\/div>\n<\/div><\/div><\/div><div id=\"panel-gb7721-69e3800af3ded-1-1-12\" class=\"so-panel widget widget_sow-editor\" data-index=\"26\" ><div class=\"panel-widget-style panel-widget-style-for-gb7721-69e3800af3ded-1-1-12\" ><div\n\t\t\t\n\t\t\tclass=\"so-widget-sow-editor so-widget-sow-editor-base\"\n\t\t\t\n\t\t>\n<div class=\"siteorigin-widget-tinymce textwidget\">\n\t<p class=\"uk-text-small\"><em>Odwaga jest w ka\u017cdym z nas. Inaczej nie byliby\u015bmy tym, kim i gdzie jeste\u015bmy. T\u0119 odwag\u0119 mo\u017cemy wzi\u0105\u0107, ponownie aktywowa\u0107 i wci\u0105\u017c na nowo m\u00f3wi\u0107 \u201eTak\u201c dla siebie, aby wnie\u015b\u0107 co\u015b NAPRAWD\u0118 \u015aWIETLISTEGO na Ziemi\u0119.<\/em><\/p>\n<\/div>\n<\/div><\/div><\/div><div id=\"panel-gb7721-69e3800af3ded-1-1-13\" class=\"so-panel widget widget_sow-editor panel-last-child\" data-index=\"27\" ><div class=\"panel-widget-style panel-widget-style-for-gb7721-69e3800af3ded-1-1-13\" ><div\n\t\t\t\n\t\t\tclass=\"so-widget-sow-editor so-widget-sow-editor-base\"\n\t\t\t\n\t\t>\n<div class=\"siteorigin-widget-tinymce textwidget\">\n\t<p class=\"uk-text-small\" style=\"font-weight: 400;\"><em>Nie potrzeba wszystkich ludzi, aby poprzez pe\u0142ne mi\u0142o\u015bci skoki kwantowe osi\u0105gn\u0105\u0107 kolejne etapy skoku ewolucyjnego. Jeden cz\u0142owiek mo\u017ce do\u015bwiadczy\u0107 wzniesienia z Ziemi\u0105 lub zrobi\u0107 to kilku, kt\u00f3rzy jednocz\u0105 si\u0119 w Duchu \u015awiat\u0142a. Ludzie, kt\u00f3rzy s\u0105 zgodni w sercu. <i>Zjednoczeni w duchu, nikt nie mo\u017ce zaszkodzi\u0107 ludzko\u015bci.<\/i><\/em><\/p>\n<\/div>\n<\/div><\/div><\/div><\/div><\/div><\/div>","protected":false},"excerpt":{"rendered":"<p>Cytaty Jestem tutaj, aby przypomina\u0107 ludziom o bezwarunkowej mi\u0142o\u015bci. To wystarczy, aby wsp\u00f3lnie przekszta\u0142ci\u0107 gr\u0119 w co\u015b dobrego. Wielko\u015bci i pi\u0119kna naszej duszy nie mo\u017cna pokona\u0107 ciemnymi si\u0142ami, poniewa\u017c w swojej pierwotnej esencji jest mi\u0142o\u015bci\u0105. Pierwotne esencje, takie jak mi\u0142o\u015b\u0107 i pok\u00f3j, s\u0105 fragmentami do realizacji wewn\u0119trznej prawdy. S\u0105 podstawowymi elementami wybranej przez nas \u015bwietlistej [&hellip;]<\/p>\n","protected":false},"author":11,"featured_media":7656,"parent":0,"menu_order":0,"comment_status":"closed","ping_status":"closed","template":"","meta":{"_acf_changed":false,"footnotes":""},"class_list":["post-7721","page","type-page","status-publish","has-post-thumbnail","hentry"],"blocksy_meta":[],"acf":[],"permalink_history":[],"_links":{"self":[{"href":"https:\/\/anikadorothea.de\/pl\/wp-json\/wp\/v2\/pages\/7721","targetHints":{"allow":["GET"]}}],"collection":[{"href":"https:\/\/anikadorothea.de\/pl\/wp-json\/wp\/v2\/pages"}],"about":[{"href":"https:\/\/anikadorothea.de\/pl\/wp-json\/wp\/v2\/types\/page"}],"author":[{"embeddable":true,"href":"https:\/\/anikadorothea.de\/pl\/wp-json\/wp\/v2\/users\/11"}],"replies":[{"embeddable":true,"href":"https:\/\/anikadorothea.de\/pl\/wp-json\/wp\/v2\/comments?post=7721"}],"version-history":[{"count":1,"href":"https:\/\/anikadorothea.de\/pl\/wp-json\/wp\/v2\/pages\/7721\/revisions"}],"predecessor-version":[{"id":7732,"href":"https:\/\/anikadorothea.de\/pl\/wp-json\/wp\/v2\/pages\/7721\/revisions\/7732"}],"wp:featuredmedia":[{"embeddable":true,"href":"https:\/\/anikadorothea.de\/pl\/wp-json\/wp\/v2\/media\/7656"}],"wp:attachment":[{"href":"https:\/\/anikadorothea.de\/pl\/wp-json\/wp\/v2\/media?parent=7721"}],"curies":[{"name":"wp","href":"https:\/\/api.w.org\/{rel}","templated":true}]}}