{"id":6231,"date":"2019-06-25T17:56:20","date_gmt":"2019-06-25T15:56:20","guid":{"rendered":"https:\/\/anikadorothea.de\/kontakt\/"},"modified":"2024-07-09T18:45:38","modified_gmt":"2024-07-09T16:45:38","slug":"kontakt","status":"publish","type":"page","link":"https:\/\/anikadorothea.de\/pl\/kontakt\/","title":{"rendered":"Kontakt"},"content":{"rendered":"<div id=\"pl-6231\"  class=\"panel-layout\" ><div id=\"pg-6231-0\"  class=\"panel-grid panel-has-style\" ><div class=\"fn-background-primary-right panel-row-style panel-row-style-for-6231-0\" ><div id=\"pgc-6231-0-0\"  class=\"panel-grid-cell\" ><div id=\"panel-6231-0-0-0\" class=\"so-panel widget widget_sow-editor panel-first-child panel-last-child\" data-index=\"0\" ><div\n\t\t\t\n\t\t\tclass=\"so-widget-sow-editor so-widget-sow-editor-base\"\n\t\t\t\n\t\t>\n<div class=\"siteorigin-widget-tinymce textwidget\">\n\t<h5 style=\"text-align: center;\"><\/h5>\n<h4>Pytania i wnioski dotycz\u0105ce projektu - Seelenzeit - prosimy przesy\u0142a\u0107 na ten adres e-mail:<br \/>\n&#115;&#x6f;&#x75;l&#116;&#x69;m&#101;&#x40;&#x61;n&#105;&#x6b;a&#100;&#x6f;&#x72;o&#116;&#x68;e&#97;&#x2e;&#x64;&#101;<\/h4>\n<h4>Wszystkie pozosta\u0142e kwestie prosimy kierowa\u0107 na:<br \/>\n&#107;&#x6f;&#x6e;&#116;&#x61;&#x6b;t&#x40;&#x61;n&#105;&#x6b;a&#100;&#x6f;r&#111;&#x74;h&#101;&#x61;&#46;&#100;&#x65;<\/h4>\n<h4 style=\"text-align: center;\">Cieszymy si\u0119 na Twoj\u0105 wiadomo\u015b\u0107!<\/h4>\n<\/div>\n<\/div><\/div><\/div><div id=\"pgc-6231-0-1\"  class=\"panel-grid-cell\" ><div class=\"uk-padding panel-cell-style panel-cell-style-for-6231-0-1\" ><div id=\"panel-6231-0-1-0\" class=\"so-panel widget widget_sow-editor panel-first-child panel-last-child\" data-index=\"1\" ><div class=\"uk-background-default uk-padding uk-box-shadow-medium panel-widget-style panel-widget-style-for-6231-0-1-0\" ><div\n\t\t\t\n\t\t\tclass=\"so-widget-sow-editor so-widget-sow-editor-base\"\n\t\t\t\n\t\t>\n<div class=\"siteorigin-widget-tinymce textwidget\">\n\t<p>[contact-form-7 id=\"10\" title=\"Kontakt\"]<\/p>\n<\/div>\n<\/div><\/div><\/div><\/div><\/div><\/div><\/div><\/div>","protected":false},"excerpt":{"rendered":"<p>Pytania i wnioski dotycz\u0105ce projektu &#8211; Seelenzeit &#8211; prosimy przesy\u0142a\u0107 na ten adres e-mail: &#115;&#x6f;&#x75;l&#116;&#x69;m&#101;&#x40;&#x61;&#110;&#x69;&#x6b;a&#100;&#x6f;r&#111;&#x74;&#x68;&#101;&#x61;&#x2e;d&#101; Wszystkie pozosta\u0142e kwestie prosimy kierowa\u0107 na: &#x6b;&#x6f;&#x6e;&#x74;&#x61;&#x6b;&#x74;&#x40;&#97;&#110;&#105;&#107;&#97;&#100;&#111;roth&#x65;&#x61;&#x2e;&#x64;&#x65; Cieszymy si\u0119 na Twoj\u0105 wiadomo\u015b\u0107! [contact-form-7 id=&#8221;10&#8243; title=&#8221;Kontakt&#8221;]<\/p>\n","protected":false},"author":10,"featured_media":2973,"parent":0,"menu_order":0,"comment_status":"closed","ping_status":"closed","template":"","meta":{"_acf_changed":false,"footnotes":""},"class_list":["post-6231","page","type-page","status-publish","has-post-thumbnail","hentry"],"blocksy_meta":[],"acf":[],"permalink_history":[],"_links":{"self":[{"href":"https:\/\/anikadorothea.de\/pl\/wp-json\/wp\/v2\/pages\/6231","targetHints":{"allow":["GET"]}}],"collection":[{"href":"https:\/\/anikadorothea.de\/pl\/wp-json\/wp\/v2\/pages"}],"about":[{"href":"https:\/\/anikadorothea.de\/pl\/wp-json\/wp\/v2\/types\/page"}],"author":[{"embeddable":true,"href":"https:\/\/anikadorothea.de\/pl\/wp-json\/wp\/v2\/users\/10"}],"replies":[{"embeddable":true,"href":"https:\/\/anikadorothea.de\/pl\/wp-json\/wp\/v2\/comments?post=6231"}],"version-history":[{"count":1,"href":"https:\/\/anikadorothea.de\/pl\/wp-json\/wp\/v2\/pages\/6231\/revisions"}],"predecessor-version":[{"id":6239,"href":"https:\/\/anikadorothea.de\/pl\/wp-json\/wp\/v2\/pages\/6231\/revisions\/6239"}],"wp:featuredmedia":[{"embeddable":true,"href":"https:\/\/anikadorothea.de\/pl\/wp-json\/wp\/v2\/media\/2973"}],"wp:attachment":[{"href":"https:\/\/anikadorothea.de\/pl\/wp-json\/wp\/v2\/media?parent=6231"}],"curies":[{"name":"wp","href":"https:\/\/api.w.org\/{rel}","templated":true}]}}