{"id":6164,"date":"2019-06-25T17:40:35","date_gmt":"2019-06-25T15:40:35","guid":{"rendered":"https:\/\/anikadorothea.de\/impressum\/"},"modified":"2024-07-09T12:23:49","modified_gmt":"2024-07-09T10:23:49","slug":"impressum","status":"publish","type":"page","link":"https:\/\/anikadorothea.de\/pl\/impressum\/","title":{"rendered":"Impressum"},"content":{"rendered":"<div id=\"pl-6164\"  class=\"panel-layout\" ><div id=\"pg-6164-0\"  class=\"panel-grid panel-has-style\" ><div class=\"uk-background-muted uk-padding-large panel-row-style panel-row-style-for-6164-0\" ><div id=\"pgc-6164-0-0\"  class=\"panel-grid-cell\" ><div id=\"panel-6164-0-0-0\" class=\"so-panel widget widget_sow-editor panel-first-child panel-last-child\" data-index=\"0\" ><div\n\t\t\t\n\t\t\tclass=\"so-widget-sow-editor so-widget-sow-editor-base\"\n\t\t\t\n\t\t>\n<div class=\"siteorigin-widget-tinymce textwidget\">\n\t<h1>Impressum<\/h1>\n<p class=\"kap\">INFORMACJE ZGODNIE Z \u00a7 5 TMG:<\/p>\n<p>[firmenname]<br \/>\n[strasse]<br \/>\n[plz-ort]<br \/>\n[land]<\/p>\n<p><strong>Kontakt:<\/strong><br \/>\n[icon name=\"envelope\" cls=\"fa-fw\"] [mail]<\/p>\n<p><strong>Rozstrzyganie spor\u00f3w<\/strong><br \/>\nNie jeste\u015bmy gotowi ani zobowi\u0105zani do udzia\u0142u w procedurach rozstrzygania spor\u00f3w przed konsumenck\u0105 komisj\u0105 arbitra\u017cow\u0105.<br \/>\nUstawa o alternatywnym rozstrzyganiu spor\u00f3w konsumenckich wymaga jednak, aby\u015bmy wskazali Pa\u0144stwu w\u0142a\u015bciw\u0105 konsumenck\u0105 komisj\u0119 arbitra\u017cow\u0105:<\/p>\n<p>Allgemeine Verbraucherschlichtungsstelle des Zentrums f\u00fcr Schlichtung e. V.<br \/>\nStra\u00dfburger Str. 8<br \/>\n77694 Kehl<br \/>\nInternet: <a href=\"https:\/\/www.verbraucher-schlichter.de\/\" target=\"_blank\" rel=\"noopener\">www.verbraucher-schlichter.de<\/a><\/p>\n<h3>Odpowiedzialno\u015b\u0107 za tre\u015bci<\/h3>\n<p>Jako us\u0142ugodawca, zgodnie z \u00a7 7 ust.1 TMG, jeste\u015bmy odpowiedzialni za w\u0142asne tre\u015bci na tych stronach zgodnie z og\u00f3lnymi przepisami prawa. Zgodnie z \u00a7\u00a7 8 do 10 TMG nie jeste\u015bmy jednak zobowi\u0105zani do monitorowania przekazywanych lub przechowywanych obcych informacji ani do badania okoliczno\u015bci wskazuj\u0105cych na nielegaln\u0105 dzia\u0142alno\u015b\u0107.<\/p>\n<p>Zobowi\u0105zania do usuni\u0119cia lub zablokowania wykorzystania informacji zgodnie z og\u00f3lnymi przepisami pozostaj\u0105 nienaruszone. Odpowiedzialno\u015b\u0107 w tym zakresie jest jednak mo\u017cliwa dopiero od momentu uzyskania wiedzy o konkretnym naruszeniu prawa. Po uzyskaniu informacji o odpowiednich naruszeniach prawa, natychmiast usuniemy te tre\u015bci.<\/p>\n<h3>Odpowiedzialno\u015b\u0107 za linki<\/h3>\n<p>Nasza oferta zawiera linki do zewn\u0119trznych stron internetowych os\u00f3b trzecich, na kt\u00f3rych tre\u015bci nie mamy wp\u0142ywu. Dlatego te\u017c nie mo\u017cemy przej\u0105\u0107 odpowiedzialno\u015bci za te obce tre\u015bci. Za tre\u015bci stron, do kt\u00f3rych prowadz\u0105 linki, zawsze odpowiada odpowiedni dostawca lub operator stron. Strony, do kt\u00f3rych prowadz\u0105 linki, zosta\u0142y sprawdzone pod k\u0105tem mo\u017cliwych narusze\u0144 prawa w momencie tworzenia link\u00f3w. Nielegalne tre\u015bci nie by\u0142y rozpoznawalne w momencie tworzenia link\u00f3w.<\/p>\n<p>Sta\u0142a kontrola tre\u015bci stron, do kt\u00f3rych prowadz\u0105 linki, jest jednak nieuzasadniona bez konkretnych wskaz\u00f3wek dotycz\u0105cych naruszenia prawa. Po uzyskaniu informacji o naruszeniach prawa, natychmiast usuniemy takie linki.<\/p>\n<h3>Prawo autorskie<\/h3>\n<p>Tre\u015bci i dzie\u0142a stworzone przez operator\u00f3w stron podlegaj\u0105 niemieckiemu prawu autorskiemu. Powielanie, edycja, dystrybucja i ka\u017cdy rodzaj wykorzystania poza granicami prawa autorskiego wymagaj\u0105 pisemnej zgody odpowiedniego autora lub tw\u00f3rcy. Pobieranie plik\u00f3w i kopie z tej strony s\u0105 dozwolone tylko do u\u017cytku prywatnego, niekomercyjnego.<\/p>\n<p>Je\u015bli tre\u015bci na tej stronie nie zosta\u0142y stworzone przez operatora, b\u0119d\u0105 przestrzegane prawa autorskie os\u00f3b trzecich. W szczeg\u00f3lno\u015bci tre\u015bci os\u00f3b trzecich b\u0119d\u0105 oznaczone jako takie. Je\u015bli jednak zauwa\u017cysz naruszenie praw autorskich, prosimy o odpowiedni\u0105 informacj\u0119. Po uzyskaniu informacji o naruszeniach prawa, natychmiast usuniemy takie tre\u015bci.<\/p>\n<h3>ICONS<\/h3>\n<ul>\n<li><a title=\"lotus icons\" href=\"https:\/\/www.flaticon.com\/free-icons\/lotus\" target=\"_blank\" rel=\"noopener\">Lotus icons created by Freepik - Flaticon<\/a><\/li>\n<li><a title=\"flower icons\" href=\"https:\/\/www.flaticon.com\/free-icons\/flower\" target=\"_blank\" rel=\"noopener\">Flower icons created by Icongeek26 - Flaticon<\/a><\/li>\n<li><a title=\"herbst Icons\" href=\"https:\/\/www.flaticon.com\/de\/kostenlose-icons\/herbst\" target=\"_blank\" rel=\"noopener\">Herbst Icons erstellt von Freepik - Flaticon<\/a><\/li>\n<li><a title=\"rose Icons\" href=\"https:\/\/www.flaticon.com\/de\/kostenlose-icons\/rose\" target=\"_blank\" rel=\"noopener\">Rose Icons erstellt von Smashicons - Flaticon<\/a><\/li>\n<\/ul>\n<\/div>\n<\/div><\/div><\/div><\/div><\/div><\/div>","protected":false},"excerpt":{"rendered":"<p>Impressum INFORMACJE ZGODNIE Z \u00a7 5 TMG: [firmenname] [strasse] [plz-ort] [land] Kontakt: [icon name=&#8221;envelope&#8221; cls=&#8221;fa-fw&#8221;] [mail] Rozstrzyganie spor\u00f3w Nie jeste\u015bmy gotowi ani zobowi\u0105zani do udzia\u0142u w procedurach rozstrzygania spor\u00f3w przed konsumenck\u0105 komisj\u0105 arbitra\u017cow\u0105. Ustawa o alternatywnym rozstrzyganiu spor\u00f3w konsumenckich wymaga jednak, aby\u015bmy wskazali Pa\u0144stwu w\u0142a\u015bciw\u0105 konsumenck\u0105 komisj\u0119 arbitra\u017cow\u0105: Allgemeine Verbraucherschlichtungsstelle des Zentrums f\u00fcr Schlichtung e. [&hellip;]<\/p>\n","protected":false},"author":10,"featured_media":2980,"parent":0,"menu_order":0,"comment_status":"closed","ping_status":"closed","template":"","meta":{"_acf_changed":false,"footnotes":""},"class_list":["post-6164","page","type-page","status-publish","has-post-thumbnail","hentry"],"blocksy_meta":[],"acf":[],"permalink_history":[],"_links":{"self":[{"href":"https:\/\/anikadorothea.de\/pl\/wp-json\/wp\/v2\/pages\/6164","targetHints":{"allow":["GET"]}}],"collection":[{"href":"https:\/\/anikadorothea.de\/pl\/wp-json\/wp\/v2\/pages"}],"about":[{"href":"https:\/\/anikadorothea.de\/pl\/wp-json\/wp\/v2\/types\/page"}],"author":[{"embeddable":true,"href":"https:\/\/anikadorothea.de\/pl\/wp-json\/wp\/v2\/users\/10"}],"replies":[{"embeddable":true,"href":"https:\/\/anikadorothea.de\/pl\/wp-json\/wp\/v2\/comments?post=6164"}],"version-history":[{"count":1,"href":"https:\/\/anikadorothea.de\/pl\/wp-json\/wp\/v2\/pages\/6164\/revisions"}],"predecessor-version":[{"id":6166,"href":"https:\/\/anikadorothea.de\/pl\/wp-json\/wp\/v2\/pages\/6164\/revisions\/6166"}],"wp:featuredmedia":[{"embeddable":true,"href":"https:\/\/anikadorothea.de\/pl\/wp-json\/wp\/v2\/media\/2980"}],"wp:attachment":[{"href":"https:\/\/anikadorothea.de\/pl\/wp-json\/wp\/v2\/media?parent=6164"}],"curies":[{"name":"wp","href":"https:\/\/api.w.org\/{rel}","templated":true}]}}