{"id":5555,"date":"2023-02-18T09:53:22","date_gmt":"2023-02-18T08:53:22","guid":{"rendered":"https:\/\/anikadorothea.de\/czas-duszy\/"},"modified":"2024-06-23T11:16:05","modified_gmt":"2024-06-23T09:16:05","slug":"czas-duszy","status":"publish","type":"page","link":"https:\/\/anikadorothea.de\/pl\/czas-duszy\/","title":{"rendered":"Czas duszy"},"content":{"rendered":"<div id=\"pl-gb5555-69e3820551a8d\"  class=\"panel-layout wp-block-siteorigin-panels-layout-block\" ><div id=\"pg-gb5555-69e3820551a8d-0\"  class=\"panel-grid panel-no-style\" ><div id=\"pgc-gb5555-69e3820551a8d-0-0\"  class=\"panel-grid-cell\" ><div id=\"panel-gb5555-69e3820551a8d-0-0-0\" class=\"so-panel widget widget_sow-editor panel-first-child\" data-index=\"0\" ><div\n\t\t\t\n\t\t\tclass=\"so-widget-sow-editor so-widget-sow-editor-base\"\n\t\t\t\n\t\t>\n<div class=\"siteorigin-widget-tinymce textwidget\">\n\t<p class=\"uk-text-primary fn-small-title\" style=\"text-align: center;\">Czas duszy<\/p>\n<p style=\"text-align: center;\">Dusza jest rdzeniem, kt\u00f3ry sprawia, \u017ce wszystko istniej\u0105ce \u015bwieci i \u017cyje. Potrzebujemy naszej duszy, aby by\u0107 \u017cywym i czu\u0107 si\u0119 dobrze na Ziemi. To my, ludzie, rozumiemy raj na Ziemi \u2013 gdzie rozdzielenie si\u0119 rozpuszcza, a jedno\u015b\u0107 dzia\u0142a w sercach \u2013 aby odwa\u017cnie stawi\u0107 czo\u0142a kolejnym etapom nowego, \u015bwietlistego \u015bwiata.<\/p>\n<\/div>\n<\/div><\/div><div id=\"panel-gb5555-69e3820551a8d-0-0-1\" class=\"so-panel widget widget_sow-image panel-last-child\" data-index=\"1\" ><div\n\t\t\t\n\t\t\tclass=\"so-widget-sow-image so-widget-sow-image-default-8b5b6f678277-5555\"\n\t\t\t\n\t\t>\n<div class=\"sow-image-container\">\n\t\t<img \n\tsrc=\"https:\/\/anikadorothea.de\/wp-content\/uploads\/2023\/03\/butterflies-g662a59756_1920.jpg\" width=\"1920\" height=\"1280\" srcset=\"https:\/\/anikadorothea.de\/wp-content\/uploads\/2023\/03\/butterflies-g662a59756_1920.jpg 1920w, https:\/\/anikadorothea.de\/wp-content\/uploads\/2023\/03\/butterflies-g662a59756_1920-300x200.jpg 300w, https:\/\/anikadorothea.de\/wp-content\/uploads\/2023\/03\/butterflies-g662a59756_1920-1024x683.jpg 1024w, https:\/\/anikadorothea.de\/wp-content\/uploads\/2023\/03\/butterflies-g662a59756_1920-768x512.jpg 768w, https:\/\/anikadorothea.de\/wp-content\/uploads\/2023\/03\/butterflies-g662a59756_1920-1536x1024.jpg 1536w\" sizes=\"(max-width: 1920px) 100vw, 1920px\" alt=\"\" \t\tclass=\"so-widget-image\"\/>\n\t<\/div>\n\n<\/div><\/div><\/div><\/div><\/div>","protected":false},"excerpt":{"rendered":"<p>Czas duszy Dusza jest rdzeniem, kt\u00f3ry sprawia, \u017ce wszystko istniej\u0105ce \u015bwieci i \u017cyje. Potrzebujemy naszej duszy, aby by\u0107 \u017cywym i czu\u0107 si\u0119 dobrze na Ziemi. To my, ludzie, rozumiemy raj na Ziemi \u2013 gdzie rozdzielenie si\u0119 rozpuszcza, a jedno\u015b\u0107 dzia\u0142a w sercach \u2013 aby odwa\u017cnie stawi\u0107 czo\u0142a kolejnym etapom nowego, \u015bwietlistego \u015bwiata.<\/p>\n","protected":false},"author":10,"featured_media":0,"parent":0,"menu_order":0,"comment_status":"closed","ping_status":"closed","template":"","meta":{"_acf_changed":false,"footnotes":""},"class_list":["post-5555","page","type-page","status-publish","hentry"],"blocksy_meta":[],"acf":[],"permalink_history":[],"_links":{"self":[{"href":"https:\/\/anikadorothea.de\/pl\/wp-json\/wp\/v2\/pages\/5555","targetHints":{"allow":["GET"]}}],"collection":[{"href":"https:\/\/anikadorothea.de\/pl\/wp-json\/wp\/v2\/pages"}],"about":[{"href":"https:\/\/anikadorothea.de\/pl\/wp-json\/wp\/v2\/types\/page"}],"author":[{"embeddable":true,"href":"https:\/\/anikadorothea.de\/pl\/wp-json\/wp\/v2\/users\/10"}],"replies":[{"embeddable":true,"href":"https:\/\/anikadorothea.de\/pl\/wp-json\/wp\/v2\/comments?post=5555"}],"version-history":[{"count":1,"href":"https:\/\/anikadorothea.de\/pl\/wp-json\/wp\/v2\/pages\/5555\/revisions"}],"predecessor-version":[{"id":5557,"href":"https:\/\/anikadorothea.de\/pl\/wp-json\/wp\/v2\/pages\/5555\/revisions\/5557"}],"wp:attachment":[{"href":"https:\/\/anikadorothea.de\/pl\/wp-json\/wp\/v2\/media?parent=5555"}],"curies":[{"name":"wp","href":"https:\/\/api.w.org\/{rel}","templated":true}]}}