{"id":5546,"date":"2022-11-07T15:52:36","date_gmt":"2022-11-07T14:52:36","guid":{"rendered":"https:\/\/anikadorothea.de\/projekty\/"},"modified":"2024-09-20T20:42:05","modified_gmt":"2024-09-20T18:42:05","slug":"projekty","status":"publish","type":"page","link":"https:\/\/anikadorothea.de\/pl\/projekty\/","title":{"rendered":"Projekty"},"content":{"rendered":"<div id=\"pl-gb5546-69e382044b81f\"  class=\"panel-layout\" ><div id=\"pg-gb5546-69e382044b81f-0\"  class=\"panel-grid panel-no-style\" ><div id=\"pgc-gb5546-69e382044b81f-0-0\"  class=\"panel-grid-cell panel-grid-cell-empty\" ><\/div><div id=\"pgc-gb5546-69e382044b81f-0-1\"  class=\"panel-grid-cell panel-grid-cell-mobile-last\" ><div id=\"panel-gb5546-69e382044b81f-0-1-0\" class=\"so-panel widget widget_sow-editor panel-first-child panel-last-child\" data-index=\"0\" ><div\n\t\t\t\n\t\t\tclass=\"so-widget-sow-editor so-widget-sow-editor-base\"\n\t\t\t\n\t\t>\n<div class=\"siteorigin-widget-tinymce textwidget\">\n\t<blockquote class=\"fn-blockquote\">\n<p style=\"text-align: center;\">\u201eMy, ludzie, jeste\u015bmy cudami!\u201d<\/p>\n<\/blockquote>\n<\/div>\n<\/div><\/div><\/div><div id=\"pgc-gb5546-69e382044b81f-0-2\"  class=\"panel-grid-cell panel-grid-cell-empty\" ><\/div><\/div><div id=\"pg-gb5546-69e382044b81f-1\"  class=\"panel-grid panel-has-style\" ><div class=\"fn-background-primary-right siteorigin-panels-stretch panel-row-style panel-row-style-for-gb5546-69e382044b81f-1\" data-stretch-type=\"full\" ><div id=\"pgc-gb5546-69e382044b81f-1-0\"  class=\"panel-grid-cell\" ><div id=\"panel-gb5546-69e382044b81f-1-0-0\" class=\"so-panel widget widget_sow-editor panel-first-child panel-last-child\" data-index=\"1\" ><div\n\t\t\t\n\t\t\tclass=\"so-widget-sow-editor so-widget-sow-editor-base\"\n\t\t\t\n\t\t>\n<div class=\"siteorigin-widget-tinymce textwidget\">\n\t<p class=\"fn-small-title\">Rzeczywisto\u015b\u0107<\/p>\n<h1>R\u00f3\u017cne rzeczywisto\u015bci w jednym \u015bwiecie<\/h1>\n<p>Ka\u017cdy z nas tworzy swoj\u0105 w\u0142asn\u0105 rzeczywisto\u015b\u0107. R\u00f3\u017cnorodno\u015b\u0107 rzeczywisto\u015bci to co\u015b, co czyni \u017cycie tak wyj\u0105tkowym. Jeste\u015bmy stworzeni do \u017cycia w pokoju jako ludzko\u015b\u0107, niezale\u017cnie od tych r\u00f3\u017cnych rzeczywisto\u015bci. To, co my, ludzie, powinni\u015bmy zrozumie\u0107, to fakt, \u017ce Ziemia sama w sobie jest rajem.<\/p>\n<p>To my jeste\u015bmy tymi, kt\u00f3rzy powinni to po prostu rozpozna\u0107, \u017cy\u0107 tym i cieszy\u0107 si\u0119 tym. Zjednoczeni w duchu, jest to \u0142atwe. Sztuk\u0105 jest uczynienie z tej r\u00f3\u017cnorodno\u015bci jedno\u015bci w prawdzie, mi\u0142o\u015bci i wolno\u015bci. Naszym powo\u0142aniem jest to zrobi\u0107\u2026 po prostu musimy \u015bwiadomie i jasno powiedzie\u0107 \u201etak\u201d cz\u0142owiecze\u0144stwu.<\/p>\n<\/div>\n<\/div><\/div><\/div><div id=\"pgc-gb5546-69e382044b81f-1-1\"  class=\"panel-grid-cell\" ><div id=\"panel-gb5546-69e382044b81f-1-1-0\" class=\"so-panel widget widget_sow-image panel-first-child panel-last-child\" data-index=\"2\" ><div class=\"uk-padding fn-padding-remove panel-widget-style panel-widget-style-for-gb5546-69e382044b81f-1-1-0\" ><div\n\t\t\t\n\t\t\tclass=\"so-widget-sow-image so-widget-sow-image-default-8b5b6f678277-5546\"\n\t\t\t\n\t\t>\n<div class=\"sow-image-container\">\n\t\t<img \n\tsrc=\"https:\/\/anikadorothea.de\/wp-content\/uploads\/2022\/12\/dandelion-seeds-768x512.jpg\" width=\"768\" height=\"512\" srcset=\"https:\/\/anikadorothea.de\/wp-content\/uploads\/2022\/12\/dandelion-seeds-768x512.jpg 768w, https:\/\/anikadorothea.de\/wp-content\/uploads\/2022\/12\/dandelion-seeds-300x200.jpg 300w, https:\/\/anikadorothea.de\/wp-content\/uploads\/2022\/12\/dandelion-seeds-1024x683.jpg 1024w, https:\/\/anikadorothea.de\/wp-content\/uploads\/2022\/12\/dandelion-seeds-1536x1024.jpg 1536w, https:\/\/anikadorothea.de\/wp-content\/uploads\/2022\/12\/dandelion-seeds.jpg 1920w\" sizes=\"(max-width: 768px) 100vw, 768px\" alt=\"\" \t\tclass=\"so-widget-image\"\/>\n\t<\/div>\n\n<\/div><\/div><\/div><\/div><\/div><\/div><div id=\"pg-gb5546-69e382044b81f-2\"  class=\"panel-grid panel-no-style\" ><div id=\"pgc-gb5546-69e382044b81f-2-0\"  class=\"panel-grid-cell\" ><div id=\"panel-gb5546-69e382044b81f-2-0-0\" class=\"so-panel widget widget_sow-image panel-first-child panel-last-child\" data-index=\"3\" ><div\n\t\t\t\n\t\t\tclass=\"so-widget-sow-image so-widget-sow-image-default-8b5b6f678277-5546\"\n\t\t\t\n\t\t>\n<div class=\"sow-image-container\">\n\t\t<img \n\tsrc=\"https:\/\/anikadorothea.de\/wp-content\/uploads\/2022\/12\/elephans.jpg\" width=\"1920\" height=\"1358\" srcset=\"https:\/\/anikadorothea.de\/wp-content\/uploads\/2022\/12\/elephans.jpg 1920w, https:\/\/anikadorothea.de\/wp-content\/uploads\/2022\/12\/elephans-300x212.jpg 300w, https:\/\/anikadorothea.de\/wp-content\/uploads\/2022\/12\/elephans-1024x724.jpg 1024w, https:\/\/anikadorothea.de\/wp-content\/uploads\/2022\/12\/elephans-768x543.jpg 768w, https:\/\/anikadorothea.de\/wp-content\/uploads\/2022\/12\/elephans-1536x1086.jpg 1536w\" sizes=\"(max-width: 1920px) 100vw, 1920px\" alt=\"\" \t\tclass=\"so-widget-image\"\/>\n\t<\/div>\n\n<\/div><\/div><\/div><div id=\"pgc-gb5546-69e382044b81f-2-1\"  class=\"panel-grid-cell\" ><div id=\"panel-gb5546-69e382044b81f-2-1-0\" class=\"so-panel widget widget_sow-editor panel-first-child panel-last-child\" data-index=\"4\" ><div\n\t\t\t\n\t\t\tclass=\"so-widget-sow-editor so-widget-sow-editor-base\"\n\t\t\t\n\t\t>\n<div class=\"siteorigin-widget-tinymce textwidget\">\n\t<p class=\"uk-h2 fn-small-title\"><span style=\"font-size: 1.5rem;\">Wsp\u00f3lnota <\/span><\/p>\n<h2 class=\"uk-h1\">\u017bycie jest pi\u0119kne!<\/h2>\n<p>Zapraszamy Ci\u0119 do wsp\u00f3lnego postrzegania \u017cycia jako takiego cudu. Wsp\u00f3lnota to co\u015b, co czyni nasze \u017cycie ludzkim. Mi\u0142o\u015b\u0107 to co\u015b, co pozwala dzia\u0142a\u0107 w pokoju i szcz\u0119\u015bciu.<\/p>\n<p>Pozw\u00f3lmy razem p\u0142yn\u0105\u0107 tym wszystkim duchowym i serdecznym energiom w ich pi\u0119knie!<\/p>\n<\/div>\n<\/div><\/div><\/div><\/div><\/div>","protected":false},"excerpt":{"rendered":"<p>\u201eMy, ludzie, jeste\u015bmy cudami!\u201d Rzeczywisto\u015b\u0107 R\u00f3\u017cne rzeczywisto\u015bci w jednym \u015bwiecie Ka\u017cdy z nas tworzy swoj\u0105 w\u0142asn\u0105 rzeczywisto\u015b\u0107. R\u00f3\u017cnorodno\u015b\u0107 rzeczywisto\u015bci to co\u015b, co czyni \u017cycie tak wyj\u0105tkowym. Jeste\u015bmy stworzeni do \u017cycia w pokoju jako ludzko\u015b\u0107, niezale\u017cnie od tych r\u00f3\u017cnych rzeczywisto\u015bci. To, co my, ludzie, powinni\u015bmy zrozumie\u0107, to fakt, \u017ce Ziemia sama w sobie jest rajem. To [&hellip;]<\/p>\n","protected":false},"author":10,"featured_media":2960,"parent":0,"menu_order":0,"comment_status":"closed","ping_status":"closed","template":"","meta":{"_acf_changed":false,"footnotes":""},"class_list":["post-5546","page","type-page","status-publish","has-post-thumbnail","hentry"],"blocksy_meta":[],"acf":[],"permalink_history":[],"_links":{"self":[{"href":"https:\/\/anikadorothea.de\/pl\/wp-json\/wp\/v2\/pages\/5546","targetHints":{"allow":["GET"]}}],"collection":[{"href":"https:\/\/anikadorothea.de\/pl\/wp-json\/wp\/v2\/pages"}],"about":[{"href":"https:\/\/anikadorothea.de\/pl\/wp-json\/wp\/v2\/types\/page"}],"author":[{"embeddable":true,"href":"https:\/\/anikadorothea.de\/pl\/wp-json\/wp\/v2\/users\/10"}],"replies":[{"embeddable":true,"href":"https:\/\/anikadorothea.de\/pl\/wp-json\/wp\/v2\/comments?post=5546"}],"version-history":[{"count":7,"href":"https:\/\/anikadorothea.de\/pl\/wp-json\/wp\/v2\/pages\/5546\/revisions"}],"predecessor-version":[{"id":7309,"href":"https:\/\/anikadorothea.de\/pl\/wp-json\/wp\/v2\/pages\/5546\/revisions\/7309"}],"wp:featuredmedia":[{"embeddable":true,"href":"https:\/\/anikadorothea.de\/pl\/wp-json\/wp\/v2\/media\/2960"}],"wp:attachment":[{"href":"https:\/\/anikadorothea.de\/pl\/wp-json\/wp\/v2\/media?parent=5546"}],"curies":[{"name":"wp","href":"https:\/\/api.w.org\/{rel}","templated":true}]}}