{"id":5470,"date":"2019-06-25T17:38:58","date_gmt":"2019-06-25T15:38:58","guid":{"rendered":"https:\/\/anikadorothea.de\/ochrona-danych\/"},"modified":"2024-06-20T09:03:57","modified_gmt":"2024-06-20T07:03:57","slug":"ochrona-danych","status":"publish","type":"page","link":"https:\/\/anikadorothea.de\/pl\/ochrona-danych\/","title":{"rendered":"Ochrona danych"},"content":{"rendered":"<div id=\"pl-5470\"  class=\"panel-layout\" ><div id=\"pg-5470-0\"  class=\"panel-grid panel-has-style\" ><div class=\"uk-padding-large uk-background-muted panel-row-style panel-row-style-for-5470-0\" ><div id=\"pgc-5470-0-0\"  class=\"panel-grid-cell\" ><div id=\"panel-5470-0-0-0\" class=\"so-panel widget widget_sow-editor panel-first-child panel-last-child\" data-index=\"0\" ><div\n\t\t\t\n\t\t\tclass=\"so-widget-sow-editor so-widget-sow-editor-base\"\n\t\t\t\n\t\t>\n<div class=\"siteorigin-widget-tinymce textwidget\">\n\t<h1>Deklaracja ochrony danych osobowych<\/h1>\n<h2>Ochrona danych w skr\u00f3cie<\/h2>\n<h3>Og\u00f3lne wskaz\u00f3wki<\/h3>\n<p>Poni\u017csze wskaz\u00f3wki daj\u0105 prosty przegl\u0105d tego, co dzieje si\u0119 z Twoimi danymi osobowymi, gdy odwiedzasz nasz\u0105 stron\u0119 internetow\u0105. Dane osobowe to wszystkie dane, dzi\u0119ki kt\u00f3rym mo\u017cna Ci\u0119 osobi\u015bcie zidentyfikowa\u0107. Szczeg\u00f3\u0142owe informacje na temat ochrony danych znajdziesz w naszej poni\u017cszej deklaracji ochrony danych osobowych.<\/p>\n<h3>Zbieranie danych na naszej stronie internetowej<\/h3>\n<p><strong>Kto jest odpowiedzialny za zbieranie danych na tej stronie internetowej?<\/strong><\/p>\n<p>Przetwarzanie danych na tej stronie internetowej odbywa si\u0119 przez operatora strony. Jego dane kontaktowe mo\u017cna znale\u017a\u0107 w impresum tej strony internetowej.<\/p>\n<p><strong>Jak zbieramy Twoje dane?<\/strong><\/p>\n<p>Twoje dane s\u0105 zbierane w momencie, gdy nam je podajesz. Mog\u0105 to by\u0107 np. dane, kt\u00f3re wpisujesz w formularzu kontaktowym.<\/p>\n<p>AnderInne dane s\u0105 zbierane automatycznie podczas wizyty na stronie przez nasze systemy informatyczne. S\u0105 to przede wszystkim dane techniczne (np. przegl\u0105darka internetowa, system operacyjny lub czas odwiedzenia strony). Zbieranie tych danych odbywa si\u0119 automatycznie, gdy tylko wejdziesz na nasz\u0105 stron\u0119.<\/p>\n<p><strong>Do czego wykorzystujemy Twoje dane?<\/strong><\/p>\n<p>Cz\u0119\u015b\u0107 danych jest zbierana w celu zapewnienia bezb\u0142\u0119dnego udost\u0119pniania strony internetowej. Inne dane mog\u0105 by\u0107 u\u017cywane do analizy Twojego zachowania u\u017cytkownika.<\/p>\n<p><strong>Jakie prawa przys\u0142uguj\u0105 Ci w odniesieniu do Twoich danych?<\/strong><\/p>\n<p>Masz prawo w ka\u017cdej chwili bezp\u0142atnie uzyska\u0107 informacje na temat pochodzenia, odbiorcy i celu przechowywania Twoich danych osobowych. Masz r\u00f3wnie\u017c prawo do \u017c\u0105dania poprawienia, zablokowania lub usuni\u0119cia tych danych. W celu uzyskania tych informacji oraz w przypadku dalszych pyta\u0144 dotycz\u0105cych ochrony danych, mo\u017cesz w ka\u017cdej chwili skontaktowa\u0107 si\u0119 z nami pod adresem podanym w impresum. Przys\u0142uguje Ci r\u00f3wnie\u017c prawo do z\u0142o\u017cenia skargi do odpowiedniego organu nadzorczego.<\/p>\n<h3>Narz\u0119dzia analityczne i narz\u0119dzia stron trzecich<\/h3>\n<p>Podczas wizyty na naszej stronie internetowej Twoje zachowanie podczas surfowania mo\u017ce by\u0107 statystycznie analizowane. Odbywa si\u0119 to g\u0142\u00f3wnie za pomoc\u0105 plik\u00f3w cookies i tzw. program\u00f3w analitycznych. Analiza Twojego zachowania podczas surfowania jest zazwyczaj anonimowa; zachowanie podczas surfowania nie mo\u017ce by\u0107 przypisane do Ciebie. Mo\u017cesz sprzeciwi\u0107 si\u0119 tej analizie lub j\u0105 uniemo\u017cliwi\u0107, nie u\u017cywaj\u0105c okre\u015blonych narz\u0119dzi. Szczeg\u00f3\u0142owe informacje na ten temat znajdziesz w poni\u017cszej deklaracji ochrony danych osobowych.<\/p>\n<p>Mo\u017cesz sprzeciwi\u0107 si\u0119 tej analizie. O mo\u017cliwo\u015bciach sprzeciwu poinformujemy Ci\u0119 w tej deklaracji ochrony danych osobowych.<\/p>\n<h2>Og\u00f3lne wskaz\u00f3wki i obowi\u0105zkowe informacje<\/h2>\n<h3>Ochrona danych<\/h3>\n<p>Operatorzy tych stron bardzo powa\u017cnie traktuj\u0105 ochron\u0119 Twoich danych osobowych. Traktujemy Twoje dane osobowe poufnie i zgodnie z przepisami prawnymi dotycz\u0105cymi ochrony danych oraz niniejsz\u0105 deklaracj\u0105 ochrony danych osobowych.<\/p>\n<p>Je\u015bli korzystasz z tej strony internetowej, zbierane s\u0105 r\u00f3\u017cne dane osobowe. Dane osobowe to dane, dzi\u0119ki kt\u00f3rym mo\u017cna Ci\u0119 osobi\u015bcie zidentyfikowa\u0107. Niniejsza deklaracja ochrony danych osobowych wyja\u015bnia, jakie dane zbieramy i do czego je wykorzystujemy. Wyja\u015bnia r\u00f3wnie\u017c, w jaki spos\u00f3b i w jakim celu to si\u0119 dzieje.<\/p>\n<p>Zwracamy uwag\u0119, \u017ce przesy\u0142anie danych w Internecie (np. podczas komunikacji za po\u015brednictwem poczty elektronicznej) mo\u017ce mie\u0107 luki bezpiecze\u0144stwa. Ca\u0142kowita ochrona danych przed dost\u0119pem os\u00f3b trzecich nie jest mo\u017cliwa.<\/p>\n<h3>Wskaz\u00f3wka dotycz\u0105ca odpowiedzialnego podmiotu<\/h3>\n<p>Podmiot odpowiedzialny za przetwarzanie danych na tej stronie internetowej to:<\/p>\n<p>[firmenname]<\/p>\n<p>Anika Dorothea Melle<br \/>\n[strasse]<br \/>\n[plz-ort]<br \/>\nE-Mail: [mail]<\/p>\n<p>Podmiot odpowiedzialny to osoba fizyczna lub prawna, kt\u00f3ra samodzielnie lub wsp\u00f3lnie z innymi decyduje o celach i \u015brodkach przetwarzania danych osobowych (np. imiona, adresy e-mail itp.).<\/p>\n<h3>Cofni\u0119cie zgody na przetwarzanie danych<\/h3>\n<p>Wiele operacji przetwarzania danych jest mo\u017cliwych tylko za Twoj\u0105 wyra\u017an\u0105 zgod\u0105. Mo\u017cesz w ka\u017cdej chwili cofn\u0105\u0107 udzielon\u0105 zgod\u0119. Wystarczy nieformalna wiadomo\u015b\u0107 e-mail do nas. Cofni\u0119cie zgody nie wp\u0142ywa na zgodno\u015b\u0107 z prawem przetwarzania danych dokonanego przed cofni\u0119ciem zgody.<\/p>\n<h3>Prawo do z\u0142o\u017cenia skargi do w\u0142a\u015bciwego organu nadzorczego<\/h3>\n<p>W przypadku naruszenia przepis\u00f3w o ochronie danych osobowych przys\u0142uguje poszkodowanemu prawo do z\u0142o\u017cenia skargi do w\u0142a\u015bciwego organu nadzorczego. W\u0142a\u015bciwym organem nadzorczym w sprawach ochrony danych osobowych jest krajowy inspektor ochrony danych kraju zwi\u0105zkowego, w kt\u00f3rym nasza firma ma swoj\u0105 siedzib\u0119. List\u0119 inspektor\u00f3w ochrony danych oraz ich dane kontaktowe mo\u017cna znale\u017a\u0107 pod nast\u0119puj\u0105cym linkiem: <a href=\"https:\/\/www.bfdi.bund.de\/DE\/Infothek\/Anschriften_Links\/anschriften_links-node.html\" target=\"_blank\" rel=\"noopener\">https:\/\/www.bfdi.bund.de\/DE\/Infothek\/Anschriften_Links\/anschriften_links-node.html<\/a>.<\/p>\n<h3>Prawo do przenoszenia danych<\/h3>\n<p>Masz prawo do otrzymania danych, kt\u00f3re przetwarzamy na podstawie Twojej zgody lub w celu wykonania umowy, w zautomatyzowany spos\u00f3b, w powszechnie u\u017cywanym formacie nadaj\u0105cym si\u0119 do odczytu maszynowego, lub do przekazania tych danych innemu podmiotowi. Je\u015bli za\u017c\u0105dasz bezpo\u015bredniego przekazania danych innemu podmiotowi, nast\u0105pi to tylko w zakresie technicznie mo\u017cliwym.<\/p>\n<h3>Szyfrowanie SSL lub TLS<\/h3>\n<p>Ta strona korzysta z szyfrowania SSL lub TLS ze wzgl\u0119d\u00f3w bezpiecze\u0144stwa oraz w celu ochrony transmisji poufnych tre\u015bci, takich jak zam\u00f3wienia lub zapytania, kt\u00f3re wysy\u0142asz do nas jako operatora strony. operatora strony. Zaszyfrowane po\u0142\u0105czenie mo\u017cna rozpozna\u0107 po tym, \u017ce adres URL w przegl\u0105darce zmienia si\u0119 z \"http:\/\/\" na \"https:\/\/\" oraz po symbolu k\u0142\u00f3dki w pasku przegl\u0105darki.<\/p>\n<p>Gdy szyfrowanie SSL lub TLS jest aktywowane, dane, kt\u00f3re nam przekazujesz, nie mog\u0105 by\u0107 odczytane przez osoby trzecie.<\/p>\n<h3>Informacje, blokowanie, usuwanie<\/h3>\n<p>Masz prawo w ka\u017cdej chwili, w ramach obowi\u0105zuj\u0105cych przepis\u00f3w, do bezp\u0142atnych informacji o Twoich przechowywanych danych osobowych, ich pochodzeniu i odbiorcach oraz celu przetwarzania danych, a tak\u017ce do poprawiania, blokowania lub usuwania tych danych. W tym celu oraz w przypadku dalszych pyta\u0144 dotycz\u0105cych danych osobowych mo\u017cesz w ka\u017cdej chwili skontaktowa\u0107 si\u0119 z nami pod adresem podanym w impresum.<\/p>\n<h3>Sprzeciw wobec reklamowych wiadomo\u015bci e-mail<\/h3>\n<p>Sprzeciwia si\u0119 wykorzystaniu opublikowanych w ramach obowi\u0105zku impresum danych kontaktowych do przesy\u0142ania niezam\u00f3wionych reklam i materia\u0142\u00f3w informa cyjnych. Operatorzy stron wyra\u017anie zastrzegaj\u0105 sobie prawo do podj\u0119cia krok\u00f3w prawnych w przypadku niezam\u00f3wionego przesy\u0142ania informacji reklamowych, takich jak spam. Operatorzy stron wyra\u017anie zastrzegaj\u0105 sobie prawo do podj\u0119cia krok\u00f3w prawnych w przypadku niezam\u00f3wionego przesy\u0142ania informacji reklamowych, takich jak spam.<\/p>\n<h2>Zbieranie danych na naszej stronie internetowej<\/h2>\n<h3>Ciasteczka<\/h3>\n<p>Strony internetowe u\u017cywaj\u0105 cz\u0119\u015bciowo tzw. ciasteczek (cookies). Ciasteczka nie wyrz\u0105dzaj\u0105 szkody na Twoim komputerze i nie zawieraj\u0105 wirus\u00f3w. Ciasteczka maj\u0105 na celu uczynienie naszej oferty bardziej przyjazn\u0105 dla u\u017cytkownika, efektywn\u0105 i bezpieczn\u0105. Ciasteczka to ma\u0142e pliki tekstowe, kt\u00f3re s\u0105 zapisywane na Twoim komputerze i przechowywane przez Twoj\u0105 przegl\u0105dark\u0119.<\/p>\n<p>Wi\u0119kszo\u015b\u0107 u\u017cywanych przez nas ciasteczek to tzw. \"ciasteczka sesyjne\". S\u0105 one automatycznie usuwane po zako\u0144czeniu Twojej wizyty. Inne ciasteczka pozostaj\u0105 na Twoim urz\u0105dzeniu, dop\u00f3ki ich nie usuniesz. Te ciasteczka pozwalaj\u0105 nam rozpozna\u0107 Twoj\u0105 przegl\u0105dark\u0119 przy kolejnej wizycie.<\/p>\n<p>Mo\u017cesz ustawi\u0107 swoj\u0105 przegl\u0105dark\u0119 tak, aby informowa\u0142a Ci\u0119 o ustawianiu ciasteczek i pozwala\u0142a na ich akceptacj\u0119 tylko w poszczeg\u00f3lnych przypadkach, na wykluczenie akceptacji ciasteczek dla okre\u015blonych przypadk\u00f3w lub na og\u00f3\u0142, oraz na automatyczne usuwanie ciasteczek przy zamykaniu przegl\u0105darki. Przy dezaktywacji ciasteczek funkcjonalno\u015b\u0107 tej strony internetowej mo\u017ce by\u0107 ograniczona.<\/p>\n<p>Ciasteczka, kt\u00f3re s\u0105 niezb\u0119dne do przeprowadzenia procesu komunikacji elektronicznej lub do udost\u0119pnienia okre\u015blonych funkcji, kt\u00f3re sobie \u017cyczysz (np. funkcja koszyka), s\u0105 zapisywane na podstawie Art. 6 ust. 1 lit. f RODO. Operator strony internetowej ma uzasadniony interes w przechowywaniu ciasteczek w celu zapewnienia technicznie bezb\u0142\u0119dnego i zoptymalizowanego \u015bwiadczenia swoich us\u0142ug. Je\u017celi przechowywane s\u0105 inne ciasteczka (np. ciasteczka do analizy Twojego zachowania podczas surfowania), s\u0105 one szczeg\u00f3\u0142owo om\u00f3wione w tej deklaracji ochrony danych osobowych.<\/p>\n<h3>Pliki dziennika serwera<\/h3>\n<p>Dostawca strony zbiera i przechowuje automatycznie informacje w tzw. plikach dziennika serwera, kt\u00f3re Twoja przegl\u0105darka automatycznie przesy\u0142a do nas. S\u0105 to:<\/p>\n<ul>\n<li>Rodzaj i wersja przegl\u0105darki<\/li>\n<li>U\u017cywany system operacyjny<\/li>\n<li>URL odsy\u0142aj\u0105cego<\/li>\n<li>Nazwa hosta komputera uzyskuj\u0105cego dost\u0119p<\/li>\n<li>Czas zapytania do serwera<\/li>\n<li>Adres IP<\/li>\n<\/ul>\n<p>\u0141\u0105czenie tych danych z innymi \u017ar\u00f3d\u0142ami danych nie jest przeprowadzane.<\/p>\n<p>Podstaw\u0105 przetwarzania danych jest art. 6 ust. 1 lit. f RODO, kt\u00f3ry zezwala na przetwarzanie danych w celu wykonania umowy lub podj\u0119cia dzia\u0142a\u0144 przedumownych.<\/p>\n<h3>Formularz kontaktowy<\/h3>\n<p>Je\u015bli wy\u015blesz nam zapytanie za po\u015brednictwem formularza kontaktowego, Twoje dane z formularza zapytania, w tym podane przez Ciebie dane kontaktowe, b\u0119d\u0105 przechowywane w celu przetworzenia zapytania i na wypadek dalszych pyta\u0144. Nie przekazujemy tych danych bez Twojej zgody.<\/p>\n<p>Przetwarzanie danych wprowadzonych do formularza kontaktowego odbywa si\u0119 wy\u0142\u0105cznie na podstawie Twojej zgody (art. 6 ust. 1 lit. a RODO). Mo\u017cesz w ka\u017cdej chwili cofn\u0105\u0107 t\u0119 zgod\u0119. Wystarczy nieformalna wiadomo\u015b\u0107 e-mail do nas. Wystarczy nieformalna wiadomo\u015b\u0107 e-mail do nas. Cofni\u0119cie zgody nie wp\u0142ywa na zgodno\u015b\u0107 z prawem przetwarzania danych, kt\u00f3re mia\u0142o miejsce przed cofni\u0119ciem zgody.<\/p>\n<p>Dane, kt\u00f3re wprowadzasz do formularza kontaktowego, pozostaj\u0105 u nas, dop\u00f3ki nie poprosisz o ich usuni\u0119cie, nie cofniesz zgody na ich przechowywanie lub nie minie cel przechowywania danych (np. po zako\u0144czeniu przetwarzania Twojego zapytania). Obowi\u0105zuj\u0105ce przepisy prawne \u2013 w szczeg\u00f3lno\u015bci okresy przechowywania danych \u2013 pozostaj\u0105 nienaruszone.<\/p>\n<h2>Wtyczki i narz\u0119dzia<\/h2>\n<h3>Google Web Fonts<\/h3>\n<p>Ta strona wykorzystuje tzw. czcionki sieciowe (Web Fonts) dostarczane przez Google w celu jednolitego wy\u015bwietlania czcionek. Przy wywo\u0142ywaniu strony, Twoja przegl\u0105darka \u0142aduje potrzebne czcionki sieciowe do pami\u0119ci podr\u0119cznej przegl\u0105darki, aby poprawnie wy\u015bwietla\u0107 teksty i czcionki.<\/p>\n<p>W tym celu u\u017cywana przez Ciebie przegl\u0105darka musi po\u0142\u0105czy\u0107 si\u0119 z serwerami Google. W ten spos\u00f3b Google uzyskuje informacje, \u017ce nasza strona internetowa zosta\u0142a wywo\u0142ana za po\u015brednictwem Twojego adresu IP. Korzystanie z Google Web Fonts odbywa si\u0119 w interesie jednolitego i atrakcyjnego wy\u015bwietlania naszych ofert online. Jest to uzasadniony interes w rozumieniu art. 6 ust. 1 lit. f RODO.<\/p>\n<p>Je\u015bli Twoja przegl\u0105darka nie obs\u0142uguje czcionek sieciowych, u\u017cywana jest standardowa czcionka z Twojego komputera.<\/p>\n<p>Wi\u0119cej informacji na temat Google Web Fonts mo\u017cna znale\u017a\u0107 na stronie <a href=\"https:\/\/developers.google.com\/fonts\/faq\" target=\"_blank\" rel=\"noopener\">https:\/\/developers.google.com\/fonts\/faq<\/a> oraz w polityce prywatno\u015bci Google: <a href=\"https:\/\/www.google.com\/policies\/privacy\/\" target=\"_blank\" rel=\"noopener\">https:\/\/www.google.com\/policies\/privacy\/<\/a>.<\/p>\n<\/div>\n<\/div><\/div><\/div><\/div><\/div><\/div>","protected":false},"excerpt":{"rendered":"<p>Deklaracja ochrony danych osobowych Ochrona danych w skr\u00f3cie Og\u00f3lne wskaz\u00f3wki Poni\u017csze wskaz\u00f3wki daj\u0105 prosty przegl\u0105d tego, co dzieje si\u0119 z Twoimi danymi osobowymi, gdy odwiedzasz nasz\u0105 stron\u0119 internetow\u0105. Dane osobowe to wszystkie dane, dzi\u0119ki kt\u00f3rym mo\u017cna Ci\u0119 osobi\u015bcie zidentyfikowa\u0107. Szczeg\u00f3\u0142owe informacje na temat ochrony danych znajdziesz w naszej poni\u017cszej deklaracji ochrony danych osobowych. Zbieranie danych [&hellip;]<\/p>\n","protected":false},"author":10,"featured_media":2980,"parent":0,"menu_order":0,"comment_status":"closed","ping_status":"closed","template":"","meta":{"_acf_changed":false,"footnotes":""},"class_list":["post-5470","page","type-page","status-publish","has-post-thumbnail","hentry"],"blocksy_meta":[],"acf":[],"permalink_history":[],"_links":{"self":[{"href":"https:\/\/anikadorothea.de\/pl\/wp-json\/wp\/v2\/pages\/5470","targetHints":{"allow":["GET"]}}],"collection":[{"href":"https:\/\/anikadorothea.de\/pl\/wp-json\/wp\/v2\/pages"}],"about":[{"href":"https:\/\/anikadorothea.de\/pl\/wp-json\/wp\/v2\/types\/page"}],"author":[{"embeddable":true,"href":"https:\/\/anikadorothea.de\/pl\/wp-json\/wp\/v2\/users\/10"}],"replies":[{"embeddable":true,"href":"https:\/\/anikadorothea.de\/pl\/wp-json\/wp\/v2\/comments?post=5470"}],"version-history":[{"count":1,"href":"https:\/\/anikadorothea.de\/pl\/wp-json\/wp\/v2\/pages\/5470\/revisions"}],"predecessor-version":[{"id":5472,"href":"https:\/\/anikadorothea.de\/pl\/wp-json\/wp\/v2\/pages\/5470\/revisions\/5472"}],"wp:featuredmedia":[{"embeddable":true,"href":"https:\/\/anikadorothea.de\/pl\/wp-json\/wp\/v2\/media\/2980"}],"wp:attachment":[{"href":"https:\/\/anikadorothea.de\/pl\/wp-json\/wp\/v2\/media?parent=5470"}],"curies":[{"name":"wp","href":"https:\/\/api.w.org\/{rel}","templated":true}]}}