{"id":6263,"date":"2022-11-07T15:52:36","date_gmt":"2022-11-07T14:52:36","guid":{"rendered":"https:\/\/anikadorothea.de\/projecten\/"},"modified":"2024-09-20T20:42:05","modified_gmt":"2024-09-20T18:42:05","slug":"projecten","status":"publish","type":"page","link":"https:\/\/anikadorothea.de\/nl\/projecten\/","title":{"rendered":"Projecten"},"content":{"rendered":"<div id=\"pl-gb6263-69e38b740871c\"  class=\"panel-layout\" ><div id=\"pg-gb6263-69e38b740871c-0\"  class=\"panel-grid panel-no-style\" ><div id=\"pgc-gb6263-69e38b740871c-0-0\"  class=\"panel-grid-cell panel-grid-cell-empty\" ><\/div><div id=\"pgc-gb6263-69e38b740871c-0-1\"  class=\"panel-grid-cell panel-grid-cell-mobile-last\" ><div id=\"panel-gb6263-69e38b740871c-0-1-0\" class=\"so-panel widget widget_sow-editor panel-first-child panel-last-child\" data-index=\"0\" ><div\n\t\t\t\n\t\t\tclass=\"so-widget-sow-editor so-widget-sow-editor-base\"\n\t\t\t\n\t\t>\n<div class=\"siteorigin-widget-tinymce textwidget\">\n\t<blockquote class=\"fn-blockquote\">\n<p style=\"text-align: center;\">\u201eWij mensen zijn prachtige creaties!\u201c<\/p>\n<\/blockquote>\n<\/div>\n<\/div><\/div><\/div><div id=\"pgc-gb6263-69e38b740871c-0-2\"  class=\"panel-grid-cell panel-grid-cell-empty\" ><\/div><\/div><div id=\"pg-gb6263-69e38b740871c-1\"  class=\"panel-grid panel-has-style\" ><div class=\"fn-background-primary-right siteorigin-panels-stretch panel-row-style panel-row-style-for-gb6263-69e38b740871c-1\" data-stretch-type=\"full\" ><div id=\"pgc-gb6263-69e38b740871c-1-0\"  class=\"panel-grid-cell\" ><div id=\"panel-gb6263-69e38b740871c-1-0-0\" class=\"so-panel widget widget_sow-editor panel-first-child panel-last-child\" data-index=\"1\" ><div\n\t\t\t\n\t\t\tclass=\"so-widget-sow-editor so-widget-sow-editor-base\"\n\t\t\t\n\t\t>\n<div class=\"siteorigin-widget-tinymce textwidget\">\n\t<p class=\"fn-small-title\">Werkelijkheid<\/p>\n<h1>Verschillende realiteiten in \u00e9\u00e9n wereld<\/h1>\n<p>Ieder van ons cre\u00ebert zijn eigen realiteit. De diversiteit van realiteiten is wat het leven zo uniek maakt. We zijn geboren om als mensheid in vrede te leven, ongeacht deze verschillende realiteiten. Wat wij mensen ons kunnen realiseren is dat de aarde zelf het paradijs is.<\/p>\n<p>Wij zijn degenen die dit eenvoudigweg kunnen herkennen, leven en genieten. Verenigd in geest is dit gemakkelijk. De kunst is om eenheid te manifesteren in waarheid, liefde en vrijheid van deze diversiteit. Het is onze roeping om dit te doen&#8230; we hoeven alleen maar bewust en duidelijk &#8220;ja&#8221; te zeggen tegen het mens-zijn.<\/p>\n<\/div>\n<\/div><\/div><\/div><div id=\"pgc-gb6263-69e38b740871c-1-1\"  class=\"panel-grid-cell\" ><div id=\"panel-gb6263-69e38b740871c-1-1-0\" class=\"so-panel widget widget_sow-image panel-first-child panel-last-child\" data-index=\"2\" ><div class=\"uk-padding fn-padding-remove panel-widget-style panel-widget-style-for-gb6263-69e38b740871c-1-1-0\" ><div\n\t\t\t\n\t\t\tclass=\"so-widget-sow-image so-widget-sow-image-default-8b5b6f678277-6263\"\n\t\t\t\n\t\t>\n<div class=\"sow-image-container\">\n\t\t<img \n\tsrc=\"https:\/\/anikadorothea.de\/wp-content\/uploads\/2022\/12\/dandelion-seeds-768x512.jpg\" width=\"768\" height=\"512\" srcset=\"https:\/\/anikadorothea.de\/wp-content\/uploads\/2022\/12\/dandelion-seeds-768x512.jpg 768w, https:\/\/anikadorothea.de\/wp-content\/uploads\/2022\/12\/dandelion-seeds-300x200.jpg 300w, https:\/\/anikadorothea.de\/wp-content\/uploads\/2022\/12\/dandelion-seeds-1024x683.jpg 1024w, https:\/\/anikadorothea.de\/wp-content\/uploads\/2022\/12\/dandelion-seeds-1536x1024.jpg 1536w, https:\/\/anikadorothea.de\/wp-content\/uploads\/2022\/12\/dandelion-seeds.jpg 1920w\" sizes=\"(max-width: 768px) 100vw, 768px\" alt=\"\" \t\tclass=\"so-widget-image\"\/>\n\t<\/div>\n\n<\/div><\/div><\/div><\/div><\/div><\/div><div id=\"pg-gb6263-69e38b740871c-2\"  class=\"panel-grid panel-no-style\" ><div id=\"pgc-gb6263-69e38b740871c-2-0\"  class=\"panel-grid-cell\" ><div id=\"panel-gb6263-69e38b740871c-2-0-0\" class=\"so-panel widget widget_sow-image panel-first-child panel-last-child\" data-index=\"3\" ><div\n\t\t\t\n\t\t\tclass=\"so-widget-sow-image so-widget-sow-image-default-8b5b6f678277-6263\"\n\t\t\t\n\t\t>\n<div class=\"sow-image-container\">\n\t\t<img \n\tsrc=\"https:\/\/anikadorothea.de\/wp-content\/uploads\/2022\/12\/elephans.jpg\" width=\"1920\" height=\"1358\" srcset=\"https:\/\/anikadorothea.de\/wp-content\/uploads\/2022\/12\/elephans.jpg 1920w, https:\/\/anikadorothea.de\/wp-content\/uploads\/2022\/12\/elephans-300x212.jpg 300w, https:\/\/anikadorothea.de\/wp-content\/uploads\/2022\/12\/elephans-1024x724.jpg 1024w, https:\/\/anikadorothea.de\/wp-content\/uploads\/2022\/12\/elephans-768x543.jpg 768w, https:\/\/anikadorothea.de\/wp-content\/uploads\/2022\/12\/elephans-1536x1086.jpg 1536w\" sizes=\"(max-width: 1920px) 100vw, 1920px\" alt=\"\" \t\tclass=\"so-widget-image\"\/>\n\t<\/div>\n\n<\/div><\/div><\/div><div id=\"pgc-gb6263-69e38b740871c-2-1\"  class=\"panel-grid-cell\" ><div id=\"panel-gb6263-69e38b740871c-2-1-0\" class=\"so-panel widget widget_sow-editor panel-first-child panel-last-child\" data-index=\"4\" ><div\n\t\t\t\n\t\t\tclass=\"so-widget-sow-editor so-widget-sow-editor-base\"\n\t\t\t\n\t\t>\n<div class=\"siteorigin-widget-tinymce textwidget\">\n\t<p class=\"uk-h2 fn-small-title\"><span style=\"font-size: 1.5rem;\">Gemeenschap <\/span><\/p>\n<h2 class=\"uk-h1\">Het leven is prachtig!<\/h2>\n<p>We nodigen je uit om het leven samen als zo&#8217;n wonder te zien. Gemeenschap is wat ons leven menselijk maakt. Liefde zorgt ervoor dat het in vrede en geluk werkt.<\/p>\n<p>Laten we al deze zielvolle en oprechte energie\u00ebn samen laten stromen in al hun schoonheid!<\/p>\n<\/div>\n<\/div><\/div><\/div><\/div><\/div>","protected":false},"excerpt":{"rendered":"<p>\u201eWij mensen zijn prachtige creaties!\u201c Werkelijkheid Verschillende realiteiten in \u00e9\u00e9n wereld Ieder van ons cre\u00ebert zijn eigen realiteit. De diversiteit van realiteiten is wat het leven zo uniek maakt. We zijn geboren om als mensheid in vrede te leven, ongeacht deze verschillende realiteiten. Wat wij mensen ons kunnen realiseren is dat de aarde zelf het [&hellip;]<\/p>\n","protected":false},"author":10,"featured_media":5657,"parent":0,"menu_order":0,"comment_status":"closed","ping_status":"closed","template":"","meta":{"_acf_changed":false,"footnotes":""},"class_list":["post-6263","page","type-page","status-publish","has-post-thumbnail","hentry"],"blocksy_meta":[],"acf":[],"permalink_history":[],"_links":{"self":[{"href":"https:\/\/anikadorothea.de\/nl\/wp-json\/wp\/v2\/pages\/6263","targetHints":{"allow":["GET"]}}],"collection":[{"href":"https:\/\/anikadorothea.de\/nl\/wp-json\/wp\/v2\/pages"}],"about":[{"href":"https:\/\/anikadorothea.de\/nl\/wp-json\/wp\/v2\/types\/page"}],"author":[{"embeddable":true,"href":"https:\/\/anikadorothea.de\/nl\/wp-json\/wp\/v2\/users\/10"}],"replies":[{"embeddable":true,"href":"https:\/\/anikadorothea.de\/nl\/wp-json\/wp\/v2\/comments?post=6263"}],"version-history":[{"count":4,"href":"https:\/\/anikadorothea.de\/nl\/wp-json\/wp\/v2\/pages\/6263\/revisions"}],"predecessor-version":[{"id":7312,"href":"https:\/\/anikadorothea.de\/nl\/wp-json\/wp\/v2\/pages\/6263\/revisions\/7312"}],"wp:featuredmedia":[{"embeddable":true,"href":"https:\/\/anikadorothea.de\/nl\/wp-json\/wp\/v2\/media\/5657"}],"wp:attachment":[{"href":"https:\/\/anikadorothea.de\/nl\/wp-json\/wp\/v2\/media?parent=6263"}],"curies":[{"name":"wp","href":"https:\/\/api.w.org\/{rel}","templated":true}]}}