{"id":7239,"date":"2025-05-24T19:11:37","date_gmt":"2025-05-24T17:11:37","guid":{"rendered":"https:\/\/anikadorothea.de\/?page_id=7239"},"modified":"2025-05-24T19:11:37","modified_gmt":"2025-05-24T17:11:37","slug":"anika-2","status":"publish","type":"page","link":"https:\/\/anikadorothea.de\/it\/anika-2\/","title":{"rendered":"Anika"},"content":{"rendered":"<div id=\"pl-gb7239-69e380279a483\"  class=\"panel-layout\" ><div id=\"pg-gb7239-69e380279a483-0\"  class=\"panel-grid panel-no-style\" ><div id=\"pgc-gb7239-69e380279a483-0-0\"  class=\"panel-grid-cell\" ><div id=\"panel-gb7239-69e380279a483-0-0-0\" class=\"so-panel widget widget_sow-editor panel-first-child panel-last-child\" data-index=\"0\" ><div\n\t\t\t\n\t\t\tclass=\"so-widget-sow-editor so-widget-sow-editor-base\"\n\t\t\t\n\t\t>\n<div class=\"siteorigin-widget-tinymce textwidget\">\n\t<p class=\"fn-small-title uk-text-primary\" style=\"text-align: center;\">Citazioni<\/p>\n<\/div>\n<\/div><\/div><\/div><\/div><div id=\"pg-gb7239-69e380279a483-1\"  class=\"panel-grid panel-no-style\" ><div id=\"pgc-gb7239-69e380279a483-1-0\"  class=\"panel-grid-cell\" ><div id=\"panel-gb7239-69e380279a483-1-0-0\" class=\"so-panel widget widget_sow-editor panel-first-child\" data-index=\"1\" ><div class=\"panel-widget-style panel-widget-style-for-gb7239-69e380279a483-1-0-0\" ><div\n\t\t\t\n\t\t\tclass=\"so-widget-sow-editor so-widget-sow-editor-base\"\n\t\t\t\n\t\t>\n<div class=\"siteorigin-widget-tinymce textwidget\">\n\t<p class=\"uk-text-small\" style=\"text-align: center;\"><em>Sono qui per ricordare alle persone l&#8217;amore incondizionato.<br \/>\nQuesto \u00e8 sufficiente per far progredire il gioco verso qualcosa di buono.<\/em><\/p>\n<\/div>\n<\/div><\/div><\/div><div id=\"panel-gb7239-69e380279a483-1-0-1\" class=\"so-panel widget widget_sow-editor\" data-index=\"2\" ><div class=\"panel-widget-style panel-widget-style-for-gb7239-69e380279a483-1-0-1\" ><div\n\t\t\t\n\t\t\tclass=\"so-widget-sow-editor so-widget-sow-editor-base\"\n\t\t\t\n\t\t>\n<div class=\"siteorigin-widget-tinymce textwidget\">\n\t<p class=\"uk-text-small\" style=\"text-align: center;\"><em>La grandezza e la bellezza della nostra anima non possono essere conquistate da forze invisibili,<\/em><br \/>\n<em>perch\u00e9 \u00e8 amore nella sua stessa essenza.<\/em><\/p>\n<\/div>\n<\/div><\/div><\/div><div id=\"panel-gb7239-69e380279a483-1-0-2\" class=\"so-panel widget widget_sow-editor\" data-index=\"3\" ><div class=\"panel-widget-style panel-widget-style-for-gb7239-69e380279a483-1-0-2\" ><div\n\t\t\t\n\t\t\tclass=\"so-widget-sow-editor so-widget-sow-editor-base\"\n\t\t\t\n\t\t>\n<div class=\"siteorigin-widget-tinymce textwidget\">\n\t<p class=\"uk-text-small\"><em>Le essenze primarie come l&#8217;amore e la pace sono frammenti per la realizzazione della verit\u00e0 interiore. Sono i mattoni di base per un futuro pieno di luce che scegliamo.<\/em><\/p>\n<\/div>\n<\/div><\/div><\/div><div id=\"panel-gb7239-69e380279a483-1-0-3\" class=\"so-panel widget widget_sow-editor\" data-index=\"4\" ><div class=\"panel-widget-style panel-widget-style-for-gb7239-69e380279a483-1-0-3\" ><div\n\t\t\t\n\t\t\tclass=\"so-widget-sow-editor so-widget-sow-editor-base\"\n\t\t\t\n\t\t>\n<div class=\"siteorigin-widget-tinymce textwidget\">\n\t<p class=\"uk-text-small\"><em>Ogni cellula del nostro corpo \u00e8 luce. Siamo nati per dare a questa parola il giusto significato e la giusta energia. Per rivitalizzare la nostra luce interiore con una presenza determinata da noi.<\/em><\/p>\n<\/div>\n<\/div><\/div><\/div><div id=\"panel-gb7239-69e380279a483-1-0-4\" class=\"so-panel widget widget_sow-editor\" data-index=\"5\" ><div class=\"panel-widget-style panel-widget-style-for-gb7239-69e380279a483-1-0-4\" ><div\n\t\t\t\n\t\t\tclass=\"so-widget-sow-editor so-widget-sow-editor-base\"\n\t\t\t\n\t\t>\n<div class=\"siteorigin-widget-tinymce textwidget\">\n\t<p class=\"uk-text-small\"><em>Entwicklung wird dann offensichtlich, sobald Licht das anstrahlt, was sich in Liebe entfalten will.<\/em><\/p>\n<\/div>\n<\/div><\/div><\/div><div id=\"panel-gb7239-69e380279a483-1-0-5\" class=\"so-panel widget widget_sow-editor\" data-index=\"6\" ><div class=\"panel-widget-style panel-widget-style-for-gb7239-69e380279a483-1-0-5\" ><div\n\t\t\t\n\t\t\tclass=\"so-widget-sow-editor so-widget-sow-editor-base\"\n\t\t\t\n\t\t>\n<div class=\"siteorigin-widget-tinymce textwidget\">\n\t<p class=\"uk-text-small\" style=\"text-align: center;\"><em>L&#8217;amore \u00e8 la forza pi\u00f9 forte. Trasformer\u00e0 tutto e tutti coloro che gli permetteranno di lavorare nella sua originalit\u00e0.<\/em><\/p>\n<\/div>\n<\/div><\/div><\/div><div id=\"panel-gb7239-69e380279a483-1-0-6\" class=\"so-panel widget widget_sow-editor\" data-index=\"7\" ><div class=\"panel-widget-style panel-widget-style-for-gb7239-69e380279a483-1-0-6\" ><div\n\t\t\t\n\t\t\tclass=\"so-widget-sow-editor so-widget-sow-editor-base\"\n\t\t\t\n\t\t>\n<div class=\"siteorigin-widget-tinymce textwidget\">\n\t<p class=\"uk-text-small\"><em>La libert\u00e0 si diffonder\u00e0 attraverso uno sviluppo armonioso in tutti i cuori e superer\u00e0 tutti i confini di citt\u00e0, paesi, mari e continenti. Una forza d&#8217;amore che collega tutti e che permette di far sbocciare una coscienza comune nel corpo, nella mente e nell&#8217;anima.<\/em><\/p>\n<\/div>\n<\/div><\/div><\/div><div id=\"panel-gb7239-69e380279a483-1-0-7\" class=\"so-panel widget widget_sow-editor\" data-index=\"8\" ><div class=\"panel-widget-style panel-widget-style-for-gb7239-69e380279a483-1-0-7\" ><div\n\t\t\t\n\t\t\tclass=\"so-widget-sow-editor so-widget-sow-editor-base\"\n\t\t\t\n\t\t>\n<div class=\"siteorigin-widget-tinymce textwidget\">\n\t<p class=\"uk-text-small\"><em>La verit\u00e0 dei nostri valori interiori rivela sentimenti di profonda armonia della coscienza. <\/em><em>Durante questo processo di trasformazione, l&#8217;oscurit\u00e0 si dissolve da sola. <\/em><em>Tutte le tenebre e le ombre costituiscono cos\u00ec un campo di gioco per una pi\u00f9 intensa visibilit\u00e0 della luce.<\/em><\/p>\n<\/div>\n<\/div><\/div><\/div><div id=\"panel-gb7239-69e380279a483-1-0-8\" class=\"so-panel widget widget_sow-editor\" data-index=\"9\" ><div class=\"panel-widget-style panel-widget-style-for-gb7239-69e380279a483-1-0-8\" ><div\n\t\t\t\n\t\t\tclass=\"so-widget-sow-editor so-widget-sow-editor-base\"\n\t\t\t\n\t\t>\n<div class=\"siteorigin-widget-tinymce textwidget\">\n\t<p class=\"uk-text-small\"><em>La totalit\u00e0 contiene gi\u00e0 in s\u00e9 l&#8217;optimum, la perfezione e la bellezza. L&#8217;umanit\u00e0 deve solo decidere di nuovo e di nuovo su queste qualit\u00e0. Il suono dell&#8217;amore guida automaticamente ogni essere vivente sulla retta via.<\/em><\/p>\n<\/div>\n<\/div><\/div><\/div><div id=\"panel-gb7239-69e380279a483-1-0-9\" class=\"so-panel widget widget_sow-editor\" data-index=\"10\" ><div class=\"panel-widget-style panel-widget-style-for-gb7239-69e380279a483-1-0-9\" ><div\n\t\t\t\n\t\t\tclass=\"so-widget-sow-editor so-widget-sow-editor-base\"\n\t\t\t\n\t\t>\n<div class=\"siteorigin-widget-tinymce textwidget\">\n\t<p class=\"uk-text-small\"><em>Non sono qui per conformarmi all&#8217;idea di costrutti artificiali.<\/em><\/p>\n<\/div>\n<\/div><\/div><\/div><div id=\"panel-gb7239-69e380279a483-1-0-10\" class=\"so-panel widget widget_sow-editor\" data-index=\"11\" ><div class=\"panel-widget-style panel-widget-style-for-gb7239-69e380279a483-1-0-10\" ><div\n\t\t\t\n\t\t\tclass=\"so-widget-sow-editor so-widget-sow-editor-base\"\n\t\t\t\n\t\t>\n<div class=\"siteorigin-widget-tinymce textwidget\">\n\t<p class=\"uk-text-small\" style=\"text-align: center;\"><em>Sono qui per pensare la verit\u00e0, sentire la libert\u00e0 e vivere l&#8217;amore. Il gioco della vita si riconosce in ampi e alti orizzonti.<\/em><\/p>\n<\/div>\n<\/div><\/div><\/div><div id=\"panel-gb7239-69e380279a483-1-0-11\" class=\"so-panel widget widget_sow-editor\" data-index=\"12\" ><div class=\"panel-widget-style panel-widget-style-for-gb7239-69e380279a483-1-0-11\" ><div\n\t\t\t\n\t\t\tclass=\"so-widget-sow-editor so-widget-sow-editor-base\"\n\t\t\t\n\t\t>\n<div class=\"siteorigin-widget-tinymce textwidget\">\n\t<p class=\"uk-text-small\"><em>Il significato \u00e8 la contemplazione e il potenziamento di s\u00e9 allo stesso tempo.<\/em> <em>La felicit\u00e0 \u00e8 pre-programmata nel nostro nucleo primordiale.<\/em><\/p>\n<\/div>\n<\/div><\/div><\/div><div id=\"panel-gb7239-69e380279a483-1-0-12\" class=\"so-panel widget widget_sow-editor panel-last-child\" data-index=\"13\" ><div class=\"panel-widget-style panel-widget-style-for-gb7239-69e380279a483-1-0-12\" ><div\n\t\t\t\n\t\t\tclass=\"so-widget-sow-editor so-widget-sow-editor-base\"\n\t\t\t\n\t\t>\n<div class=\"siteorigin-widget-tinymce textwidget\">\n\t<p class=\"uk-text-small\"><em>Se scegliamo consapevolmente la matrice naturale che \u00e8 costruttiva per noi, ci orientiamo automaticamente verso il bene. Se la maggior parte dell&#8217;umanit\u00e0 lo far\u00e0, la Terra risplender\u00e0 nel suo stato naturale. Con una forte volont\u00e0, un cuore forte e una mente intelligente, possiamo ottenere tutto ci\u00f2 che vogliamo.<\/em><\/p>\n<\/div>\n<\/div><\/div><\/div><\/div><div id=\"pgc-gb7239-69e380279a483-1-1\"  class=\"panel-grid-cell\" ><div id=\"panel-gb7239-69e380279a483-1-1-0\" class=\"so-panel widget widget_sow-editor panel-first-child\" data-index=\"14\" ><div class=\"panel-widget-style panel-widget-style-for-gb7239-69e380279a483-1-1-0\" ><div\n\t\t\t\n\t\t\tclass=\"so-widget-sow-editor so-widget-sow-editor-base\"\n\t\t\t\n\t\t>\n<div class=\"siteorigin-widget-tinymce textwidget\">\n\t<p class=\"uk-text-small\" style=\"text-align: center;\"><em>La fioritura naturale di una persona viene sempre dall&#8217;interno e poi si manifesta all&#8217;esterno.<\/em><\/p>\n<\/div>\n<\/div><\/div><\/div><div id=\"panel-gb7239-69e380279a483-1-1-1\" class=\"so-panel widget widget_sow-editor\" data-index=\"15\" ><div class=\"panel-widget-style panel-widget-style-for-gb7239-69e380279a483-1-1-1\" ><div\n\t\t\t\n\t\t\tclass=\"so-widget-sow-editor so-widget-sow-editor-base\"\n\t\t\t\n\t\t>\n<div class=\"siteorigin-widget-tinymce textwidget\">\n\t<p class=\"uk-text-small\" style=\"text-align: center;\"><em>Arriva il momento in cui ci si ricorda che si \u00e8 amore e ci si unisce in un&#8217;unica grande luce.<\/em><\/p>\n<\/div>\n<\/div><\/div><\/div><div id=\"panel-gb7239-69e380279a483-1-1-2\" class=\"so-panel widget widget_sow-editor\" data-index=\"16\" ><div class=\"panel-widget-style panel-widget-style-for-gb7239-69e380279a483-1-1-2\" ><div\n\t\t\t\n\t\t\tclass=\"so-widget-sow-editor so-widget-sow-editor-base\"\n\t\t\t\n\t\t>\n<div class=\"siteorigin-widget-tinymce textwidget\">\n\t<p class=\"uk-text-small\" style=\"text-align: center;\"><em>La delicatezza e la sottigliezza sono due delle tante essenze che ricevono sempre un&#8217;attenzione perfetta sui sentieri dei mondi pacifici.<\/em><\/p>\n<\/div>\n<\/div><\/div><\/div><div id=\"panel-gb7239-69e380279a483-1-1-3\" class=\"so-panel widget widget_sow-editor\" data-index=\"17\" ><div class=\"panel-widget-style panel-widget-style-for-gb7239-69e380279a483-1-1-3\" ><div\n\t\t\t\n\t\t\tclass=\"so-widget-sow-editor so-widget-sow-editor-base\"\n\t\t\t\n\t\t>\n<div class=\"siteorigin-widget-tinymce textwidget\">\n\t<p class=\"uk-text-small\"><em>Questo gioco non riguarda le masse che scelgono la luce.<\/em><\/p>\n<\/div>\n<\/div><\/div><\/div><div id=\"panel-gb7239-69e380279a483-1-1-4\" class=\"so-panel widget widget_sow-editor\" data-index=\"18\" ><div class=\"panel-widget-style panel-widget-style-for-gb7239-69e380279a483-1-1-4\" ><div\n\t\t\t\n\t\t\tclass=\"so-widget-sow-editor so-widget-sow-editor-base\"\n\t\t\t\n\t\t>\n<div class=\"siteorigin-widget-tinymce textwidget\">\n\t<p class=\"uk-text-small\"><em>Questo gioco non riguarda le masse che scelgono la luce. Possiamo potenziare la nostra luce in modo tale da illuminare l&#8217;intera esistenza. Ma in una comunit\u00e0 con anime umane che un tempo hanno scelto di vivere sulla terra, pu\u00f2 emergere una forma di guarigione che non \u00e8 mai esistita prima.<\/em><\/p>\n<\/div>\n<\/div><\/div><\/div><div id=\"panel-gb7239-69e380279a483-1-1-5\" class=\"so-panel widget widget_sow-editor\" data-index=\"19\" ><div class=\"panel-widget-style panel-widget-style-for-gb7239-69e380279a483-1-1-5\" ><div\n\t\t\t\n\t\t\tclass=\"so-widget-sow-editor so-widget-sow-editor-base\"\n\t\t\t\n\t\t>\n<div class=\"siteorigin-widget-tinymce textwidget\">\n\t<p class=\"uk-text-small\"><em>L&#8217;uomo non avrebbe scelto la propria esistenza &#8211; la propria vita &#8211; se non fosse sempre stato entusiasta del mondo dell&#8217;amore. Infatti, avevamo bisogno di una quantit\u00e0 infinita di amore e di coraggio per entrare in questo gioco che per decidere di non vivere una vita d&#8217;amore adesso.<\/em><\/p>\n<\/div>\n<\/div><\/div><\/div><div id=\"panel-gb7239-69e380279a483-1-1-6\" class=\"so-panel widget widget_sow-editor\" data-index=\"20\" ><div class=\"panel-widget-style panel-widget-style-for-gb7239-69e380279a483-1-1-6\" ><div\n\t\t\t\n\t\t\tclass=\"so-widget-sow-editor so-widget-sow-editor-base\"\n\t\t\t\n\t\t>\n<div class=\"siteorigin-widget-tinymce textwidget\">\n\t<p class=\"uk-text-small\"><i>L&#8217;origine \u00e8 cos\u00ec chiara e semplice che la maggior parte delle persone non riesce a decifrarla. Noi esseri umani l&#8217;abbiamo ancorata nel nostro cuore e siamo in grado di accedervi in qualsiasi momento. Cos\u00ec le persone hanno di nuovo il gioco nelle loro mani.<\/i><\/p>\n<\/div>\n<\/div><\/div><\/div><div id=\"panel-gb7239-69e380279a483-1-1-7\" class=\"so-panel widget widget_sow-editor\" data-index=\"21\" ><div class=\"panel-widget-style panel-widget-style-for-gb7239-69e380279a483-1-1-7\" ><div\n\t\t\t\n\t\t\tclass=\"so-widget-sow-editor so-widget-sow-editor-base\"\n\t\t\t\n\t\t>\n<div class=\"siteorigin-widget-tinymce textwidget\">\n\t<p class=\"uk-text-small\" style=\"text-align: center;\"><em>Le persone sono una famiglia non appena si riappropriano della loro vera casa interiore e decidono consapevolmente per la pace.<\/em><\/p>\n<\/div>\n<\/div><\/div><\/div><div id=\"panel-gb7239-69e380279a483-1-1-8\" class=\"so-panel widget widget_sow-editor\" data-index=\"22\" ><div class=\"panel-widget-style panel-widget-style-for-gb7239-69e380279a483-1-1-8\" ><div\n\t\t\t\n\t\t\tclass=\"so-widget-sow-editor so-widget-sow-editor-base\"\n\t\t\t\n\t\t>\n<div class=\"siteorigin-widget-tinymce textwidget\">\n\t<p class=\"uk-text-small\" style=\"text-align: left;\"><i>Nell&#8217;energia pura non \u00e8 importante fare miracoli. Perch\u00e9 tutto ci\u00f2 di cui abbiamo bisogno per vivere ci\u00f2 che abbiamo deciso di vivere \u00e8 gi\u00e0 l\u00ec. <\/i><i>Eppure tutto ci\u00f2 che creiamo \u00e8 un miracolo.<\/i><\/p>\n<\/div>\n<\/div><\/div><\/div><div id=\"panel-gb7239-69e380279a483-1-1-9\" class=\"so-panel widget widget_sow-editor\" data-index=\"23\" ><div class=\"panel-widget-style panel-widget-style-for-gb7239-69e380279a483-1-1-9\" ><div\n\t\t\t\n\t\t\tclass=\"so-widget-sow-editor so-widget-sow-editor-base\"\n\t\t\t\n\t\t>\n<div class=\"siteorigin-widget-tinymce textwidget\">\n\t<p class=\"uk-text-small\"><i>Un salto evolutivo \u00e8 sempre qualcosa a cui l&#8217;umanit\u00e0 si prepara insieme per poterlo realizzare insieme.<\/i><\/p>\n<\/div>\n<\/div><\/div><\/div><div id=\"panel-gb7239-69e380279a483-1-1-10\" class=\"so-panel widget widget_sow-editor\" data-index=\"24\" ><div class=\"panel-widget-style panel-widget-style-for-gb7239-69e380279a483-1-1-10\" ><div\n\t\t\t\n\t\t\tclass=\"so-widget-sow-editor so-widget-sow-editor-base\"\n\t\t\t\n\t\t>\n<div class=\"siteorigin-widget-tinymce textwidget\">\n\t<p class=\"p1 uk-text-small\" style=\"text-align: left;\"><em><span class=\"s1\">L&#8217;essere umano \u00e8 pura creativit\u00e0. Con i propri mattoni interiori, pu\u00f2 creare il proprio mondo creativo in qualsiasi momento.<\/span><\/em><\/p>\n<\/div>\n<\/div><\/div><\/div><div id=\"panel-gb7239-69e380279a483-1-1-11\" class=\"so-panel widget widget_sow-editor\" data-index=\"25\" ><div class=\"panel-widget-style panel-widget-style-for-gb7239-69e380279a483-1-1-11\" ><div\n\t\t\t\n\t\t\tclass=\"so-widget-sow-editor so-widget-sow-editor-base\"\n\t\t\t\n\t\t>\n<div class=\"siteorigin-widget-tinymce textwidget\">\n\t<p class=\"uk-text-small\" style=\"text-align: center;\"><i>L&#8217;amore \u00e8 l&#8217;intelligenza che si riallinea costantemente e trova la strada per la libert\u00e0 interiore ed esteriore.<\/i><\/p>\n<\/div>\n<\/div><\/div><\/div><div id=\"panel-gb7239-69e380279a483-1-1-12\" class=\"so-panel widget widget_sow-editor\" data-index=\"26\" ><div class=\"panel-widget-style panel-widget-style-for-gb7239-69e380279a483-1-1-12\" ><div\n\t\t\t\n\t\t\tclass=\"so-widget-sow-editor so-widget-sow-editor-base\"\n\t\t\t\n\t\t>\n<div class=\"siteorigin-widget-tinymce textwidget\">\n\t<p class=\"uk-text-small\"><em>Il coraggio \u00e8 in tutti noi. Altrimenti non saremmo chi e dove siamo. Possiamo prendere questo coraggio, riattivarlo e dire &#8220;s\u00ec&#8221; a noi stessi ancora e ancora per portare sulla terra qualcosa di veramente pieno di luce.<\/em><\/p>\n<\/div>\n<\/div><\/div><\/div><div id=\"panel-gb7239-69e380279a483-1-1-13\" class=\"so-panel widget widget_sow-editor panel-last-child\" data-index=\"27\" ><div class=\"panel-widget-style panel-widget-style-for-gb7239-69e380279a483-1-1-13\" ><div\n\t\t\t\n\t\t\tclass=\"so-widget-sow-editor so-widget-sow-editor-base\"\n\t\t\t\n\t\t>\n<div class=\"siteorigin-widget-tinymce textwidget\">\n\t<p class=\"uk-text-small\" style=\"font-weight: 400;\"><em>Non \u00e8 necessario che tutte le persone raggiungano le fasi successive di un salto evolutivo attraverso salti quantici d&#8217;amore. Una persona sola pu\u00f2 vivere l&#8217;ascensione insieme alla Terra, oppure pi\u00f9 persone unite nello spirito di luce possono farlo. Persone unite nel cuore. <i>Uniti nello spirito, nessuno pu\u00f2 nuocere all&#8217;umanit\u00e0.<\/i><\/em><\/p>\n<\/div>\n<\/div><\/div><\/div><\/div><\/div><\/div>","protected":false},"excerpt":{"rendered":"<p>Citazioni Sono qui per ricordare alle persone l&#8217;amore incondizionato. Questo \u00e8 sufficiente per far progredire il gioco verso qualcosa di buono. La grandezza e la bellezza della nostra anima non possono essere conquistate da forze invisibili, perch\u00e9 \u00e8 amore nella sua stessa essenza. Le essenze primarie come l&#8217;amore e la pace sono frammenti per la [&hellip;]<\/p>\n","protected":false},"author":10,"featured_media":7655,"parent":0,"menu_order":0,"comment_status":"closed","ping_status":"closed","template":"","meta":{"_acf_changed":false,"footnotes":""},"class_list":["post-7239","page","type-page","status-publish","has-post-thumbnail","hentry"],"blocksy_meta":[],"acf":[],"permalink_history":[],"_links":{"self":[{"href":"https:\/\/anikadorothea.de\/it\/wp-json\/wp\/v2\/pages\/7239","targetHints":{"allow":["GET"]}}],"collection":[{"href":"https:\/\/anikadorothea.de\/it\/wp-json\/wp\/v2\/pages"}],"about":[{"href":"https:\/\/anikadorothea.de\/it\/wp-json\/wp\/v2\/types\/page"}],"author":[{"embeddable":true,"href":"https:\/\/anikadorothea.de\/it\/wp-json\/wp\/v2\/users\/10"}],"replies":[{"embeddable":true,"href":"https:\/\/anikadorothea.de\/it\/wp-json\/wp\/v2\/comments?post=7239"}],"version-history":[{"count":1,"href":"https:\/\/anikadorothea.de\/it\/wp-json\/wp\/v2\/pages\/7239\/revisions"}],"predecessor-version":[{"id":7247,"href":"https:\/\/anikadorothea.de\/it\/wp-json\/wp\/v2\/pages\/7239\/revisions\/7247"}],"wp:featuredmedia":[{"embeddable":true,"href":"https:\/\/anikadorothea.de\/it\/wp-json\/wp\/v2\/media\/7655"}],"wp:attachment":[{"href":"https:\/\/anikadorothea.de\/it\/wp-json\/wp\/v2\/media?parent=7239"}],"curies":[{"name":"wp","href":"https:\/\/api.w.org\/{rel}","templated":true}]}}