{"id":6277,"date":"2023-02-18T09:53:22","date_gmt":"2023-02-18T08:53:22","guid":{"rendered":"https:\/\/anikadorothea.de\/tempo-danima\/"},"modified":"2024-07-10T05:03:04","modified_gmt":"2024-07-10T03:03:04","slug":"tempo-danima","status":"publish","type":"page","link":"https:\/\/anikadorothea.de\/it\/tempo-danima\/","title":{"rendered":"Tempo d\u2019anima"},"content":{"rendered":"<div id=\"pl-gb6277-69e38414ab960\"  class=\"panel-layout wp-block-siteorigin-panels-layout-block\" ><div id=\"pg-gb6277-69e38414ab960-0\"  class=\"panel-grid panel-no-style\" ><div id=\"pgc-gb6277-69e38414ab960-0-0\"  class=\"panel-grid-cell\" ><div id=\"panel-gb6277-69e38414ab960-0-0-0\" class=\"so-panel widget widget_sow-editor panel-first-child\" data-index=\"0\" ><div\n\t\t\t\n\t\t\tclass=\"so-widget-sow-editor so-widget-sow-editor-base\"\n\t\t\t\n\t\t>\n<div class=\"siteorigin-widget-tinymce textwidget\">\n\t<p class=\"uk-text-primary fn-small-title\" style=\"text-align: center;\">Tempo d\u2019anima<\/p>\n<p style=\"text-align: center;\">L&#8217;anima \u00e8 il nucleo che fa risplendere e vivere tutto ci\u00f2 che esiste. La nostra anima \u00e8 necessaria per essere vivi e sentirsi a proprio agio sulla terra. Siamo noi esseri umani a comprendere il paradiso in terra \u2013 in cui la separazione si dissolve e l&#8217;unit\u00e0 opera nei cuori \u2013 per compiere con coraggio i passi successivi verso un mondo nuovo e pieno di luce.<\/p>\n<\/div>\n<\/div><\/div><div id=\"panel-gb6277-69e38414ab960-0-0-1\" class=\"so-panel widget widget_sow-image panel-last-child\" data-index=\"1\" ><div\n\t\t\t\n\t\t\tclass=\"so-widget-sow-image so-widget-sow-image-default-8b5b6f678277-6277\"\n\t\t\t\n\t\t>\n<div class=\"sow-image-container\">\n\t\t<img \n\tsrc=\"https:\/\/anikadorothea.de\/wp-content\/uploads\/2023\/03\/butterflies-g662a59756_1920.jpg\" width=\"1920\" height=\"1280\" srcset=\"https:\/\/anikadorothea.de\/wp-content\/uploads\/2023\/03\/butterflies-g662a59756_1920.jpg 1920w, https:\/\/anikadorothea.de\/wp-content\/uploads\/2023\/03\/butterflies-g662a59756_1920-300x200.jpg 300w, https:\/\/anikadorothea.de\/wp-content\/uploads\/2023\/03\/butterflies-g662a59756_1920-1024x683.jpg 1024w, https:\/\/anikadorothea.de\/wp-content\/uploads\/2023\/03\/butterflies-g662a59756_1920-768x512.jpg 768w, https:\/\/anikadorothea.de\/wp-content\/uploads\/2023\/03\/butterflies-g662a59756_1920-1536x1024.jpg 1536w\" sizes=\"(max-width: 1920px) 100vw, 1920px\" alt=\"\" \t\tclass=\"so-widget-image\"\/>\n\t<\/div>\n\n<\/div><\/div><\/div><\/div><\/div>","protected":false},"excerpt":{"rendered":"<p>Tempo d\u2019anima L&#8217;anima \u00e8 il nucleo che fa risplendere e vivere tutto ci\u00f2 che esiste. La nostra anima \u00e8 necessaria per essere vivi e sentirsi a proprio agio sulla terra. Siamo noi esseri umani a comprendere il paradiso in terra \u2013 in cui la separazione si dissolve e l&#8217;unit\u00e0 opera nei cuori \u2013 per compiere [&hellip;]<\/p>\n","protected":false},"author":10,"featured_media":0,"parent":0,"menu_order":0,"comment_status":"closed","ping_status":"closed","template":"","meta":{"_acf_changed":false,"footnotes":""},"class_list":["post-6277","page","type-page","status-publish","hentry"],"blocksy_meta":[],"acf":[],"permalink_history":[],"_links":{"self":[{"href":"https:\/\/anikadorothea.de\/it\/wp-json\/wp\/v2\/pages\/6277","targetHints":{"allow":["GET"]}}],"collection":[{"href":"https:\/\/anikadorothea.de\/it\/wp-json\/wp\/v2\/pages"}],"about":[{"href":"https:\/\/anikadorothea.de\/it\/wp-json\/wp\/v2\/types\/page"}],"author":[{"embeddable":true,"href":"https:\/\/anikadorothea.de\/it\/wp-json\/wp\/v2\/users\/10"}],"replies":[{"embeddable":true,"href":"https:\/\/anikadorothea.de\/it\/wp-json\/wp\/v2\/comments?post=6277"}],"version-history":[{"count":1,"href":"https:\/\/anikadorothea.de\/it\/wp-json\/wp\/v2\/pages\/6277\/revisions"}],"predecessor-version":[{"id":6279,"href":"https:\/\/anikadorothea.de\/it\/wp-json\/wp\/v2\/pages\/6277\/revisions\/6279"}],"wp:attachment":[{"href":"https:\/\/anikadorothea.de\/it\/wp-json\/wp\/v2\/media?parent=6277"}],"curies":[{"name":"wp","href":"https:\/\/api.w.org\/{rel}","templated":true}]}}