{"id":3273,"date":"2023-04-12T09:25:10","date_gmt":"2023-04-12T07:25:10","guid":{"rendered":"https:\/\/anikadorothea.de\/suggerimenti\/"},"modified":"2023-12-31T07:03:07","modified_gmt":"2023-12-31T06:03:07","slug":"suggerimenti","status":"publish","type":"page","link":"https:\/\/anikadorothea.de\/it\/suggerimenti\/","title":{"rendered":"Suggerimenti"},"content":{"rendered":"<div id=\"pl-gb3273-69e3821580052\"  class=\"panel-layout\" ><div id=\"pg-gb3273-69e3821580052-0\"  class=\"panel-grid panel-no-style\" ><div id=\"pgc-gb3273-69e3821580052-0-0\"  class=\"panel-grid-cell\" ><div id=\"panel-gb3273-69e3821580052-0-0-0\" class=\"so-panel widget widget_sow-editor panel-first-child panel-last-child\" data-index=\"0\" ><div\n\t\t\t\n\t\t\tclass=\"so-widget-sow-editor so-widget-sow-editor-base\"\n\t\t\t\n\t\t>\n<div class=\"siteorigin-widget-tinymce textwidget\">\n\t<p class=\"uk-text-primary fn-small-title\" style=\"text-align: center;\">Raccomandazioni per la chiarezza e la guarigione olistica<\/p>\n<p style=\"text-align: center;\">Queste persone meravigliose hanno il talento di far tornare a splendere le anime doloranti, velate e indebolite. Offrono strumenti che possono essere utilizzati in tutti gli ambiti della vita presente, e che portano a cambiamenti per il proprio futuro luminoso e quindi per quello delle altre luci della terra e del cosmo.<br \/>\nCon una costante apertura di cuore e un&#8217;incredibile devozione all&#8217;amore, trovano esattamente i punti che ti impediscono di realizzare il potere interiore della tua anima, in modo che tu possa continuare a svilupparti in modo sostenibile e a dispiegarti in tutte le direzioni con piena chiarezza spirituale, fisica e dell&#8217;anima.<\/p>\n<\/div>\n<\/div><\/div><\/div><\/div><div id=\"pg-gb3273-69e3821580052-1\"  class=\"panel-grid panel-has-style\" ><div class=\"fn-background-primary-right siteorigin-panels-stretch panel-row-style panel-row-style-for-gb3273-69e3821580052-1\" data-stretch-type=\"full\" ><div id=\"pgc-gb3273-69e3821580052-1-0\"  class=\"panel-grid-cell\" ><div id=\"panel-gb3273-69e3821580052-1-0-0\" class=\"so-panel widget widget_sow-editor panel-first-child\" data-index=\"1\" ><div class=\"so-rounded panel-widget-style panel-widget-style-for-gb3273-69e3821580052-1-0-0\" ><div\n\t\t\t\n\t\t\tclass=\"so-widget-sow-editor so-widget-sow-editor-base\"\n\t\t\t\n\t\t>\n<div class=\"siteorigin-widget-tinymce textwidget\">\n\t<h4 style=\"text-align: center;\"><em><br \/>\nHeiko Cramer<\/em><\/h4>\n<p style=\"text-align: center;\">accompagna le persone da molti anni per aiutarle a sviluppare uno stile di vita ottimale basato sul cuore e incentrato sul corpo fisico. Lavora in modo olistico e rintraccia i problemi di blocco all&#8217;interno dei suoi trattamenti per dare impulsi mirati per una vita libera e appagata. &#8220;Ci\u00f2 che un tempo prometteva di rendere pi\u00f9 facile l&#8217;esistenza dell&#8217;uomo \u00e8 da tempo superato. L&#8217;impulso alla fuga innesca una ricerca di quiete e armonia, di salute e di scoperta di s\u00e9.&#8221; Come operatore alternativo, mentore ed esperto di Medicina Tradizionale Cinese, sa come portare delicatamente lo stato di salute attuale dell&#8217;uomo in armonia ed equilibrio, fornendo cos\u00ec impulsi per uno sviluppo facile ed energetico.<\/p>\n<p><img loading=\"lazy\" decoding=\"async\" class=\"alignnone size-medium wp-image-1401 aligncenter\" src=\"https:\/\/anikadorothea.de\/wp-content\/uploads\/2023\/05\/72EBF1A1-8D04-4390-BED2-57CDC9785460-225x300.jpeg\" alt=\"\" width=\"225\" height=\"300\" srcset=\"https:\/\/anikadorothea.de\/wp-content\/uploads\/2023\/05\/72EBF1A1-8D04-4390-BED2-57CDC9785460-225x300.jpeg 225w, https:\/\/anikadorothea.de\/wp-content\/uploads\/2023\/05\/72EBF1A1-8D04-4390-BED2-57CDC9785460-768x1024.jpeg 768w, https:\/\/anikadorothea.de\/wp-content\/uploads\/2023\/05\/72EBF1A1-8D04-4390-BED2-57CDC9785460.jpeg 960w\" sizes=\"auto, (max-width: 225px) 100vw, 225px\" \/><\/p>\n<p style=\"text-align: center;\"><a href=\"https:\/\/www.akupunktur-cramer.de\" target=\"_blank\" rel=\"noopener\">https:\/\/www.akupunktur-cramer.de<\/a><\/p>\n<\/div>\n<\/div><\/div><\/div><div id=\"panel-gb3273-69e3821580052-1-0-1\" class=\"so-panel widget widget_sow-editor panel-last-child\" data-index=\"2\" ><div class=\"so-rounded panel-widget-style panel-widget-style-for-gb3273-69e3821580052-1-0-1\" ><div\n\t\t\t\n\t\t\tclass=\"so-widget-sow-editor so-widget-sow-editor-base\"\n\t\t\t\n\t\t>\n<div class=\"siteorigin-widget-tinymce textwidget\">\n\t<h4 style=\"text-align: center;\"><em>Enrico Otto<\/em><\/h4>\n<p style=\"text-align: center;\">come consulente specializzato in salute olistica, fitness e health trainer, apre una visione globale per una vita quotidiana in armonia e profonda soddisfazione interiore. Trasmette le sue conoscenze con numerosi esercizi che permettono di superare in breve tempo i propri limiti fisici, mentali e spirituali. Si occupa della guarigione naturale, dolce e rispettosa della vita di tutti gli esseri viventi. Dice: &#8220;La natura \u00e8 la base di tutta la vita. L&#8217;essere umano, nel suo ordine divino, \u00e8 perfetto. All&#8217;interno di questo ordine divino non esistono squilibri o malattie. \u00c8 la natura che l&#8217;uomo deve riconoscere dentro di s\u00e9 per condurre una vita appagante&#8221;.<\/p>\n<p><img loading=\"lazy\" decoding=\"async\" class=\"aligncenter\" src=\"https:\/\/anikadorothea.de\/wp-content\/uploads\/2023\/04\/signal-2021-08-05-181006-6-300x225.jpg\" alt=\"\" width=\"300\" height=\"225\"><\/p>\n<p style=\"text-align: center;\"><a href=\"https:\/\/otto-training.jimdofree.com\" target=\"_blank\" rel=\"noopener\">https:\/\/otto-training.jimdofree.com<\/a><\/p>\n<p>&nbsp;<\/p>\n<\/div>\n<\/div><\/div><\/div><\/div><div id=\"pgc-gb3273-69e3821580052-1-1\"  class=\"panel-grid-cell\" ><div id=\"panel-gb3273-69e3821580052-1-1-0\" class=\"so-panel widget widget_sow-editor panel-first-child panel-last-child\" data-index=\"3\" ><div class=\"so-rounded panel-widget-style panel-widget-style-for-gb3273-69e3821580052-1-1-0\" ><div\n\t\t\t\n\t\t\tclass=\"so-widget-sow-editor so-widget-sow-editor-base\"\n\t\t\t\n\t\t>\n<div class=\"siteorigin-widget-tinymce textwidget\">\n\t<h4 style=\"text-align: center;\"><em>Doreen Peters<\/em><\/h4>\n<p style=\"text-align: center;\">\u00e8 una donna decisamente dedita alla Luce che offre ai bambini e ad altre persone un aiuto per un&#8217;auto-realizzazione costruttiva e sostenibile. Grazie alle sue capacit\u00e0 di apertura, \u00e8 in grado di filtrare l&#8217;essenziale di ogni individuo nel pi\u00f9 breve tempo possibile, per costruire le basi di una vita e di una convivenza serene, armoniose e autodeterminate, e per potersi sviluppare all&#8217;interno di esse. Una delle sue caratteristiche pi\u00f9 importanti \u00e8 l&#8217;apprezzamento e l&#8217;elevazione della propria vera grandezza interiore, che sa accompagnare nella luce originale, soprattutto attraverso l&#8217;attenzione mentale. Utilizza questi suoi doni nella vita di tutti i giorni e per le sue sessioni di coaching, sempre gradite e toccanti, che si basano sulle informazioni e sui metodi percettivo-psicologici, neurologici e quantistico-fisici pi\u00f9 aggiornati. Dice: &#8220;L&#8217;essere umano nel suo intimo \u00e8 un miracolo che respira. Quando ci lasciamo cadere nel nostro cuore e ci apriamo a questa esperienza, le limitazioni imposte cadono sempre pi\u00f9. Diventiamo consapevoli del potere e dell&#8217;energia divina che ci attraversa e ci circonda e ci rendiamo conto che tutto \u00e8 possibile!&#8221;<\/p>\n<h5 style=\"text-align: center;\"><em><img loading=\"lazy\" decoding=\"async\" class=\"alignnone size-medium wp-image-1471\" src=\"https:\/\/anikadorothea.de\/wp-content\/uploads\/2023\/06\/2a75fe9e-ef57-40f4-b005-b7a1ea78cb3a-225x300.jpg\" alt=\"\" width=\"225\" height=\"300\" srcset=\"https:\/\/anikadorothea.de\/wp-content\/uploads\/2023\/06\/2a75fe9e-ef57-40f4-b005-b7a1ea78cb3a-225x300.jpg 225w, https:\/\/anikadorothea.de\/wp-content\/uploads\/2023\/06\/2a75fe9e-ef57-40f4-b005-b7a1ea78cb3a.jpg 768w\" sizes=\"auto, (max-width: 225px) 100vw, 225px\" \/><\/em><\/h5>\n<p style=\"text-align: center;\"><a href=\"https:\/\/www.optimental.de\" target=\"_blank\" rel=\"noopener\">https:\/\/<\/a><a href=\"https:\/\/www.optimental.de\" target=\"_blank\" rel=\"noopener\">www.optimental.de<\/a><\/p>\n<\/div>\n<\/div><\/div><\/div><\/div><\/div><\/div><\/div>","protected":false},"excerpt":{"rendered":"<p>Raccomandazioni per la chiarezza e la guarigione olistica Queste persone meravigliose hanno il talento di far tornare a splendere le anime doloranti, velate e indebolite. Offrono strumenti che possono essere utilizzati in tutti gli ambiti della vita presente, e che portano a cambiamenti per il proprio futuro luminoso e quindi per quello delle altre luci [&hellip;]<\/p>\n","protected":false},"author":10,"featured_media":0,"parent":0,"menu_order":0,"comment_status":"closed","ping_status":"closed","template":"","meta":{"_acf_changed":false,"footnotes":""},"class_list":["post-3273","page","type-page","status-publish","hentry"],"blocksy_meta":[],"acf":[],"permalink_history":[],"_links":{"self":[{"href":"https:\/\/anikadorothea.de\/it\/wp-json\/wp\/v2\/pages\/3273","targetHints":{"allow":["GET"]}}],"collection":[{"href":"https:\/\/anikadorothea.de\/it\/wp-json\/wp\/v2\/pages"}],"about":[{"href":"https:\/\/anikadorothea.de\/it\/wp-json\/wp\/v2\/types\/page"}],"author":[{"embeddable":true,"href":"https:\/\/anikadorothea.de\/it\/wp-json\/wp\/v2\/users\/10"}],"replies":[{"embeddable":true,"href":"https:\/\/anikadorothea.de\/it\/wp-json\/wp\/v2\/comments?post=3273"}],"version-history":[{"count":6,"href":"https:\/\/anikadorothea.de\/it\/wp-json\/wp\/v2\/pages\/3273\/revisions"}],"predecessor-version":[{"id":3571,"href":"https:\/\/anikadorothea.de\/it\/wp-json\/wp\/v2\/pages\/3273\/revisions\/3571"}],"wp:attachment":[{"href":"https:\/\/anikadorothea.de\/it\/wp-json\/wp\/v2\/media?parent=3273"}],"curies":[{"name":"wp","href":"https:\/\/api.w.org\/{rel}","templated":true}]}}