{"id":3262,"date":"2019-06-25T17:38:58","date_gmt":"2019-06-25T15:38:58","guid":{"rendered":"https:\/\/anikadorothea.de\/protezione-dei-dati\/"},"modified":"2019-06-25T17:38:58","modified_gmt":"2019-06-25T15:38:58","slug":"protezione-dei-dati","status":"publish","type":"page","link":"https:\/\/anikadorothea.de\/it\/protezione-dei-dati\/","title":{"rendered":"Protezione dei dati"},"content":{"rendered":"<div id=\"pl-3262\"  class=\"panel-layout\" ><div id=\"pg-3262-0\"  class=\"panel-grid panel-has-style\" ><div class=\"uk-padding-large uk-background-muted panel-row-style panel-row-style-for-3262-0\" ><div id=\"pgc-3262-0-0\"  class=\"panel-grid-cell\" ><div id=\"panel-3262-0-0-0\" class=\"so-panel widget widget_sow-editor panel-first-child panel-last-child\" data-index=\"0\" ><div\n\t\t\t\n\t\t\tclass=\"so-widget-sow-editor so-widget-sow-editor-base\"\n\t\t\t\n\t\t>\n<div class=\"siteorigin-widget-tinymce textwidget\">\n\t<h1>Informativa sulla privacy<\/h1>\n<h2>La protezione dei dati in sintesi<\/h2>\n<h3>Informazioni generali<\/h3>\n<p>Le seguenti informazioni forniscono una semplice panoramica di ci\u00f2 che accade ai vostri dati personali quando visitate il nostro sito web. Per dati personali si intendono tutti i dati che consentono di identificarvi personalmente. Per informazioni pi\u00f9 dettagliate sulla protezione dei dati, consultare la nostra dichiarazione sulla protezione dei dati in calce al presente testo.<\/p>\n<h3>Raccolta di dati sul nostro sito web<\/h3>\n<p><strong>Chi \u00e8 responsabile della raccolta dei dati su questo sito web?<\/strong><\/p>\n<p>L'elaborazione dei dati su questo sito web viene effettuata dal gestore del sito. I suoi dati di contatto sono riportati nell'imprinting di questo sito web.<\/p>\n<p><strong>Come raccogliamo i vostri dati?<\/strong><\/p>\n<p>Da un lato, i vostri dati vengono raccolti quando ce li fornite. Pu\u00f2 trattarsi, ad esempio, dei dati inseriti in un modulo di contatto.<\/p>\n<p>Altri dati vengono raccolti automaticamente dai nostri sistemi informatici quando visitate il sito web. Si tratta principalmente di dati tecnici (ad es. browser internet, sistema operativo o tempo di visualizzazione della pagina). Questi dati vengono raccolti automaticamente non appena si accede al nostro sito web.<\/p>\n<p><strong>Per cosa utilizziamo i vostri dati?<\/strong><\/p>\n<p>Una parte dei dati viene raccolta per garantire una fornitura del sito web priva di errori. Altri dati possono essere utilizzati per analizzare il comportamento degli utenti.<\/p>\n<p><strong>Quali diritti avete in merito ai vostri dati?<\/strong><\/p>\n<p>Avete il diritto di ricevere gratuitamente in qualsiasi momento informazioni sull'origine, il destinatario e lo scopo dei vostri dati personali memorizzati. Avete inoltre il diritto di richiedere la correzione, il blocco o la cancellazione di tali dati. Potete contattarci in qualsiasi momento all'indirizzo indicato nell'imprinting per questo scopo e per ulteriori domande sul tema della protezione dei dati. Inoltre, avete il diritto di presentare un reclamo all'autorit\u00e0 di vigilanza competente.<\/p>\n<h3>Strumenti di analisi e strumenti di fornitori terzi<\/h3>\n<p>Quando visitate il nostro sito web, il vostro comportamento di navigazione pu\u00f2 essere analizzato statisticamente. Ci\u00f2 avviene principalmente con i cookie e i cosiddetti programmi di analisi. L'analisi del vostro comportamento di navigazione \u00e8 solitamente anonima; il comportamento di navigazione non pu\u00f2 essere ricondotto a voi. Potete opporvi a questa analisi o impedirla non utilizzando determinati strumenti. Informazioni dettagliate al riguardo sono contenute nella seguente dichiarazione sulla protezione dei dati.<\/p>\n<p>Potete opporvi a questa analisi. Vi informeremo sulle possibilit\u00e0 di opposizione nella presente dichiarazione sulla protezione dei dati.<\/p>\n<h2>Note generali e informazioni obbligatorie<\/h2>\n<h3>Protezione dei dati<\/h3>\n<p>I gestori di queste pagine prendono molto sul serio la protezione dei vostri dati personali. Trattiamo i vostri dati personali in modo confidenziale e in conformit\u00e0 alle norme di legge sulla protezione dei dati e alla presente dichiarazione sulla protezione dei dati.<\/p>\n<p>Quando utilizzate questo sito web, vengono raccolti diversi dati personali. I dati personali sono dati che consentono di identificarvi personalmente. La presente Informativa sulla privacy spiega quali informazioni raccogliamo e come le utilizziamo. Spiega inoltre come e per quale scopo ci\u00f2 avviene.<\/p>\n<p>Desideriamo sottolineare che la trasmissione di da- su Internet (ad esempio, quando si comunica via e-mail) pu\u00f2 presentare lacune nella sicurezza. Non \u00e8 possibile proteggere completamente i dati dall'accesso di terzi.<\/p>\n<h3>Nota sull'ufficio responsabile<\/h3>\n<p>Il responsabile del trattamento dei dati su questo sito web \u00e8:<\/p>\n<p>[firmenname]<\/p>\n<p>Anika Dorothea Melle<br \/>\n[strasse]<br \/>\n[plz-ort]<br \/>\nE-Mail: [mail]<\/p>\n<p>Il responsabile del trattamento \u00e8 la persona fisica o giuridica che, da sola o insieme ad altri, determina le finalit\u00e0 e i mezzi del trattamento dei da- personali (ad es. nomi, indirizzi e-mail o simili).<\/p>\n<h3>Revoca del consenso al trattamento dei dati<\/h3>\n<p>Molte operazioni di trattamento dei dati sono possibili solo con il vostro esplicito consenso. Potete revocare in qualsiasi momento il consenso che avete gi\u00e0 dato. A tal fine, \u00e8 sufficiente una comunicazione informale via e-mail. La legalit\u00e0 del trattamento dei dati effettuato fino alla revoca rimane inalterata.<\/p>\n<h3>Diritto di ricorso all'autorit\u00e0 di controllo competente<\/h3>\n<p>In caso di violazione della legge sulla protezione dei dati, l'interessato ha il diritto di ricorrere all'autorit\u00e0 di controllo competente. L'autorit\u00e0 di controllo competente in materia di legge sulla protezione dei dati \u00e8 il Commissario di Stato per la protezione dei dati dello Stato federale in cui ha sede la nostra azienda. L'elenco dei responsabili della protezione dei da- e i loro da- di contaAo sono disponibili al seguente link: <a href=\"https:\/\/www.bfdi.bund.de\/DE\/Infothek\/Anschriften_Links\/anschriften_links-node.html\" target=\"_blank\" rel=\"noopener\">https:\/\/www.bfdi.bund.de\/DE\/Infothek\/Anschriften_Links\/anschriften_links-node.html<\/a>.<\/p>\n<h3>Diritto alla portabilit\u00e0 dei dati<\/h3>\n<p>Avete il diritto di ottenere che i dati da noi elabora- automa-camente sulla base del vostro consenso o in adempimento di un contratto vengano consegnati a voi o a terzi in un formato comune e leggibile a macchina. Se richiedete il trasferimento diretto dei dati a un'altra parte responsabile, ci\u00f2 avverr\u00e0 solo nella misura in cui \u00e8 tecnicamente possibile.<\/p>\n<h3>Crittografia SSL o TLS<\/h3>\n<p>Diese Seite nutzt aus Per motivi di sicurezza e per proteggere la trasmissione di contenuti riservati, come gli ordini o le richieste di informazioni che ci inviate in qualit\u00e0 di gestore del sito, questo sito utilizza la crittografia SSL o TLS. \u00c8 possibile riconoscere una connessione crittografata dal fatto che la riga dell'indirizzo del browser passa da \"http:\/\/\" a \"https:\/\/\" e dal simbolo del lucchetto nella riga del browser.<\/p>\n<p>Se la crittografia SSL o TLS \u00e8 attivata, i dati che ci trasmettete non possono essere letti da terzi.<\/p>\n<h3>Informazioni, blocco, cancellazione<\/h3>\n<p>Nell'ambito delle disposizioni di legge applicabili, avete il diritto di ottenere in qualsiasi momento informazioni gratuite sui vostri da- personali memorizzati, sulla loro origine e sul loro destinatario, nonch\u00e9 sullo scopo del trattamento dei dati e, se del caso, il diritto alla correzione, al blocco o alla cancellazione di tali dati. A questo scopo e per ulteriori domande sul tema dei dati personali, potete contattarci in qualsiasi momento all'indirizzo indicato nell'impronta.<\/p>\n<h3>Obiezione alle e-mail pubblicitarie<\/h3>\n<p>Con la presente ci opponiamo all'utilizzo dei dati di contatto pubblicati nell'ambito dell'obbligo di imprinting per l'invio di materiale pubblicitario e informativo non espressamente richiesto. I gestori delle pagine si riservano espressamente il diritto di intraprendere azioni legali in caso di invio non richiesto di informazioni pubblicitarie, ad esempio tramite e-mail di spam.<\/p>\n<h2>Raccolta di dati sul nostro sito web<\/h2>\n<h3>I cookie<\/h3>\n<p>Alcune pagine Internet utilizzano i cosiddetti cookie. I cookie non danneggiano il vostro computer e non contengono virus. I cookie servono a rendere la nostra offerta pi\u00f9 semplice, efficace e sicura. I cookie sono piccoli file di testo che vengono memorizzati sul vostro computer e salvati dal vostro browser.<\/p>\n<p>La maggior parte dei cookie che utilizziamo sono i cosiddetti \"cookie di sessione\". Vengono cancellati automaticamente al termine della visita. Altri cookie rimangono memorizzati sul vostro terminale finch\u00e9 non li cancellate. Questi cookie ci consentono di riconoscere il vostro browser alla vostra prossima visita.<\/p>\n<p>Potete impostare il vostro browser in modo da essere informati sull'impostazione dei cookie e consentire i cookie solo in singoli casi, escludere l'accettazione dei cookie per determina- casi o in generale e attivare la cancellazione automatica dei cookie alla chiusura del browser. Se disattivate i cookie, la funzionalit\u00e0 di questo sito web potrebbe essere limitata.<\/p>\n<p>I cookie necessari per lo svolgimento del processo di comunicazione elettronica o per la fornitura di determinate funzioni richieste dall'utente (ad es. la funzione carrello) vengono memorizzati sulla base dell'art. 6 comma 1 lett. f DSGVO. Il gestore del sito web ha un interesse legitimo a memorizzare i cookie per una fornitura tecnicamente priva di errori e otimizzata dei propri servizi. Nella misura in cui vengono memorizzati altri cookie (ad es. cookie per l'analisi del comportamento di navigazione), questi vengono trattati separatamente nella presente dichiarazione sulla protezione dei dati.<\/p>\n<h3>File di log del server<\/h3>\n<p>Il fornitore delle pagine raccoglie e memorizza automaticamente informazioni nei cosiddetti file di log del server, che il vostro browser ci trasmette automaticamente. Si tratta di:<\/p>\n<ul>\n<li>tipo e versione del browser<\/li>\n<li>sistema operativo utilizzato<\/li>\n<li>URL di riferimento<\/li>\n<li>Nome host del computer di accesso<\/li>\n<li>Ora della richiesta al server<\/li>\n<li>Indirizzo IP<\/li>\n<\/ul>\n<p>Questi dati non vengono uniti ad altre fonti di dati.<\/p>\n<p>La base per il trattamento dei dati \u00e8 l'art. 6 cpv. 1 lett. f DSGVO, che consente il trattamento dei dati per l'adempimento di un contratto o di misure precontrattuali.<\/p>\n<h3>Modulo di contatto<\/h3>\n<p>Se ci inviate richieste tramite il modulo di contatto, i vostri dati del modulo di richiesta, compresi i dati di contatto che ci avete fornito, saranno da noi memorizzati per l'elaborazione della richiesta e in caso di domande successive. Non trasmetiamo questi dati senza il vostro consenso.<\/p>\n<p>Il trattamento dei dati inseriti nel modulo di contatto si basa pertanto esclusivamente sul vostro consenso (art. 6 cpv. 1 lett. a DSGVO). Il consenso pu\u00f2 essere revocato in qualsiasi momento. A tal fine, \u00e8 sufficiente una comunicazione informale via e-mail. La legalit\u00e0 delle operazioni di trattamento dei dati effettuate fino alla revoca rimane inalterata.<\/p>\n<p>I dati inseriti nel modulo di contatto rimarranno presso di noi fino a quando non ci chiederete di cancellarli, non revocherete il vostro consenso alla loro memorizzazione o fino a quando lo scopo della memorizzazione dei da- non sar\u00e0 pi\u00f9 valido (ad esempio, dopo che avremo completato l'elaborazione della vostra richiesta). Le disposizioni di legge obbligatorie, in particolare i periodi di conservazione, rimangono inalterate.<\/p>\n<h2>Plugin e strumenti<\/h2>\n<h3>Google Web Fonts<\/h3>\n<p>Questo sito u-lizza i cosiddetti web fonts forni- da Google per la visualizzazione uniforme dei caratteri. Quando richiamate una pagina, il vostro browser carica nella sua cache i web font necessari per visualizzare correttamente tes- e caratteri.<\/p>\n<p>A tal fine, il browser u-lizzato deve collegarsi ai server di Google. In questo modo Google viene informato che il nostro sito web \u00e8 stato visitato tramite il vostro indirizzo IP. I Web Fonts di Google vengono u-lizza- nell'interesse di una presentazione uniforme e accattivante delle nostre offerte online. Ci\u00f2 rappresenta un interesse legittimo ai sensi dell'art. 6 comma 1 lett. f DSGVO.<\/p>\n<p>Se il vostro browser non supporta i web font, verr\u00e0 u-lizzato un font standard del vostro computer.<\/p>\n<p>Ulteriori informazioni sui Google Web Fonts sono disponibili all'indirizzo <a href=\"https:\/\/developers.google.com\/fonts\/faq\" target=\"_blank\" rel=\"noopener\">https:\/\/developers.google.com\/fonts\/faq<\/a> e nell'informativa sulla privacy di Google: <a href=\"https:\/\/www.google.com\/policies\/privacy\/\" target=\"_blank\" rel=\"noopener\">https:\/\/www.google.com\/policies\/privacy\/<\/a>.<\/p>\n<\/div>\n<\/div><\/div><\/div><\/div><\/div><\/div>","protected":false},"excerpt":{"rendered":"<p>Informativa sulla privacy La protezione dei dati in sintesi Informazioni generali Le seguenti informazioni forniscono una semplice panoramica di ci\u00f2 che accade ai vostri dati personali quando visitate il nostro sito web. Per dati personali si intendono tutti i dati che consentono di identificarvi personalmente. Per informazioni pi\u00f9 dettagliate sulla protezione dei dati, consultare la [&hellip;]<\/p>\n","protected":false},"author":10,"featured_media":1990,"parent":0,"menu_order":0,"comment_status":"closed","ping_status":"closed","template":"","meta":{"_acf_changed":false,"footnotes":""},"class_list":["post-3262","page","type-page","status-publish","has-post-thumbnail","hentry"],"blocksy_meta":[],"acf":[],"permalink_history":[],"_links":{"self":[{"href":"https:\/\/anikadorothea.de\/it\/wp-json\/wp\/v2\/pages\/3262","targetHints":{"allow":["GET"]}}],"collection":[{"href":"https:\/\/anikadorothea.de\/it\/wp-json\/wp\/v2\/pages"}],"about":[{"href":"https:\/\/anikadorothea.de\/it\/wp-json\/wp\/v2\/types\/page"}],"author":[{"embeddable":true,"href":"https:\/\/anikadorothea.de\/it\/wp-json\/wp\/v2\/users\/10"}],"replies":[{"embeddable":true,"href":"https:\/\/anikadorothea.de\/it\/wp-json\/wp\/v2\/comments?post=3262"}],"version-history":[{"count":0,"href":"https:\/\/anikadorothea.de\/it\/wp-json\/wp\/v2\/pages\/3262\/revisions"}],"wp:featuredmedia":[{"embeddable":true,"href":"https:\/\/anikadorothea.de\/it\/wp-json\/wp\/v2\/media\/1990"}],"wp:attachment":[{"href":"https:\/\/anikadorothea.de\/it\/wp-json\/wp\/v2\/media?parent=3262"}],"curies":[{"name":"wp","href":"https:\/\/api.w.org\/{rel}","templated":true}]}}