{"id":2746,"date":"2022-11-07T15:52:36","date_gmt":"2022-11-07T14:52:36","guid":{"rendered":"https:\/\/anikadorothea.de\/seminari\/"},"modified":"2024-09-20T20:42:05","modified_gmt":"2024-09-20T18:42:05","slug":"seminari","status":"publish","type":"page","link":"https:\/\/anikadorothea.de\/it\/seminari\/","title":{"rendered":"Progetti"},"content":{"rendered":"<div id=\"pl-gb2746-69e399c101145\"  class=\"panel-layout\" ><div id=\"pg-gb2746-69e399c101145-0\"  class=\"panel-grid panel-no-style\" ><div id=\"pgc-gb2746-69e399c101145-0-0\"  class=\"panel-grid-cell panel-grid-cell-empty\" ><\/div><div id=\"pgc-gb2746-69e399c101145-0-1\"  class=\"panel-grid-cell panel-grid-cell-mobile-last\" ><div id=\"panel-gb2746-69e399c101145-0-1-0\" class=\"so-panel widget widget_sow-editor panel-first-child panel-last-child\" data-index=\"0\" ><div\n\t\t\t\n\t\t\tclass=\"so-widget-sow-editor so-widget-sow-editor-base\"\n\t\t\t\n\t\t>\n<div class=\"siteorigin-widget-tinymce textwidget\">\n\t<blockquote class=\"fn-blockquote\">\n<p style=\"text-align: center;\">\u201cNoi esseri umani siamo delle meraviglie!\u201d<\/p>\n<\/blockquote>\n<\/div>\n<\/div><\/div><\/div><div id=\"pgc-gb2746-69e399c101145-0-2\"  class=\"panel-grid-cell panel-grid-cell-empty\" ><\/div><\/div><div id=\"pg-gb2746-69e399c101145-1\"  class=\"panel-grid panel-has-style\" ><div class=\"fn-background-primary-right siteorigin-panels-stretch panel-row-style panel-row-style-for-gb2746-69e399c101145-1\" data-stretch-type=\"full\" ><div id=\"pgc-gb2746-69e399c101145-1-0\"  class=\"panel-grid-cell\" ><div id=\"panel-gb2746-69e399c101145-1-0-0\" class=\"so-panel widget widget_sow-editor panel-first-child panel-last-child\" data-index=\"1\" ><div\n\t\t\t\n\t\t\tclass=\"so-widget-sow-editor so-widget-sow-editor-base\"\n\t\t\t\n\t\t>\n<div class=\"siteorigin-widget-tinymce textwidget\">\n\t<p class=\"fn-small-title\">Realit\u00e0<\/p>\n<h1>Realt\u00e0 diverse in un unico mondo<\/h1>\n<p>Ognuno di noi crea la propria realt\u00e0. La diversit\u00e0 delle realt\u00e0 \u00e8 ci\u00f2 che rende la vita cos\u00ec unica. Siamo nati per vivere in pace come umanit\u00e0, indipendentemente da queste diverse realt\u00e0. Ci\u00f2 che a noi umani \u00e8 concesso di capire \u00e8 che la terra stessa \u00e8 un paradiso.<\/p>\n<p>Siamo noi che possiamo semplicemente riconoscerlo, viverlo e goderne. Uniti nello spirito, questo \u00e8 facile. L&#8217;arte consiste nel manifestare un&#8217;unit\u00e0 nella verit\u00e0, nell&#8217;amore e nella libert\u00e0 a partire da questa diversit\u00e0. \u00c8 la nostra vocazione a farlo&#8230; dobbiamo solo dare il &#8220;s\u00ec&#8221; consapevole e chiarito all&#8217;essere umani.<\/p>\n<\/div>\n<\/div><\/div><\/div><div id=\"pgc-gb2746-69e399c101145-1-1\"  class=\"panel-grid-cell\" ><div id=\"panel-gb2746-69e399c101145-1-1-0\" class=\"so-panel widget widget_sow-image panel-first-child panel-last-child\" data-index=\"2\" ><div class=\"uk-padding fn-padding-remove panel-widget-style panel-widget-style-for-gb2746-69e399c101145-1-1-0\" ><div\n\t\t\t\n\t\t\tclass=\"so-widget-sow-image so-widget-sow-image-default-8b5b6f678277-2746\"\n\t\t\t\n\t\t>\n<div class=\"sow-image-container\">\n\t\t<img \n\tsrc=\"https:\/\/anikadorothea.de\/wp-content\/uploads\/2022\/12\/dandelion-seeds-768x512.jpg\" width=\"768\" height=\"512\" srcset=\"https:\/\/anikadorothea.de\/wp-content\/uploads\/2022\/12\/dandelion-seeds-768x512.jpg 768w, https:\/\/anikadorothea.de\/wp-content\/uploads\/2022\/12\/dandelion-seeds-300x200.jpg 300w, https:\/\/anikadorothea.de\/wp-content\/uploads\/2022\/12\/dandelion-seeds-1024x683.jpg 1024w, https:\/\/anikadorothea.de\/wp-content\/uploads\/2022\/12\/dandelion-seeds-1536x1024.jpg 1536w, https:\/\/anikadorothea.de\/wp-content\/uploads\/2022\/12\/dandelion-seeds.jpg 1920w\" sizes=\"(max-width: 768px) 100vw, 768px\" alt=\"\" \t\tclass=\"so-widget-image\"\/>\n\t<\/div>\n\n<\/div><\/div><\/div><\/div><\/div><\/div><div id=\"pg-gb2746-69e399c101145-2\"  class=\"panel-grid panel-no-style\" ><div id=\"pgc-gb2746-69e399c101145-2-0\"  class=\"panel-grid-cell\" ><div id=\"panel-gb2746-69e399c101145-2-0-0\" class=\"so-panel widget widget_sow-image panel-first-child panel-last-child\" data-index=\"3\" ><div\n\t\t\t\n\t\t\tclass=\"so-widget-sow-image so-widget-sow-image-default-8b5b6f678277-2746\"\n\t\t\t\n\t\t>\n<div class=\"sow-image-container\">\n\t\t<img \n\tsrc=\"https:\/\/anikadorothea.de\/wp-content\/uploads\/2022\/12\/elephans.jpg\" width=\"1920\" height=\"1358\" srcset=\"https:\/\/anikadorothea.de\/wp-content\/uploads\/2022\/12\/elephans.jpg 1920w, https:\/\/anikadorothea.de\/wp-content\/uploads\/2022\/12\/elephans-300x212.jpg 300w, https:\/\/anikadorothea.de\/wp-content\/uploads\/2022\/12\/elephans-1024x724.jpg 1024w, https:\/\/anikadorothea.de\/wp-content\/uploads\/2022\/12\/elephans-768x543.jpg 768w, https:\/\/anikadorothea.de\/wp-content\/uploads\/2022\/12\/elephans-1536x1086.jpg 1536w\" sizes=\"(max-width: 1920px) 100vw, 1920px\" alt=\"\" \t\tclass=\"so-widget-image\"\/>\n\t<\/div>\n\n<\/div><\/div><\/div><div id=\"pgc-gb2746-69e399c101145-2-1\"  class=\"panel-grid-cell\" ><div id=\"panel-gb2746-69e399c101145-2-1-0\" class=\"so-panel widget widget_sow-editor panel-first-child panel-last-child\" data-index=\"4\" ><div\n\t\t\t\n\t\t\tclass=\"so-widget-sow-editor so-widget-sow-editor-base\"\n\t\t\t\n\t\t>\n<div class=\"siteorigin-widget-tinymce textwidget\">\n\t<p class=\"uk-h2 fn-small-title\"><span style=\"font-size: 1.5rem;\">Comunit\u00e0 <\/span><\/p>\n<h2 class=\"uk-h1\">La vita \u00e8 bella!<\/h2>\n<p>Vi invitiamo a considerare la vita insieme come un vero miracolo. La comunit\u00e0 \u00e8 ci\u00f2 che rende umana la nostra vita. L&#8217;amore \u00e8 ci\u00f2 che la fa funzionare in pace e felicit\u00e0.<\/p>\n<p>Lasciamo che tutte queste energie dell&#8217;anima e del cuore fluiscano insieme nella loro bellezza!<\/p>\n<\/div>\n<\/div><\/div><\/div><\/div><\/div>","protected":false},"excerpt":{"rendered":"<p>\u201cNoi esseri umani siamo delle meraviglie!\u201d Realit\u00e0 Realt\u00e0 diverse in un unico mondo Ognuno di noi crea la propria realt\u00e0. La diversit\u00e0 delle realt\u00e0 \u00e8 ci\u00f2 che rende la vita cos\u00ec unica. Siamo nati per vivere in pace come umanit\u00e0, indipendentemente da queste diverse realt\u00e0. Ci\u00f2 che a noi umani \u00e8 concesso di capire \u00e8 [&hellip;]<\/p>\n","protected":false},"author":10,"featured_media":1908,"parent":0,"menu_order":0,"comment_status":"closed","ping_status":"closed","template":"","meta":{"_acf_changed":false,"footnotes":""},"class_list":["post-2746","page","type-page","status-publish","has-post-thumbnail","hentry"],"blocksy_meta":[],"acf":[],"permalink_history":[],"_links":{"self":[{"href":"https:\/\/anikadorothea.de\/it\/wp-json\/wp\/v2\/pages\/2746","targetHints":{"allow":["GET"]}}],"collection":[{"href":"https:\/\/anikadorothea.de\/it\/wp-json\/wp\/v2\/pages"}],"about":[{"href":"https:\/\/anikadorothea.de\/it\/wp-json\/wp\/v2\/types\/page"}],"author":[{"embeddable":true,"href":"https:\/\/anikadorothea.de\/it\/wp-json\/wp\/v2\/users\/10"}],"replies":[{"embeddable":true,"href":"https:\/\/anikadorothea.de\/it\/wp-json\/wp\/v2\/comments?post=2746"}],"version-history":[{"count":9,"href":"https:\/\/anikadorothea.de\/it\/wp-json\/wp\/v2\/pages\/2746\/revisions"}],"predecessor-version":[{"id":7307,"href":"https:\/\/anikadorothea.de\/it\/wp-json\/wp\/v2\/pages\/2746\/revisions\/7307"}],"wp:featuredmedia":[{"embeddable":true,"href":"https:\/\/anikadorothea.de\/it\/wp-json\/wp\/v2\/media\/1908"}],"wp:attachment":[{"href":"https:\/\/anikadorothea.de\/it\/wp-json\/wp\/v2\/media?parent=2746"}],"curies":[{"name":"wp","href":"https:\/\/api.w.org\/{rel}","templated":true}]}}