{"id":7240,"date":"2025-05-24T19:11:37","date_gmt":"2025-05-24T17:11:37","guid":{"rendered":"https:\/\/anikadorothea.de\/?page_id=7240"},"modified":"2025-05-24T19:11:37","modified_gmt":"2025-05-24T17:11:37","slug":"anika-2","status":"publish","type":"page","link":"https:\/\/anikadorothea.de\/fr\/anika-2\/","title":{"rendered":"Anika"},"content":{"rendered":"<div id=\"pl-gb7240-69e38026946df\"  class=\"panel-layout\" ><div id=\"pg-gb7240-69e38026946df-0\"  class=\"panel-grid panel-no-style\" ><div id=\"pgc-gb7240-69e38026946df-0-0\"  class=\"panel-grid-cell\" ><div id=\"panel-gb7240-69e38026946df-0-0-0\" class=\"so-panel widget widget_sow-editor panel-first-child panel-last-child\" data-index=\"0\" ><div\n\t\t\t\n\t\t\tclass=\"so-widget-sow-editor so-widget-sow-editor-base\"\n\t\t\t\n\t\t>\n<div class=\"siteorigin-widget-tinymce textwidget\">\n\t<p class=\"fn-small-title uk-text-primary\" style=\"text-align: center;\">Citations<\/p>\n<\/div>\n<\/div><\/div><\/div><\/div><div id=\"pg-gb7240-69e38026946df-1\"  class=\"panel-grid panel-no-style\" ><div id=\"pgc-gb7240-69e38026946df-1-0\"  class=\"panel-grid-cell\" ><div id=\"panel-gb7240-69e38026946df-1-0-0\" class=\"so-panel widget widget_sow-editor panel-first-child\" data-index=\"1\" ><div class=\"panel-widget-style panel-widget-style-for-gb7240-69e38026946df-1-0-0\" ><div\n\t\t\t\n\t\t\tclass=\"so-widget-sow-editor so-widget-sow-editor-base\"\n\t\t\t\n\t\t>\n<div class=\"siteorigin-widget-tinymce textwidget\">\n\t<p class=\"uk-text-small\" style=\"text-align: center;\"><em>Je suis ici pour rappeler aux gens l&rsquo;amour inconditionnel.<br \/>\nCela suffit \u00e0 faire \u00e9voluer le jeu ensemble vers quelque chose de bon.<\/em><\/p>\n<\/div>\n<\/div><\/div><\/div><div id=\"panel-gb7240-69e38026946df-1-0-1\" class=\"so-panel widget widget_sow-editor\" data-index=\"2\" ><div class=\"panel-widget-style panel-widget-style-for-gb7240-69e38026946df-1-0-1\" ><div\n\t\t\t\n\t\t\tclass=\"so-widget-sow-editor so-widget-sow-editor-base\"\n\t\t\t\n\t\t>\n<div class=\"siteorigin-widget-tinymce textwidget\">\n\t<p class=\"uk-text-small\" style=\"text-align: center;\"><em>La grandeur et la beaut\u00e9 de notre \u00e2me ne peuvent pas \u00eatre vaincues par des forces non lumineuses,<\/em><br \/>\n<em>car elle est amour dans son essence premi\u00e8re.<\/em><\/p>\n<\/div>\n<\/div><\/div><\/div><div id=\"panel-gb7240-69e38026946df-1-0-2\" class=\"so-panel widget widget_sow-editor\" data-index=\"3\" ><div class=\"panel-widget-style panel-widget-style-for-gb7240-69e38026946df-1-0-2\" ><div\n\t\t\t\n\t\t\tclass=\"so-widget-sow-editor so-widget-sow-editor-base\"\n\t\t\t\n\t\t>\n<div class=\"siteorigin-widget-tinymce textwidget\">\n\t<p class=\"uk-text-small\"><em>Les essences primaires telles que l&rsquo;amour et la paix sont des fragments de la r\u00e9alisation de la v\u00e9rit\u00e9 int\u00e9rieure. Elles sont les \u00e9l\u00e9ments de base pour un avenir lumineux que nous avons choisi.<\/em><\/p>\n<\/div>\n<\/div><\/div><\/div><div id=\"panel-gb7240-69e38026946df-1-0-3\" class=\"so-panel widget widget_sow-editor\" data-index=\"4\" ><div class=\"panel-widget-style panel-widget-style-for-gb7240-69e38026946df-1-0-3\" ><div\n\t\t\t\n\t\t\tclass=\"so-widget-sow-editor so-widget-sow-editor-base\"\n\t\t\t\n\t\t>\n<div class=\"siteorigin-widget-tinymce textwidget\">\n\t<p class=\"uk-text-small\"><em>Chaque cellule de notre corps est lumi\u00e8re. Nous sommes n\u00e9s pour donner \u00e0 ce mot le sens et l&rsquo;\u00e9nergie qui lui conviennent. Nous avons besoin d&rsquo;animer notre lumi\u00e8re int\u00e9rieure avec une pr\u00e9sence que nous d\u00e9terminons.<\/em><\/p>\n<\/div>\n<\/div><\/div><\/div><div id=\"panel-gb7240-69e38026946df-1-0-4\" class=\"so-panel widget widget_sow-editor\" data-index=\"5\" ><div class=\"panel-widget-style panel-widget-style-for-gb7240-69e38026946df-1-0-4\" ><div\n\t\t\t\n\t\t\tclass=\"so-widget-sow-editor so-widget-sow-editor-base\"\n\t\t\t\n\t\t>\n<div class=\"siteorigin-widget-tinymce textwidget\">\n\t<p class=\"uk-text-small\"><em>Entwicklung wird dann offensichtlich, sobald Licht das anstrahlt, was sich in Liebe entfalten will.<\/em><\/p>\n<\/div>\n<\/div><\/div><\/div><div id=\"panel-gb7240-69e38026946df-1-0-5\" class=\"so-panel widget widget_sow-editor\" data-index=\"6\" ><div class=\"panel-widget-style panel-widget-style-for-gb7240-69e38026946df-1-0-5\" ><div\n\t\t\t\n\t\t\tclass=\"so-widget-sow-editor so-widget-sow-editor-base\"\n\t\t\t\n\t\t>\n<div class=\"siteorigin-widget-tinymce textwidget\">\n\t<p class=\"uk-text-small\" style=\"text-align: center;\"><em>L&rsquo;amour est la force la plus puissante. Il transformera tout et tous ceux qui lui permettront d&rsquo;agir dans son originalit\u00e9.<\/em><\/p>\n<\/div>\n<\/div><\/div><\/div><div id=\"panel-gb7240-69e38026946df-1-0-6\" class=\"so-panel widget widget_sow-editor\" data-index=\"7\" ><div class=\"panel-widget-style panel-widget-style-for-gb7240-69e38026946df-1-0-6\" ><div\n\t\t\t\n\t\t\tclass=\"so-widget-sow-editor so-widget-sow-editor-base\"\n\t\t\t\n\t\t>\n<div class=\"siteorigin-widget-tinymce textwidget\">\n\t<p class=\"uk-text-small\"><em>La libert\u00e9 se r\u00e9pandra dans tous les c\u0153urs gr\u00e2ce \u00e0 un d\u00e9veloppement coh\u00e9rent et d\u00e9passera les fronti\u00e8res des villes, des pays, des mers et des continents. Une force d&rsquo;amour qui relie tout et qui fait fleurir une conscience commune dans le corps, l&rsquo;esprit et l&rsquo;\u00e2me.<\/em><\/p>\n<\/div>\n<\/div><\/div><\/div><div id=\"panel-gb7240-69e38026946df-1-0-7\" class=\"so-panel widget widget_sow-editor\" data-index=\"8\" ><div class=\"panel-widget-style panel-widget-style-for-gb7240-69e38026946df-1-0-7\" ><div\n\t\t\t\n\t\t\tclass=\"so-widget-sow-editor so-widget-sow-editor-base\"\n\t\t\t\n\t\t>\n<div class=\"siteorigin-widget-tinymce textwidget\">\n\t<p class=\"uk-text-small\"><em>La v\u00e9rit\u00e9 de nos valeurs int\u00e9rieures r\u00e9v\u00e8le des sentiments d&rsquo;harmonie profonde de la conscience. <\/em><em>Pendant ce processus de transformation, le manque de lumi\u00e8re se dissout de lui-m\u00eame. <\/em><em>Toute l&rsquo;obscurit\u00e9 et les ombres offrent ainsi un terrain de jeu pour une visibilit\u00e9 plus intense de la lumi\u00e8re.<\/em><\/p>\n<\/div>\n<\/div><\/div><\/div><div id=\"panel-gb7240-69e38026946df-1-0-8\" class=\"so-panel widget widget_sow-editor\" data-index=\"9\" ><div class=\"panel-widget-style panel-widget-style-for-gb7240-69e38026946df-1-0-8\" ><div\n\t\t\t\n\t\t\tclass=\"so-widget-sow-editor so-widget-sow-editor-base\"\n\t\t\t\n\t\t>\n<div class=\"siteorigin-widget-tinymce textwidget\">\n\t<p class=\"uk-text-small\"><em>La totalit\u00e9 en soi contient d\u00e9j\u00e0 l&rsquo;optimum, la perfection et la beaut\u00e9. Il faut simplement toujours que l&rsquo;humanit\u00e9 d\u00e9cide de ces qualit\u00e9s.<\/em><\/p>\n<\/div>\n<\/div><\/div><\/div><div id=\"panel-gb7240-69e38026946df-1-0-9\" class=\"so-panel widget widget_sow-editor\" data-index=\"10\" ><div class=\"panel-widget-style panel-widget-style-for-gb7240-69e38026946df-1-0-9\" ><div\n\t\t\t\n\t\t\tclass=\"so-widget-sow-editor so-widget-sow-editor-base\"\n\t\t\t\n\t\t>\n<div class=\"siteorigin-widget-tinymce textwidget\">\n\t<p class=\"uk-text-small\"><em>Le son de l&rsquo;amour guide automatiquement chaque \u00eatre vivant sur la bonne voie.<\/em><\/p>\n<\/div>\n<\/div><\/div><\/div><div id=\"panel-gb7240-69e38026946df-1-0-10\" class=\"so-panel widget widget_sow-editor\" data-index=\"11\" ><div class=\"panel-widget-style panel-widget-style-for-gb7240-69e38026946df-1-0-10\" ><div\n\t\t\t\n\t\t\tclass=\"so-widget-sow-editor so-widget-sow-editor-base\"\n\t\t\t\n\t\t>\n<div class=\"siteorigin-widget-tinymce textwidget\">\n\t<p class=\"uk-text-small\" style=\"text-align: center;\"><em>Je ne suis pas ici pour me conformer \u00e0 l&rsquo;id\u00e9e de constructions artificielles. Je suis ici pour penser la v\u00e9rit\u00e9, ressentir la libert\u00e9 et vivre l&rsquo;amour.<\/em><\/p>\n<\/div>\n<\/div><\/div><\/div><div id=\"panel-gb7240-69e38026946df-1-0-11\" class=\"so-panel widget widget_sow-editor\" data-index=\"12\" ><div class=\"panel-widget-style panel-widget-style-for-gb7240-69e38026946df-1-0-11\" ><div\n\t\t\t\n\t\t\tclass=\"so-widget-sow-editor so-widget-sow-editor-base\"\n\t\t\t\n\t\t>\n<div class=\"siteorigin-widget-tinymce textwidget\">\n\t<p class=\"uk-text-small\"><em>Le jeu de la vie se laisse entrevoir dans de vastes horizons.<\/em> <em>Le sens est la r\u00e9flexion et l&rsquo;autonomisation en m\u00eame temps.<\/em><\/p>\n<\/div>\n<\/div><\/div><\/div><div id=\"panel-gb7240-69e38026946df-1-0-12\" class=\"so-panel widget widget_sow-editor panel-last-child\" data-index=\"13\" ><div class=\"panel-widget-style panel-widget-style-for-gb7240-69e38026946df-1-0-12\" ><div\n\t\t\t\n\t\t\tclass=\"so-widget-sow-editor so-widget-sow-editor-base\"\n\t\t\t\n\t\t>\n<div class=\"siteorigin-widget-tinymce textwidget\">\n\t<p class=\"uk-text-small\"><em>Le bonheur est pr\u00e9programm\u00e9 dans notre noyau originel. Si nous choisissons consciemment la matrice naturelle, constructive pour nous, nous nous orientons automatiquement vers le bien. Si une grande partie de l&rsquo;humanit\u00e9 fait cela, la Terre brillera dans son \u00e9tat originel.<\/em><\/p>\n<\/div>\n<\/div><\/div><\/div><\/div><div id=\"pgc-gb7240-69e38026946df-1-1\"  class=\"panel-grid-cell\" ><div id=\"panel-gb7240-69e38026946df-1-1-0\" class=\"so-panel widget widget_sow-editor panel-first-child\" data-index=\"14\" ><div class=\"panel-widget-style panel-widget-style-for-gb7240-69e38026946df-1-1-0\" ><div\n\t\t\t\n\t\t\tclass=\"so-widget-sow-editor so-widget-sow-editor-base\"\n\t\t\t\n\t\t>\n<div class=\"siteorigin-widget-tinymce textwidget\">\n\t<p class=\"uk-text-small\" style=\"text-align: center;\"><em>Avec une volont\u00e9 et un c\u0153ur forts, ainsi qu&rsquo;un esprit intelligent, nous pouvons obtenir tout ce que nous voulons.<\/em><\/p>\n<\/div>\n<\/div><\/div><\/div><div id=\"panel-gb7240-69e38026946df-1-1-1\" class=\"so-panel widget widget_sow-editor\" data-index=\"15\" ><div class=\"panel-widget-style panel-widget-style-for-gb7240-69e38026946df-1-1-1\" ><div\n\t\t\t\n\t\t\tclass=\"so-widget-sow-editor so-widget-sow-editor-base\"\n\t\t\t\n\t\t>\n<div class=\"siteorigin-widget-tinymce textwidget\">\n\t<p class=\"uk-text-small\" style=\"text-align: center;\"><em>L&rsquo;\u00e9panouissement naturel d&rsquo;une personne na\u00eet toujours \u00e0 l&rsquo;int\u00e9rieur et se manifeste ensuite \u00e0 l&rsquo;ext\u00e9rieur.<\/em><\/p>\n<\/div>\n<\/div><\/div><\/div><div id=\"panel-gb7240-69e38026946df-1-1-2\" class=\"so-panel widget widget_sow-editor\" data-index=\"16\" ><div class=\"panel-widget-style panel-widget-style-for-gb7240-69e38026946df-1-1-2\" ><div\n\t\t\t\n\t\t\tclass=\"so-widget-sow-editor so-widget-sow-editor-base\"\n\t\t\t\n\t\t>\n<div class=\"siteorigin-widget-tinymce textwidget\">\n\t<p class=\"uk-text-small\" style=\"text-align: center;\"><em>Il arrive un moment o\u00f9 tu te rappelles que tu es l&rsquo;amour et que nous nous unissons en une grande lumi\u00e8re.<\/em><\/p>\n<\/div>\n<\/div><\/div><\/div><div id=\"panel-gb7240-69e38026946df-1-1-3\" class=\"so-panel widget widget_sow-editor\" data-index=\"17\" ><div class=\"panel-widget-style panel-widget-style-for-gb7240-69e38026946df-1-1-3\" ><div\n\t\t\t\n\t\t\tclass=\"so-widget-sow-editor so-widget-sow-editor-base\"\n\t\t\t\n\t\t>\n<div class=\"siteorigin-widget-tinymce textwidget\">\n\t<p class=\"uk-text-small\"><em>La douceur et la finesse sont deux des nombreuses essences auxquelles on accorde toujours une attention parfaite lorsqu&rsquo;on se dirige vers des mondes paisibles.<\/em><\/p>\n<\/div>\n<\/div><\/div><\/div><div id=\"panel-gb7240-69e38026946df-1-1-4\" class=\"so-panel widget widget_sow-editor\" data-index=\"18\" ><div class=\"panel-widget-style panel-widget-style-for-gb7240-69e38026946df-1-1-4\" ><div\n\t\t\t\n\t\t\tclass=\"so-widget-sow-editor so-widget-sow-editor-base\"\n\t\t\t\n\t\t>\n<div class=\"siteorigin-widget-tinymce textwidget\">\n\t<p class=\"uk-text-small\"><em>Dans ce jeu, il ne s&rsquo;agit pas que la masse choisisse la lumi\u00e8re. Nous pouvons potentialiser notre propre lumi\u00e8re de mani\u00e8re \u00e0 faire briller l&rsquo;existence enti\u00e8re. Mais dans une communaut\u00e9 d&rsquo;\u00e2mes humaines qui ont un jour choisi de vivre sur terre, une forme de gu\u00e9rison peut voir le jour, ce qui n&rsquo;a jamais \u00e9t\u00e9 le cas auparavant.<\/em><\/p>\n<\/div>\n<\/div><\/div><\/div><div id=\"panel-gb7240-69e38026946df-1-1-5\" class=\"so-panel widget widget_sow-editor\" data-index=\"19\" ><div class=\"panel-widget-style panel-widget-style-for-gb7240-69e38026946df-1-1-5\" ><div\n\t\t\t\n\t\t\tclass=\"so-widget-sow-editor so-widget-sow-editor-base\"\n\t\t\t\n\t\t>\n<div class=\"siteorigin-widget-tinymce textwidget\">\n\t<p class=\"uk-text-small\"><em>Les gens n&rsquo;auraient pas choisi d&rsquo;exister &#8211; de vivre leur propre vie &#8211; s&rsquo;ils n&rsquo;avaient pas toujours \u00e9t\u00e9 enthousiasm\u00e9s par le monde de l&rsquo;amour. Car il nous fallait infiniment plus d&rsquo;amour et de courage pour nous lancer dans ce jeu que pour d\u00e9cider maintenant de ne pas vivre dans l&rsquo;amour.<\/em><\/p>\n<\/div>\n<\/div><\/div><\/div><div id=\"panel-gb7240-69e38026946df-1-1-6\" class=\"so-panel widget widget_sow-editor\" data-index=\"20\" ><div class=\"panel-widget-style panel-widget-style-for-gb7240-69e38026946df-1-1-6\" ><div\n\t\t\t\n\t\t\tclass=\"so-widget-sow-editor so-widget-sow-editor-base\"\n\t\t\t\n\t\t>\n<div class=\"siteorigin-widget-tinymce textwidget\">\n\t<p class=\"uk-text-small\"><i>L&rsquo;origine est si claire et si simple que la plupart des gens ne peuvent pas la d\u00e9chiffrer. Nous, les humains, l&rsquo;avons ancr\u00e9e dans notre c\u0153ur et sommes en mesure d&rsquo;y acc\u00e9der \u00e0 tout moment. Les gens ont alors \u00e0 nouveau le jeu entre leurs mains.<\/i><\/p>\n<\/div>\n<\/div><\/div><\/div><div id=\"panel-gb7240-69e38026946df-1-1-7\" class=\"so-panel widget widget_sow-editor\" data-index=\"21\" ><div class=\"panel-widget-style panel-widget-style-for-gb7240-69e38026946df-1-1-7\" ><div\n\t\t\t\n\t\t\tclass=\"so-widget-sow-editor so-widget-sow-editor-base\"\n\t\t\t\n\t\t>\n<div class=\"siteorigin-widget-tinymce textwidget\">\n\t<p class=\"uk-text-small\" style=\"text-align: center;\"><em>Les gens se retrouvent alors en famille d\u00e8s qu&rsquo;ils se r\u00e9approprient leur propre vraie patrie int\u00e9rieure et qu&rsquo;ils choisissent consciemment la paix.<\/em><\/p>\n<\/div>\n<\/div><\/div><\/div><div id=\"panel-gb7240-69e38026946df-1-1-8\" class=\"so-panel widget widget_sow-editor\" data-index=\"22\" ><div class=\"panel-widget-style panel-widget-style-for-gb7240-69e38026946df-1-1-8\" ><div\n\t\t\t\n\t\t\tclass=\"so-widget-sow-editor so-widget-sow-editor-base\"\n\t\t\t\n\t\t>\n<div class=\"siteorigin-widget-tinymce textwidget\">\n\t<p class=\"uk-text-small\" style=\"text-align: left;\"><i>Dans l&rsquo;\u00e9nergie pure, il n&rsquo;est pas n\u00e9cessaire de faire des miracles. Car tout ce qu&rsquo;il faut pour vivre ce que nous avons choisi un jour est d\u00e9j\u00e0 l\u00e0. <\/i><i>Et pourtant, tout ce que nous cr\u00e9ons est un miracle.<\/i><\/p>\n<\/div>\n<\/div><\/div><\/div><div id=\"panel-gb7240-69e38026946df-1-1-9\" class=\"so-panel widget widget_sow-editor\" data-index=\"23\" ><div class=\"panel-widget-style panel-widget-style-for-gb7240-69e38026946df-1-1-9\" ><div\n\t\t\t\n\t\t\tclass=\"so-widget-sow-editor so-widget-sow-editor-base\"\n\t\t\t\n\t\t>\n<div class=\"siteorigin-widget-tinymce textwidget\">\n\t<p class=\"uk-text-small\"><i>Un saut dans l&rsquo;\u00e9volution est toujours quelque chose auquel l&rsquo;humanit\u00e9 se pr\u00e9pare ensemble afin de pouvoir l&rsquo;accomplir ensemble.<\/i><\/p>\n<\/div>\n<\/div><\/div><\/div><div id=\"panel-gb7240-69e38026946df-1-1-10\" class=\"so-panel widget widget_sow-editor\" data-index=\"24\" ><div class=\"panel-widget-style panel-widget-style-for-gb7240-69e38026946df-1-1-10\" ><div\n\t\t\t\n\t\t\tclass=\"so-widget-sow-editor so-widget-sow-editor-base\"\n\t\t\t\n\t\t>\n<div class=\"siteorigin-widget-tinymce textwidget\">\n\t<p class=\"p1 uk-text-small\" style=\"text-align: left;\"><em><span class=\"s1\">L&rsquo;\u00eatre humain est en soi une pure cr\u00e9ativit\u00e9. Avec ses propres \u00e9l\u00e9ments de base int\u00e9rieurs, il peut \u00e0 tout moment cr\u00e9er son propre monde cr\u00e9atif.<\/span><\/em><\/p>\n<\/div>\n<\/div><\/div><\/div><div id=\"panel-gb7240-69e38026946df-1-1-11\" class=\"so-panel widget widget_sow-editor\" data-index=\"25\" ><div class=\"panel-widget-style panel-widget-style-for-gb7240-69e38026946df-1-1-11\" ><div\n\t\t\t\n\t\t\tclass=\"so-widget-sow-editor so-widget-sow-editor-base\"\n\t\t\t\n\t\t>\n<div class=\"siteorigin-widget-tinymce textwidget\">\n\t<p class=\"uk-text-small\" style=\"text-align: center;\"><i>L&rsquo;amour est l&rsquo;intelligence qui se r\u00e9oriente sans cesse et trouve un chemin pour la libert\u00e9 int\u00e9rieure et ext\u00e9rieure.<\/i><\/p>\n<\/div>\n<\/div><\/div><\/div><div id=\"panel-gb7240-69e38026946df-1-1-12\" class=\"so-panel widget widget_sow-editor\" data-index=\"26\" ><div class=\"panel-widget-style panel-widget-style-for-gb7240-69e38026946df-1-1-12\" ><div\n\t\t\t\n\t\t\tclass=\"so-widget-sow-editor so-widget-sow-editor-base\"\n\t\t\t\n\t\t>\n<div class=\"siteorigin-widget-tinymce textwidget\">\n\t<p class=\"uk-text-small\"><em>Le courage est en chacun de nous. Sinon, nous ne serions pas qui et o\u00f9 nous sommes. Nous pouvons prendre ce courage, le r\u00e9activer et dire \u00ab oui \u00bb \u00e0 nous-m\u00eames, encore et encore, pour apporter quelque chose de VRAIMENT lumineux sur la terre.<\/em><\/p>\n<\/div>\n<\/div><\/div><\/div><div id=\"panel-gb7240-69e38026946df-1-1-13\" class=\"so-panel widget widget_sow-editor panel-last-child\" data-index=\"27\" ><div class=\"panel-widget-style panel-widget-style-for-gb7240-69e38026946df-1-1-13\" ><div\n\t\t\t\n\t\t\tclass=\"so-widget-sow-editor so-widget-sow-editor-base\"\n\t\t\t\n\t\t>\n<div class=\"siteorigin-widget-tinymce textwidget\">\n\t<p class=\"uk-text-small\" style=\"font-weight: 400;\"><em>Il n&rsquo;est pas n\u00e9cessaire que tous les \u00eatres humains fassent des sauts quantiques d&rsquo;amour pour atteindre les prochaines \u00e9tapes d&rsquo;un saut \u00e9volutif. Un seul \u00eatre humain peut vivre l&rsquo;ascension en m\u00eame temps que la Terre, ou bien plusieurs personnes qui s&rsquo;unissent dans l&rsquo;esprit de la lumi\u00e8re le font. Des personnes qui sont unies dans leur c\u0153ur. <i>Unis en esprit, personne ne peut plus nuire \u00e0 l&rsquo;humanit\u00e9.<\/i><\/em><\/p>\n<\/div>\n<\/div><\/div><\/div><\/div><\/div><\/div>","protected":false},"excerpt":{"rendered":"<p>Citations Je suis ici pour rappeler aux gens l&rsquo;amour inconditionnel. Cela suffit \u00e0 faire \u00e9voluer le jeu ensemble vers quelque chose de bon. La grandeur et la beaut\u00e9 de notre \u00e2me ne peuvent pas \u00eatre vaincues par des forces non lumineuses, car elle est amour dans son essence premi\u00e8re. Les essences primaires telles que l&rsquo;amour [&hellip;]<\/p>\n","protected":false},"author":10,"featured_media":7654,"parent":0,"menu_order":0,"comment_status":"closed","ping_status":"closed","template":"","meta":{"_acf_changed":false,"footnotes":""},"class_list":["post-7240","page","type-page","status-publish","has-post-thumbnail","hentry"],"blocksy_meta":[],"acf":[],"permalink_history":[],"_links":{"self":[{"href":"https:\/\/anikadorothea.de\/fr\/wp-json\/wp\/v2\/pages\/7240","targetHints":{"allow":["GET"]}}],"collection":[{"href":"https:\/\/anikadorothea.de\/fr\/wp-json\/wp\/v2\/pages"}],"about":[{"href":"https:\/\/anikadorothea.de\/fr\/wp-json\/wp\/v2\/types\/page"}],"author":[{"embeddable":true,"href":"https:\/\/anikadorothea.de\/fr\/wp-json\/wp\/v2\/users\/10"}],"replies":[{"embeddable":true,"href":"https:\/\/anikadorothea.de\/fr\/wp-json\/wp\/v2\/comments?post=7240"}],"version-history":[{"count":1,"href":"https:\/\/anikadorothea.de\/fr\/wp-json\/wp\/v2\/pages\/7240\/revisions"}],"predecessor-version":[{"id":7246,"href":"https:\/\/anikadorothea.de\/fr\/wp-json\/wp\/v2\/pages\/7240\/revisions\/7246"}],"wp:featuredmedia":[{"embeddable":true,"href":"https:\/\/anikadorothea.de\/fr\/wp-json\/wp\/v2\/media\/7654"}],"wp:attachment":[{"href":"https:\/\/anikadorothea.de\/fr\/wp-json\/wp\/v2\/media?parent=7240"}],"curies":[{"name":"wp","href":"https:\/\/api.w.org\/{rel}","templated":true}]}}