{"id":5601,"date":"2019-06-25T17:40:35","date_gmt":"2019-06-25T15:40:35","guid":{"rendered":"https:\/\/anikadorothea.de\/mentions-legales\/"},"modified":"2019-06-25T17:40:35","modified_gmt":"2019-06-25T15:40:35","slug":"mentions-legales","status":"publish","type":"page","link":"https:\/\/anikadorothea.de\/fr\/mentions-legales\/","title":{"rendered":"Mentions l\u00e9gales"},"content":{"rendered":"<div id=\"pl-5601\"  class=\"panel-layout\" ><div id=\"pg-5601-0\"  class=\"panel-grid panel-has-style\" ><div class=\"uk-background-muted uk-padding-large panel-row-style panel-row-style-for-5601-0\" ><div id=\"pgc-5601-0-0\"  class=\"panel-grid-cell\" ><div id=\"panel-5601-0-0-0\" class=\"so-panel widget widget_sow-editor panel-first-child panel-last-child\" data-index=\"0\" ><div\n\t\t\t\n\t\t\tclass=\"so-widget-sow-editor so-widget-sow-editor-base\"\n\t\t\t\n\t\t>\n<div class=\"siteorigin-widget-tinymce textwidget\">\n\t<h1>Mentions l\u00e9gales<\/h1>\n<p class=\"kap\">Informations conform\u00e9ment \u00e0 l'article 5 de la loi allemande sur les t\u00e9l\u00e9m\u00e9dias (TMG) :<\/p>\n<p>[firmenname]<br \/>\n[strasse]<br \/>\n[plz-ort]<br \/>\n[land]<\/p>\n<p><strong>Contact:<\/strong><br \/>\n[icon name=\"envelope\" cls=\"fa-fw\"] [mail]<\/p>\n<p><strong>R\u00e8glement des litiges<\/strong><br \/>\nNous ne sommes ni dispos\u00e9s ni oblig\u00e9s \u00e0 participer \u00e0 des proc\u00e9dures de r\u00e8glement des litiges devant un organisme de m\u00e9diation des consommateurs.<br \/>\nCependant, la loi sur le r\u00e8glement alternatif des litiges de consommation exige que nous vous informions quand m\u00eame de l'existence d'un organisme de m\u00e9diation des consommateurs comp\u00e9tent pour vous:<\/p>\n<p>Allgemeine Verbraucherschlichtungsstelle des Zentrums f\u00fcr Schlichtung e. V.<br \/>\nStra\u00dfburger Str. 8<br \/>\n77694 Kehl<br \/>\nInternet: <a href=\"https:\/\/www.verbraucher-schlichter.de\/\" target=\"_blank\" rel=\"noopener\">www.verbraucher-schlichter.de<\/a><\/p>\n<h3>Responsabilit\u00e9 pour le contenu<\/h3>\n<p>En tant que prestataires de services, nous sommes responsables de nos propres contenus sur ces pages conform\u00e9ment \u00e0 l'article 7, paragraphe 1 de la TMG, en vertu des lois g\u00e9n\u00e9rales. Cependant, selon les articles 8 \u00e0 10 de la TMG, nous ne sommes pas tenus de surveiller les informations externes transmises ou stock\u00e9es, ni de rechercher des circonstances indiquant une activit\u00e9 ill\u00e9gale.<\/p>\n<p>Les obligations de supprimer ou de bloquer l'utilisation d'informations conform\u00e9ment aux lois g\u00e9n\u00e9rales restent inchang\u00e9es. Cependant, une responsabilit\u00e9 \u00e0 cet \u00e9gard n'est possible qu'\u00e0 partir du moment o\u00f9 nous avons connaissance d'une violation concr\u00e8te de la loi. D\u00e8s que nous prendrons connaissance de violations de la loi, nous retirerons imm\u00e9diatement ces contenus.<\/p>\n<h3>Responsabilit\u00e9 pour les liens<\/h3>\n<p>Notre offre contient des liens vers des sites web externes de tiers, sur le contenu desquels nous n'avons aucune influence. C'est pourquoi nous ne pouvons assumer aucune garantie pour ces contenus externes. Les contenus des pages li\u00e9es rel\u00e8vent toujours de la responsabilit\u00e9 de l'op\u00e9rateur ou du fournisseur des pages respectives. Les pages li\u00e9es ont \u00e9t\u00e9 v\u00e9rifi\u00e9es \u00e0 la recherche de violations de la loi au moment de la cr\u00e9ation du lien. Aucun contenu ill\u00e9gal n'\u00e9tait reconnaissable au moment de la cr\u00e9ation du lien.<\/p>\n<p>Un contr\u00f4le permanent du contenu des pages li\u00e9es n'est cependant pas raisonnable sans indices concrets d'une violation de la loi. D\u00e8s que nous prendrons connaissance de violations de la loi, nous retirerons imm\u00e9diatement ces liens.<\/p>\n<h3>Droits d'auteur<\/h3>\n<p>Les contenus et \u0153uvres cr\u00e9\u00e9s par les op\u00e9rateurs de ces pages sont soumis au droit d'auteur allemand. La reproduction, le traitement, la diffusion et toute forme d'exploitation en dehors des limites du droit d'auteur n\u00e9cessitent l'accord \u00e9crit de l'auteur ou du cr\u00e9ateur respectif. Les t\u00e9l\u00e9chargements et copies de ces pages ne sont autoris\u00e9s que pour un usage priv\u00e9 et non commercial.<\/p>\n<p>Dans la mesure o\u00f9 les contenus de ce site n'ont pas \u00e9t\u00e9 cr\u00e9\u00e9s par l'op\u00e9rateur, les droits d'auteur de tiers sont respect\u00e9s. En particulier, les contenus de tiers sont signal\u00e9s comme tels. Si vous deviez n\u00e9anmoins prendre conscience d'une violation du droit d'auteur, nous vous prions de bien vouloir nous en informer. D\u00e8s que nous prendrons connaissance de violations de la loi, nous retirerons imm\u00e9diatement ces contenus.<\/p>\n<h3>ICONS<\/h3>\n<ul>\n<li><a title=\"lotus icons\" href=\"https:\/\/www.flaticon.com\/free-icons\/lotus\" target=\"_blank\" rel=\"noopener\">Lotus icons created by Freepik - Flaticon<\/a><\/li>\n<li><a title=\"flower icons\" href=\"https:\/\/www.flaticon.com\/free-icons\/flower\" target=\"_blank\" rel=\"noopener\">Flower icons created by Icongeek26 - Flaticon<\/a><\/li>\n<li><a title=\"herbst Icons\" href=\"https:\/\/www.flaticon.com\/de\/kostenlose-icons\/herbst\" target=\"_blank\" rel=\"noopener\">Herbst Icons erstellt von Freepik - Flaticon<\/a><\/li>\n<li><a title=\"rose Icons\" href=\"https:\/\/www.flaticon.com\/de\/kostenlose-icons\/rose\" target=\"_blank\" rel=\"noopener\">Rose Icons erstellt von Smashicons - Flaticon<\/a><\/li>\n<\/ul>\n<\/div>\n<\/div><\/div><\/div><\/div><\/div><\/div>","protected":false},"excerpt":{"rendered":"<p>Mentions l\u00e9gales Informations conform\u00e9ment \u00e0 l&rsquo;article 5 de la loi allemande sur les t\u00e9l\u00e9m\u00e9dias (TMG) : [firmenname] [strasse] [plz-ort] [land] Contact: [icon name=\u00a0\u00bbenvelope\u00a0\u00bb cls=\u00a0\u00bbfa-fw\u00a0\u00bb] [mail] R\u00e8glement des litiges Nous ne sommes ni dispos\u00e9s ni oblig\u00e9s \u00e0 participer \u00e0 des proc\u00e9dures de r\u00e8glement des litiges devant un organisme de m\u00e9diation des consommateurs. Cependant, la loi sur [&hellip;]<\/p>\n","protected":false},"author":10,"featured_media":2445,"parent":0,"menu_order":0,"comment_status":"closed","ping_status":"closed","template":"","meta":{"_acf_changed":false,"footnotes":""},"class_list":["post-5601","page","type-page","status-publish","has-post-thumbnail","hentry"],"blocksy_meta":[],"acf":[],"permalink_history":[],"_links":{"self":[{"href":"https:\/\/anikadorothea.de\/fr\/wp-json\/wp\/v2\/pages\/5601","targetHints":{"allow":["GET"]}}],"collection":[{"href":"https:\/\/anikadorothea.de\/fr\/wp-json\/wp\/v2\/pages"}],"about":[{"href":"https:\/\/anikadorothea.de\/fr\/wp-json\/wp\/v2\/types\/page"}],"author":[{"embeddable":true,"href":"https:\/\/anikadorothea.de\/fr\/wp-json\/wp\/v2\/users\/10"}],"replies":[{"embeddable":true,"href":"https:\/\/anikadorothea.de\/fr\/wp-json\/wp\/v2\/comments?post=5601"}],"version-history":[{"count":0,"href":"https:\/\/anikadorothea.de\/fr\/wp-json\/wp\/v2\/pages\/5601\/revisions"}],"wp:featuredmedia":[{"embeddable":true,"href":"https:\/\/anikadorothea.de\/fr\/wp-json\/wp\/v2\/media\/2445"}],"wp:attachment":[{"href":"https:\/\/anikadorothea.de\/fr\/wp-json\/wp\/v2\/media?parent=5601"}],"curies":[{"name":"wp","href":"https:\/\/api.w.org\/{rel}","templated":true}]}}