{"id":5598,"date":"2019-06-25T17:38:58","date_gmt":"2019-06-25T15:38:58","guid":{"rendered":"https:\/\/anikadorothea.de\/protection-des-donnees\/"},"modified":"2024-07-08T12:10:06","modified_gmt":"2024-07-08T10:10:06","slug":"protection-des-donnees","status":"publish","type":"page","link":"https:\/\/anikadorothea.de\/fr\/protection-des-donnees\/","title":{"rendered":"Protection des donn\u00e9\u00e9s"},"content":{"rendered":"<div id=\"pl-5598\"  class=\"panel-layout\" ><div id=\"pg-5598-0\"  class=\"panel-grid panel-has-style\" ><div class=\"uk-padding-large uk-background-muted panel-row-style panel-row-style-for-5598-0\" ><div id=\"pgc-5598-0-0\"  class=\"panel-grid-cell\" ><div id=\"panel-5598-0-0-0\" class=\"so-panel widget widget_sow-editor panel-first-child panel-last-child\" data-index=\"0\" ><div\n\t\t\t\n\t\t\tclass=\"so-widget-sow-editor so-widget-sow-editor-base\"\n\t\t\t\n\t\t>\n<div class=\"siteorigin-widget-tinymce textwidget\">\n\t<h1>D\u00e9claration de confidentialit\u00e9<\/h1>\n<h2>Protection des donn\u00e9es en un coup d'\u0153il<\/h2>\n<h3>Avis g\u00e9n\u00e9raux<\/h3>\n<p>Les indications suivantes donnent un aper\u00e7u simple de ce qu'il advient de vos donn\u00e9es personnelles lorsque vous visitez notre site web. Les donn\u00e9es personnelles sont toutes les donn\u00e9es qui peuvent \u00eatre utilis\u00e9es pour vous identifier personnellement. Vous trouverez des informations d\u00e9taill\u00e9es sur le sujet de la protection des donn\u00e9es dans notre d\u00e9claration de confidentialit\u00e9 ci-dessous.<\/p>\n<h3>Collecte de donn\u00e9es sur notre site web<\/h3>\n<p><strong>Qui est responsable de la collecte des donn\u00e9es sur ce site web?<\/strong><\/p>\n<p>Le traitement des donn\u00e9es sur ce site web est effectu\u00e9 par l'op\u00e9rateur du site. Vous pouvez trouver ses coordonn\u00e9es dans les mentions l\u00e9gales de ce site web.<\/p>\n<p><strong>Comment recueillons-nous vos donn\u00e9es?<\/strong><\/p>\n<p>Vos donn\u00e9es sont collect\u00e9es d'une part lorsque vous nous les communiquez. Cela peut \u00eatre, par exemple, des donn\u00e9es que vous saisissez dans un formulaire de contact.<\/p>\n<p>D'autres donn\u00e9es sont automatiquement collect\u00e9es lors de la visite du site par nos syst\u00e8mes informatiques. Ce sont principalement des donn\u00e9es techniques (par exemple, le navigateur Internet, le syst\u00e8me d'exploitation ou l'heure de la visite). La collecte de ces donn\u00e9es se fait automatiquement d\u00e8s que vous entrez sur notre site.<\/p>\n<p><strong>\u00c0 quoi utilisons-nous vos donn\u00e9es?<\/strong><\/p>\n<p>Une partie des donn\u00e9es est collect\u00e9e pour assurer une mise \u00e0 disposition sans erreur du site. D'autres donn\u00e9es peuvent \u00eatre utilis\u00e9es pour analyser votre comportement d'utilisateur.<\/p>\n<p><strong>Quels sont vos droits concernant vos donn\u00e9es?<\/strong><\/p>\n<p>Vous avez le droit de demander gratuitement \u00e0 tout moment des informations sur l'origine, les destinataires et l'objectif de vos donn\u00e9es personnelles stock\u00e9es. Vous avez \u00e9galement le droit de demander la rectification, le blocage ou la suppression de ces donn\u00e9es. Pour cela, ainsi que pour d'autres questions concernant la protection des donn\u00e9es, vous pouvez nous contacter \u00e0 tout moment \u00e0 l'adresse indiqu\u00e9e dans les mentions l\u00e9gales. Vous avez \u00e9galement le droit de d\u00e9poser une plainte aupr\u00e8s de l'autorit\u00e9 de surveillance comp\u00e9tente.<\/p>\n<h3>Outils d'analyse et outils de tiers<\/h3>\n<p>Lorsque vous visitez notre site web, votre comportement de navigation peut \u00eatre analys\u00e9 statistiquement. Cela se fait principalement avec des cookies et des programmes d'analyse dits. L'analyse de votre comportement de navigation est g\u00e9n\u00e9ralement anonyme; le comportement de navigation ne peut pas \u00eatre retrac\u00e9 jusqu'\u00e0 vous. Vous pouvez vous opposer \u00e0 cette analyse ou l'emp\u00eacher en n'utilisant pas certains outils. Vous trouverez des informations d\u00e9taill\u00e9es \u00e0 ce sujet dans la d\u00e9claration de confidentialit\u00e9 suivante.<\/p>\n<p>Vous pouvez vous opposer \u00e0 cette analyse. Nous vous informerons des possibilit\u00e9s d'opposition dans cette d\u00e9claration de confidentialit\u00e9.<\/p>\n<h2>Avis g\u00e9n\u00e9raux et informations obligatoires<\/h2>\n<h3>Protection des donn\u00e9\u00e9s<\/h3>\n<p>Les op\u00e9rateurs de ces pages prennent tr\u00e8s au s\u00e9rieux la protection de vos donn\u00e9es personnelles. Nous traitons vos donn\u00e9es personnelles de mani\u00e8re confidentielle et conform\u00e9ment aux r\u00e9glementations l\u00e9gales sur la protection des donn\u00e9es ainsi qu'\u00e0 cette d\u00e9claration de confidentialit\u00e9.<\/p>\n<p>Lorsque vous utilisez ce site web, diverses donn\u00e9es personnelles sont collect\u00e9es. Les donn\u00e9es personnelles sont des donn\u00e9es qui peuvent \u00eatre utilis\u00e9es pour vous identifier personnellement. La pr\u00e9sente d\u00e9claration de confidentialit\u00e9 explique quelles donn\u00e9es nous collectons et \u00e0 quelles fins nous les utilisons. Elle explique \u00e9galement comment et \u00e0 quelle fin cela se fait.<\/p>\n<p>Nous tenons \u00e0 signaler que la transmission de donn\u00e9es sur Internet (par exemple lors de la communication par e-mail) peut pr\u00e9senter des failles de s\u00e9curit\u00e9. Une protection compl\u00e8te des donn\u00e9es contre l'acc\u00e8s par des tiers n'est pas possible.<\/p>\n<h3>Avis concernant l'entit\u00e9 responsable<\/h3>\n<p>L'entit\u00e9 responsable du traitement des donn\u00e9es sur ce site web est:<\/p>\n<p>[firmenname]<\/p>\n<p>Anika Dorothea Melle<br \/>\n[strasse]<br \/>\n[plz-ort]<br \/>\nE-Mail: [mail]<\/p>\n<p>L'entit\u00e9 responsable est la personne physique ou morale qui d\u00e9cide seule ou conjointement avec d'autres des finalit\u00e9s et des moyens de traitement des donn\u00e9es personnelles (par exemple, noms, adresses e-mail, etc.).<\/p>\n<h3>R\u00e9vocation de votre consentement au traitement des donn\u00e9es<\/h3>\n<p>De nombreuses op\u00e9rations de traitement des donn\u00e9es ne sont possibles qu'avec votre consentement explicite. Vous pouvez r\u00e9voquer un consentement d\u00e9j\u00e0 donn\u00e9 \u00e0 tout moment. Une communication informelle par e-mail \u00e0 notre adresse suffit pour cela. La l\u00e9galit\u00e9 du traitement des donn\u00e9es effectu\u00e9 jusqu'\u00e0 la r\u00e9vocation n'est pas affect\u00e9e par la r\u00e9vocation.<\/p>\n<h3>Droit de r\u00e9clamation aupr\u00e8s de l'autorit\u00e9 de surveillance comp\u00e9tente<\/h3>\n<p>En cas de violation des lois sur la protection des donn\u00e9es, la personne concern\u00e9e a le droit de d\u00e9poser une plainte aupr\u00e8s de l'autorit\u00e9 de surveillance comp\u00e9tente. Vous pouvez trouver une liste des d\u00e9l\u00e9gu\u00e9s \u00e0 la protection des donn\u00e9es ainsi que leurs coordonn\u00e9es en suivant ce lien : [https:\/\/www.bfdi.bund.de\/DE\/Infothek\/Anschriften_Links\/anschriften_links-node.html](https:\/\/www.bfdi.bund.de\/DE\/Infothek\/Anschriften_Links\/anschriften_links-node.html). Vous pouvez trouver une liste des d\u00e9l\u00e9gu\u00e9s \u00e0 la protection des donn\u00e9es ainsi que leurs coordonn\u00e9es en suivant ce lien: <a href=\"https:\/\/www.bfdi.bund.de\/DE\/Infothek\/Anschriften_Links\/anschriften_links-node.html\" target=\"_blank\" rel=\"noopener\">https:\/\/www.bfdi.bund.de\/DE\/Infothek\/Anschriften_Links\/anschriften_links-node.html.<\/a><\/p>\n<h3>Droit \u00e0 la portabilit\u00e9 des donn\u00e9es<\/h3>\n<p>Vous avez le droit de recevoir les donn\u00e9es que nous traitons automatiquement sur la base de votre consentement ou en ex\u00e9cution d'un contrat, dans un format lisible par machine couramment utilis\u00e9, ou de les faire transf\u00e9rer \u00e0 un tiers. Si vous demandez le transfert direct des donn\u00e9es \u00e0 un autre responsable, cela ne sera fait que dans la mesure o\u00f9 cela est techniquement possible.<\/p>\n<h3>Cryptage SSL ou TLS<\/h3>\n<p>Ce site utilise le cryptage SSL ou TLS pour des raisons de s\u00e9curit\u00e9 et pour prot\u00e9ger la transmission de contenus confidentiels, tels que les commandes ou les demandes que vous nous envoyez en tant qu'op\u00e9rateur du site. Vous pouvez reconna\u00eetre une connexion crypt\u00e9e au fait que la ligne d'adresse du navigateur passe de \"http:\/\/\" \u00e0 \"https:\/\/\" et au symbole de cadenas dans votre ligne de navigateur.<\/p>\n<p>Lorsque le cryptage SSL ou TLS est activ\u00e9, les donn\u00e9es que vous nous transmettez ne peuvent pas \u00eatre lues par des tiers.<\/p>\n<h3>Information, blocage, suppression<\/h3>\n<p>Dans le cadre des dispositions l\u00e9gales en vigueur, vous avez le droit d'obtenir \u00e0 tout moment des informations gratuites sur vos donn\u00e9es personnelles stock\u00e9es, leur origine, leurs destinataires et le but du traitement des donn\u00e9es et, le cas \u00e9ch\u00e9ant, le droit de rectification, de blocage ou de suppression de ces donn\u00e9es. Pour cela, ainsi que pour d'autres questions concernant les donn\u00e9es personnelles, vous pouvez nous contacter \u00e0 tout moment \u00e0 l'adresse indiqu\u00e9e dans les mentions l\u00e9gales.<\/p>\n<h3>Opposition aux e-mails publicitaires<\/h3>\n<p>L'utilisation des coordonn\u00e9es publi\u00e9es dans le cadre de l'obligation de mentions l\u00e9gales pour l'envoi de publicit\u00e9 et de mat\u00e9riel d'information non express\u00e9ment demand\u00e9s est ici interdite. Les op\u00e9rateurs du site se r\u00e9servent express\u00e9ment le droit d'engager des poursuites judiciaires en cas d'envoi non sollicit\u00e9 de publicit\u00e9s, par exemple par des e-mails de spam.<\/p>\n<h2>Collecte de donn\u00e9es sur notre site web<\/h2>\n<h3>Cookies<\/h3>\n<p>Les pages Internet utilisent parfois ce que l'on appelle des cookies. Les cookies ne causent aucun dommage \u00e0 votre ordinateur et ne contiennent pas de virus. Les cookies servent \u00e0 rendre notre offre plus conviviale, plus efficace et plus s\u00fbre. Les cookies sont de petits fichiers texte qui sont stock\u00e9s sur votre ordinateur et enregistr\u00e9s par votre navigateur.<\/p>\n<p>La plupart des cookies que nous utilisons sont des \"cookies de session\". Ils sont automatiquement supprim\u00e9s apr\u00e8s votre visite. D'autres cookies restent stock\u00e9s sur votre appareil jusqu'\u00e0 ce que vous les supprimiez. Ces cookies nous permettent de reconna\u00eetre votre navigateur lors de votre prochaine visite.<\/p>\n<p>Vous pouvez configurer votre navigateur de mani\u00e8re \u00e0 \u00eatre inform\u00e9 de la cr\u00e9ation de cookies et \u00e0 autoriser les cookies uniquement dans des cas sp\u00e9cifiques, \u00e0 exclure l'acceptation des cookies pour certains cas ou en g\u00e9n\u00e9ral, ainsi qu'\u00e0 activer la suppression automatique des cookies \u00e0 la fermeture du navigateur. Si les cookies sont d\u00e9sactiv\u00e9s, la fonctionnalit\u00e9 de ce site web peut \u00eatre limit\u00e9e.<\/p>\n<p>Les cookies n\u00e9cessaires \u00e0 la r\u00e9alisation du processus de communication \u00e9lectronique ou \u00e0 la fourniture de certaines fonctions souhait\u00e9es par vous (par exemple la fonction panier) sont stock\u00e9s sur la base de l'Art. 6 al. 1 lit. f du RGPD. L'op\u00e9rateur du site web a un int\u00e9r\u00eat l\u00e9gitime \u00e0 stocker des cookies pour assurer la fourniture techniquement sans erreur et optimis\u00e9e de ses services. Si d'autres cookies (par exemple des cookies pour analyser votre comportement de navigation) sont stock\u00e9s, ils seront trait\u00e9s s\u00e9par\u00e9ment dans cette d\u00e9claration de confidentialit\u00e9.<\/p>\n<h3>Fichiers journaux de serveur<\/h3>\n<p>Le fournisseur des pages collecte et stocke automatiquement des informations dans ce que l'on appelle des fichiers journaux de serveur, que votre navigateur nous transmet automatiquement. Il s'agit de:<\/p>\n<ul>\n<li>Type et version du navigateur<\/li>\n<li>Syst\u00e8me d'exploitation utilis\u00e9<\/li>\n<li>URL de provenance<\/li>\n<li>Nom d'h\u00f4te de l'ordinateur acc\u00e9dant au site<\/li>\n<li>Heure de la requ\u00eate au serveur<\/li>\n<li>Adresse IP<\/li>\n<\/ul>\n<p>Aucune fusion de ces donn\u00e9es avec d'autres sources de donn\u00e9es n'est effectu\u00e9e.<\/p>\n<p>La base juridique pour le traitement des donn\u00e9es est l'article 6, paragraphe 1, 1 lit. point f du RGPD, qui permet le traitement des donn\u00e9es pour l'ex\u00e9cution d'un contrat ou de mesures pr\u00e9contractuelles.<\/p>\n<h3>Formulaire de contact<\/h3>\n<p>Lorsque vous nous envoyez des demandes via le formulaire de contact, les informations contenues dans le formulaire de demande, y compris les coordonn\u00e9es que vous y avez fournies, sont stock\u00e9es chez nous \u00e0 des fins de traitement de la demande et en cas de questions compl\u00e9mentaires. Nous ne transmettons pas ces donn\u00e9es sans votre consentement.<\/p>\n<p>Le traitement des donn\u00e9es saisies dans le formulaire de contact se fait donc exclusivement sur la base de votre consentement (art. 6, al. 1, point a du RGPD). Vous pouvez r\u00e9voquer ce consentement \u00e0 tout moment. Une communication informelle par e-mail \u00e0 notre adresse suffit pour cela. La l\u00e9galit\u00e9 des op\u00e9rations de traitement des donn\u00e9es effectu\u00e9es jusqu'\u00e0 la r\u00e9vocation n'est pas affect\u00e9e par la r\u00e9vocation.<\/p>\n<p>Les donn\u00e9es que vous avez saisies dans le formulaire de contact restent chez nous jusqu'\u00e0 ce que vous nous demandiez de les supprimer, que vous r\u00e9voquiez votre consentement \u00e0 leur stockage ou que le but du stockage des donn\u00e9es ne soit plus applicable (par exemple, apr\u00e8s le traitement complet de votre demande). Les dispositions l\u00e9gales obligatoires - en particulier les d\u00e9lais de conservation - restent inchang\u00e9es.<\/p>\n<h2>Plugins et outils<\/h2>\n<h3>Google Web Fonts<\/h3>\n<p>Ce site utilise des polices Web, appel\u00e9es Web Fonts, fournies par Google pour une pr\u00e9sentation uniforme des polices de caract\u00e8res. Lorsque vous appelez une page, votre navigateur charge les polices Web n\u00e9cessaires dans son cache de navigateur afin d'afficher correctement les textes et les polices.<\/p>\n<p>\u00c0 cette fin, le navigateur que vous utilisez doit se connecter aux serveurs de Google. Cela permet \u00e0 Google de savoir que notre site web a \u00e9t\u00e9 consult\u00e9 via votre adresse IP. L'utilisation des polices Web de Google est dans l'int\u00e9r\u00eat d'une pr\u00e9sentation uniforme et attrayante de nos offres en ligne. Cela constitue un int\u00e9r\u00eat l\u00e9gitime au sens de l'article 6, paragraphe 1, point f du RGPD.<\/p>\n<p>Si votre navigateur ne prend pas en charge les polices Web, une police standard de votre ordinateur sera utilis\u00e9e.<\/p>\n<p>Pour plus d'informations sur Google Web Fonts, <a href=\"https:\/\/developers.google.com\/fonts\/faq\" target=\"_blank\" rel=\"noopener\">https:\/\/developers.google.com\/fonts\/faq<\/a> consultez et la d\u00e9claration de confidentialit\u00e9 de Google:<a href=\"https:\/\/www.google.com\/policies\/privacy\/\" target=\"_blank\" rel=\"noopener\">https:\/\/www.google.com\/policies\/privacy\/<\/a>.<\/p>\n<\/div>\n<\/div><\/div><\/div><\/div><\/div><\/div>","protected":false},"excerpt":{"rendered":"<p>D\u00e9claration de confidentialit\u00e9 Protection des donn\u00e9es en un coup d&rsquo;\u0153il Avis g\u00e9n\u00e9raux Les indications suivantes donnent un aper\u00e7u simple de ce qu&rsquo;il advient de vos donn\u00e9es personnelles lorsque vous visitez notre site web. Les donn\u00e9es personnelles sont toutes les donn\u00e9es qui peuvent \u00eatre utilis\u00e9es pour vous identifier personnellement. Vous trouverez des informations d\u00e9taill\u00e9es sur le [&hellip;]<\/p>\n","protected":false},"author":10,"featured_media":2445,"parent":0,"menu_order":0,"comment_status":"closed","ping_status":"closed","template":"","meta":{"_acf_changed":false,"footnotes":""},"class_list":["post-5598","page","type-page","status-publish","has-post-thumbnail","hentry"],"blocksy_meta":[],"acf":[],"permalink_history":[],"_links":{"self":[{"href":"https:\/\/anikadorothea.de\/fr\/wp-json\/wp\/v2\/pages\/5598","targetHints":{"allow":["GET"]}}],"collection":[{"href":"https:\/\/anikadorothea.de\/fr\/wp-json\/wp\/v2\/pages"}],"about":[{"href":"https:\/\/anikadorothea.de\/fr\/wp-json\/wp\/v2\/types\/page"}],"author":[{"embeddable":true,"href":"https:\/\/anikadorothea.de\/fr\/wp-json\/wp\/v2\/users\/10"}],"replies":[{"embeddable":true,"href":"https:\/\/anikadorothea.de\/fr\/wp-json\/wp\/v2\/comments?post=5598"}],"version-history":[{"count":1,"href":"https:\/\/anikadorothea.de\/fr\/wp-json\/wp\/v2\/pages\/5598\/revisions"}],"predecessor-version":[{"id":5600,"href":"https:\/\/anikadorothea.de\/fr\/wp-json\/wp\/v2\/pages\/5598\/revisions\/5600"}],"wp:featuredmedia":[{"embeddable":true,"href":"https:\/\/anikadorothea.de\/fr\/wp-json\/wp\/v2\/media\/2445"}],"wp:attachment":[{"href":"https:\/\/anikadorothea.de\/fr\/wp-json\/wp\/v2\/media?parent=5598"}],"curies":[{"name":"wp","href":"https:\/\/api.w.org\/{rel}","templated":true}]}}