{"id":5568,"date":"2022-11-07T15:52:36","date_gmt":"2022-11-07T14:52:36","guid":{"rendered":"https:\/\/anikadorothea.de\/projets\/"},"modified":"2024-09-20T20:42:05","modified_gmt":"2024-09-20T18:42:05","slug":"projets","status":"publish","type":"page","link":"https:\/\/anikadorothea.de\/fr\/projets\/","title":{"rendered":"Projets"},"content":{"rendered":"<div id=\"pl-gb5568-69e399aab94b2\"  class=\"panel-layout\" ><div id=\"pg-gb5568-69e399aab94b2-0\"  class=\"panel-grid panel-no-style\" ><div id=\"pgc-gb5568-69e399aab94b2-0-0\"  class=\"panel-grid-cell panel-grid-cell-empty\" ><\/div><div id=\"pgc-gb5568-69e399aab94b2-0-1\"  class=\"panel-grid-cell panel-grid-cell-mobile-last\" ><div id=\"panel-gb5568-69e399aab94b2-0-1-0\" class=\"so-panel widget widget_sow-editor panel-first-child panel-last-child\" data-index=\"0\" ><div\n\t\t\t\n\t\t\tclass=\"so-widget-sow-editor so-widget-sow-editor-base\"\n\t\t\t\n\t\t>\n<div class=\"siteorigin-widget-tinymce textwidget\">\n\t<blockquote class=\"fn-blockquote\">\n<p style=\"text-align: center;\">\u201eNous, les humains, sommes des merveilles!\u00a0\u00bb<\/p>\n<\/blockquote>\n<\/div>\n<\/div><\/div><\/div><div id=\"pgc-gb5568-69e399aab94b2-0-2\"  class=\"panel-grid-cell panel-grid-cell-empty\" ><\/div><\/div><div id=\"pg-gb5568-69e399aab94b2-1\"  class=\"panel-grid panel-has-style\" ><div class=\"fn-background-primary-right siteorigin-panels-stretch panel-row-style panel-row-style-for-gb5568-69e399aab94b2-1\" data-stretch-type=\"full\" ><div id=\"pgc-gb5568-69e399aab94b2-1-0\"  class=\"panel-grid-cell\" ><div id=\"panel-gb5568-69e399aab94b2-1-0-0\" class=\"so-panel widget widget_sow-editor panel-first-child panel-last-child\" data-index=\"1\" ><div\n\t\t\t\n\t\t\tclass=\"so-widget-sow-editor so-widget-sow-editor-base\"\n\t\t\t\n\t\t>\n<div class=\"siteorigin-widget-tinymce textwidget\">\n\t<p class=\"fn-small-title\">R\u00e9alit\u00e9<\/p>\n<h1>Diff\u00e9rentes r\u00e9alit\u00e9s dans un m\u00eame monde<\/h1>\n<p>Chacun de nous cr\u00e9e sa propre r\u00e9alit\u00e9. La diversit\u00e9 des r\u00e9alit\u00e9s est ce qui rend la vie si unique. Nous sommes n\u00e9s pour vivre en paix en tant qu&rsquo;humanit\u00e9, ind\u00e9pendamment de ces diff\u00e9rentes r\u00e9alit\u00e9s. Ce que nous devons comprendre, c&rsquo;est que la Terre est en soi le paradis.<\/p>\n<p>C&rsquo;est \u00e0 nous de simplement le reconna\u00eetre, le vivre et l&rsquo;appr\u00e9cier. Unis dans l&rsquo;esprit, cela devient facile. L&rsquo;art consiste \u00e0 manifester une unit\u00e9 en v\u00e9rit\u00e9, en amour et en libert\u00e9 \u00e0 partir de cette diversit\u00e9. C&rsquo;est notre vocation de le faire&#8230; nous devons simplement donner un \u00ab\u00a0oui\u00a0\u00bb conscient et clarifi\u00e9 \u00e0 l&rsquo;humanit\u00e9.<\/p>\n<\/div>\n<\/div><\/div><\/div><div id=\"pgc-gb5568-69e399aab94b2-1-1\"  class=\"panel-grid-cell\" ><div id=\"panel-gb5568-69e399aab94b2-1-1-0\" class=\"so-panel widget widget_sow-image panel-first-child panel-last-child\" data-index=\"2\" ><div class=\"uk-padding fn-padding-remove panel-widget-style panel-widget-style-for-gb5568-69e399aab94b2-1-1-0\" ><div\n\t\t\t\n\t\t\tclass=\"so-widget-sow-image so-widget-sow-image-default-8b5b6f678277-5568\"\n\t\t\t\n\t\t>\n<div class=\"sow-image-container\">\n\t\t<img \n\tsrc=\"https:\/\/anikadorothea.de\/wp-content\/uploads\/2022\/12\/dandelion-seeds-768x512.jpg\" width=\"768\" height=\"512\" srcset=\"https:\/\/anikadorothea.de\/wp-content\/uploads\/2022\/12\/dandelion-seeds-768x512.jpg 768w, https:\/\/anikadorothea.de\/wp-content\/uploads\/2022\/12\/dandelion-seeds-300x200.jpg 300w, https:\/\/anikadorothea.de\/wp-content\/uploads\/2022\/12\/dandelion-seeds-1024x683.jpg 1024w, https:\/\/anikadorothea.de\/wp-content\/uploads\/2022\/12\/dandelion-seeds-1536x1024.jpg 1536w, https:\/\/anikadorothea.de\/wp-content\/uploads\/2022\/12\/dandelion-seeds.jpg 1920w\" sizes=\"(max-width: 768px) 100vw, 768px\" alt=\"\" \t\tclass=\"so-widget-image\"\/>\n\t<\/div>\n\n<\/div><\/div><\/div><\/div><\/div><\/div><div id=\"pg-gb5568-69e399aab94b2-2\"  class=\"panel-grid panel-no-style\" ><div id=\"pgc-gb5568-69e399aab94b2-2-0\"  class=\"panel-grid-cell\" ><div id=\"panel-gb5568-69e399aab94b2-2-0-0\" class=\"so-panel widget widget_sow-image panel-first-child panel-last-child\" data-index=\"3\" ><div\n\t\t\t\n\t\t\tclass=\"so-widget-sow-image so-widget-sow-image-default-8b5b6f678277-5568\"\n\t\t\t\n\t\t>\n<div class=\"sow-image-container\">\n\t\t<img \n\tsrc=\"https:\/\/anikadorothea.de\/wp-content\/uploads\/2022\/12\/elephans.jpg\" width=\"1920\" height=\"1358\" srcset=\"https:\/\/anikadorothea.de\/wp-content\/uploads\/2022\/12\/elephans.jpg 1920w, https:\/\/anikadorothea.de\/wp-content\/uploads\/2022\/12\/elephans-300x212.jpg 300w, https:\/\/anikadorothea.de\/wp-content\/uploads\/2022\/12\/elephans-1024x724.jpg 1024w, https:\/\/anikadorothea.de\/wp-content\/uploads\/2022\/12\/elephans-768x543.jpg 768w, https:\/\/anikadorothea.de\/wp-content\/uploads\/2022\/12\/elephans-1536x1086.jpg 1536w\" sizes=\"(max-width: 1920px) 100vw, 1920px\" alt=\"\" \t\tclass=\"so-widget-image\"\/>\n\t<\/div>\n\n<\/div><\/div><\/div><div id=\"pgc-gb5568-69e399aab94b2-2-1\"  class=\"panel-grid-cell\" ><div id=\"panel-gb5568-69e399aab94b2-2-1-0\" class=\"so-panel widget widget_sow-editor panel-first-child panel-last-child\" data-index=\"4\" ><div\n\t\t\t\n\t\t\tclass=\"so-widget-sow-editor so-widget-sow-editor-base\"\n\t\t\t\n\t\t>\n<div class=\"siteorigin-widget-tinymce textwidget\">\n\t<p class=\"uk-h2 fn-small-title\"><span style=\"font-size: 1.5rem;\">Communaut\u00e9 <\/span><\/p>\n<h2 class=\"uk-h1\">La vie est belle!<\/h2>\n<p>Nous t&rsquo;invitons \u00e0 consid\u00e9rer ensemble la vie comme une telle merveille. La communaut\u00e9 est ce qui rend notre vie humaine. L&rsquo;amour est ce qui permet \u00e0 cette communaut\u00e9 d&rsquo;\u0153uvrer en paix et en bonheur.<\/p>\n<p>Laissons ensemble toutes ces \u00e9nergies spirituelles et affectueuses couler dans leur beaut\u00e9!<\/p>\n<\/div>\n<\/div><\/div><\/div><\/div><\/div>","protected":false},"excerpt":{"rendered":"<p>\u201eNous, les humains, sommes des merveilles!\u00a0\u00bb R\u00e9alit\u00e9 Diff\u00e9rentes r\u00e9alit\u00e9s dans un m\u00eame monde Chacun de nous cr\u00e9e sa propre r\u00e9alit\u00e9. La diversit\u00e9 des r\u00e9alit\u00e9s est ce qui rend la vie si unique. Nous sommes n\u00e9s pour vivre en paix en tant qu&rsquo;humanit\u00e9, ind\u00e9pendamment de ces diff\u00e9rentes r\u00e9alit\u00e9s. Ce que nous devons comprendre, c&rsquo;est que la [&hellip;]<\/p>\n","protected":false},"author":10,"featured_media":2425,"parent":0,"menu_order":0,"comment_status":"closed","ping_status":"closed","template":"","meta":{"_acf_changed":false,"footnotes":""},"class_list":["post-5568","page","type-page","status-publish","has-post-thumbnail","hentry"],"blocksy_meta":[],"acf":[],"permalink_history":[],"_links":{"self":[{"href":"https:\/\/anikadorothea.de\/fr\/wp-json\/wp\/v2\/pages\/5568","targetHints":{"allow":["GET"]}}],"collection":[{"href":"https:\/\/anikadorothea.de\/fr\/wp-json\/wp\/v2\/pages"}],"about":[{"href":"https:\/\/anikadorothea.de\/fr\/wp-json\/wp\/v2\/types\/page"}],"author":[{"embeddable":true,"href":"https:\/\/anikadorothea.de\/fr\/wp-json\/wp\/v2\/users\/10"}],"replies":[{"embeddable":true,"href":"https:\/\/anikadorothea.de\/fr\/wp-json\/wp\/v2\/comments?post=5568"}],"version-history":[{"count":5,"href":"https:\/\/anikadorothea.de\/fr\/wp-json\/wp\/v2\/pages\/5568\/revisions"}],"predecessor-version":[{"id":7311,"href":"https:\/\/anikadorothea.de\/fr\/wp-json\/wp\/v2\/pages\/5568\/revisions\/7311"}],"wp:featuredmedia":[{"embeddable":true,"href":"https:\/\/anikadorothea.de\/fr\/wp-json\/wp\/v2\/media\/2425"}],"wp:attachment":[{"href":"https:\/\/anikadorothea.de\/fr\/wp-json\/wp\/v2\/media?parent=5568"}],"curies":[{"name":"wp","href":"https:\/\/api.w.org\/{rel}","templated":true}]}}