{"id":5565,"date":"2023-02-18T09:53:22","date_gmt":"2023-02-18T08:53:22","guid":{"rendered":"https:\/\/anikadorothea.de\/temps-de-lame\/"},"modified":"2024-06-23T11:58:58","modified_gmt":"2024-06-23T09:58:58","slug":"temps-de-lame","status":"publish","type":"page","link":"https:\/\/anikadorothea.de\/fr\/temps-de-lame\/","title":{"rendered":"Temps de l&rsquo;\u00e2me"},"content":{"rendered":"<div id=\"pl-gb5565-69e399ac4de33\"  class=\"panel-layout wp-block-siteorigin-panels-layout-block\" ><div id=\"pg-gb5565-69e399ac4de33-0\"  class=\"panel-grid panel-no-style\" ><div id=\"pgc-gb5565-69e399ac4de33-0-0\"  class=\"panel-grid-cell\" ><div id=\"panel-gb5565-69e399ac4de33-0-0-0\" class=\"so-panel widget widget_sow-editor panel-first-child\" data-index=\"0\" ><div\n\t\t\t\n\t\t\tclass=\"so-widget-sow-editor so-widget-sow-editor-base\"\n\t\t\t\n\t\t>\n<div class=\"siteorigin-widget-tinymce textwidget\">\n\t<p class=\"uk-text-primary fn-small-title\" style=\"text-align: center;\">Temps de l&rsquo;\u00e2me<\/p>\n<p style=\"text-align: center;\">L&rsquo;\u00e2me est le noyau qui fait briller et vivre tout ce qui existe. Il faut notre \u00e2me pour \u00eatre vivant et se sentir bien sur Terre. C&rsquo;est nous, les humains, qui comprenons que la Terre est un paradis \u2013 o\u00f9 la s\u00e9paration se dissout et l&rsquo;unit\u00e9 agit dans les c\u0153urs \u2013 pour franchir courageusement les prochaines \u00e9tapes d&rsquo;un nouveau monde lumineux.<\/p>\n<\/div>\n<\/div><\/div><div id=\"panel-gb5565-69e399ac4de33-0-0-1\" class=\"so-panel widget widget_sow-image panel-last-child\" data-index=\"1\" ><div\n\t\t\t\n\t\t\tclass=\"so-widget-sow-image so-widget-sow-image-default-8b5b6f678277-5565\"\n\t\t\t\n\t\t>\n<div class=\"sow-image-container\">\n\t\t<img \n\tsrc=\"https:\/\/anikadorothea.de\/wp-content\/uploads\/2023\/03\/butterflies-g662a59756_1920.jpg\" width=\"1920\" height=\"1280\" srcset=\"https:\/\/anikadorothea.de\/wp-content\/uploads\/2023\/03\/butterflies-g662a59756_1920.jpg 1920w, https:\/\/anikadorothea.de\/wp-content\/uploads\/2023\/03\/butterflies-g662a59756_1920-300x200.jpg 300w, https:\/\/anikadorothea.de\/wp-content\/uploads\/2023\/03\/butterflies-g662a59756_1920-1024x683.jpg 1024w, https:\/\/anikadorothea.de\/wp-content\/uploads\/2023\/03\/butterflies-g662a59756_1920-768x512.jpg 768w, https:\/\/anikadorothea.de\/wp-content\/uploads\/2023\/03\/butterflies-g662a59756_1920-1536x1024.jpg 1536w\" sizes=\"(max-width: 1920px) 100vw, 1920px\" alt=\"\" \t\tclass=\"so-widget-image\"\/>\n\t<\/div>\n\n<\/div><\/div><\/div><\/div><\/div>","protected":false},"excerpt":{"rendered":"<p>Temps de l&rsquo;\u00e2me L&rsquo;\u00e2me est le noyau qui fait briller et vivre tout ce qui existe. Il faut notre \u00e2me pour \u00eatre vivant et se sentir bien sur Terre. C&rsquo;est nous, les humains, qui comprenons que la Terre est un paradis \u2013 o\u00f9 la s\u00e9paration se dissout et l&rsquo;unit\u00e9 agit dans les c\u0153urs \u2013 pour [&hellip;]<\/p>\n","protected":false},"author":10,"featured_media":0,"parent":0,"menu_order":0,"comment_status":"closed","ping_status":"closed","template":"","meta":{"_acf_changed":false,"footnotes":""},"class_list":["post-5565","page","type-page","status-publish","hentry"],"blocksy_meta":[],"acf":[],"permalink_history":[],"_links":{"self":[{"href":"https:\/\/anikadorothea.de\/fr\/wp-json\/wp\/v2\/pages\/5565","targetHints":{"allow":["GET"]}}],"collection":[{"href":"https:\/\/anikadorothea.de\/fr\/wp-json\/wp\/v2\/pages"}],"about":[{"href":"https:\/\/anikadorothea.de\/fr\/wp-json\/wp\/v2\/types\/page"}],"author":[{"embeddable":true,"href":"https:\/\/anikadorothea.de\/fr\/wp-json\/wp\/v2\/users\/10"}],"replies":[{"embeddable":true,"href":"https:\/\/anikadorothea.de\/fr\/wp-json\/wp\/v2\/comments?post=5565"}],"version-history":[{"count":1,"href":"https:\/\/anikadorothea.de\/fr\/wp-json\/wp\/v2\/pages\/5565\/revisions"}],"predecessor-version":[{"id":5567,"href":"https:\/\/anikadorothea.de\/fr\/wp-json\/wp\/v2\/pages\/5565\/revisions\/5567"}],"wp:attachment":[{"href":"https:\/\/anikadorothea.de\/fr\/wp-json\/wp\/v2\/media?parent=5565"}],"curies":[{"name":"wp","href":"https:\/\/api.w.org\/{rel}","templated":true}]}}