{"id":6271,"date":"2023-02-18T09:53:22","date_gmt":"2023-02-18T08:53:22","guid":{"rendered":"https:\/\/anikadorothea.de\/tid-til-sjaelen\/"},"modified":"2024-07-10T04:58:21","modified_gmt":"2024-07-10T02:58:21","slug":"tid-til-sjaelen","status":"publish","type":"page","link":"https:\/\/anikadorothea.de\/da\/tid-til-sjaelen\/","title":{"rendered":"Tid til sj\u00e6len"},"content":{"rendered":"<div id=\"pl-gb6271-69e3861612b65\"  class=\"panel-layout wp-block-siteorigin-panels-layout-block\" ><div id=\"pg-gb6271-69e3861612b65-0\"  class=\"panel-grid panel-no-style\" ><div id=\"pgc-gb6271-69e3861612b65-0-0\"  class=\"panel-grid-cell\" ><div id=\"panel-gb6271-69e3861612b65-0-0-0\" class=\"so-panel widget widget_sow-editor panel-first-child\" data-index=\"0\" ><div\n\t\t\t\n\t\t\tclass=\"so-widget-sow-editor so-widget-sow-editor-base\"\n\t\t\t\n\t\t>\n<div class=\"siteorigin-widget-tinymce textwidget\">\n\t<p class=\"uk-text-primary fn-small-title\" style=\"text-align: center;\">Tid til sj\u00e6len<\/p>\n<p style=\"text-align: center;\">Sj\u00e6len er kernen, der f\u00e5r alt, der eksisterer, til at skinne og leve. Vores sj\u00e6l er n\u00f8dvendig for at v\u00e6re i live og f\u00f8le sig godt tilpas p\u00e5 jorden. Det er vi mennesker, der forst\u00e5r paradiset p\u00e5 jorden \u2013 hvor adskillelsen opl\u00f8ses og enhed virker i hjerterne \u2013 for modigt at tage de n\u00e6ste skridt i en ny, lysfyldt verden.<\/p>\n<\/div>\n<\/div><\/div><div id=\"panel-gb6271-69e3861612b65-0-0-1\" class=\"so-panel widget widget_sow-image panel-last-child\" data-index=\"1\" ><div\n\t\t\t\n\t\t\tclass=\"so-widget-sow-image so-widget-sow-image-default-8b5b6f678277-6271\"\n\t\t\t\n\t\t>\n<div class=\"sow-image-container\">\n\t\t<img \n\tsrc=\"https:\/\/anikadorothea.de\/wp-content\/uploads\/2023\/03\/butterflies-g662a59756_1920.jpg\" width=\"1920\" height=\"1280\" srcset=\"https:\/\/anikadorothea.de\/wp-content\/uploads\/2023\/03\/butterflies-g662a59756_1920.jpg 1920w, https:\/\/anikadorothea.de\/wp-content\/uploads\/2023\/03\/butterflies-g662a59756_1920-300x200.jpg 300w, https:\/\/anikadorothea.de\/wp-content\/uploads\/2023\/03\/butterflies-g662a59756_1920-1024x683.jpg 1024w, https:\/\/anikadorothea.de\/wp-content\/uploads\/2023\/03\/butterflies-g662a59756_1920-768x512.jpg 768w, https:\/\/anikadorothea.de\/wp-content\/uploads\/2023\/03\/butterflies-g662a59756_1920-1536x1024.jpg 1536w\" sizes=\"(max-width: 1920px) 100vw, 1920px\" alt=\"\" \t\tclass=\"so-widget-image\"\/>\n\t<\/div>\n\n<\/div><\/div><\/div><\/div><\/div>","protected":false},"excerpt":{"rendered":"<p>Tid til sj\u00e6len Sj\u00e6len er kernen, der f\u00e5r alt, der eksisterer, til at skinne og leve. Vores sj\u00e6l er n\u00f8dvendig for at v\u00e6re i live og f\u00f8le sig godt tilpas p\u00e5 jorden. Det er vi mennesker, der forst\u00e5r paradiset p\u00e5 jorden \u2013 hvor adskillelsen opl\u00f8ses og enhed virker i hjerterne \u2013 for modigt at tage [&hellip;]<\/p>\n","protected":false},"author":10,"featured_media":0,"parent":0,"menu_order":0,"comment_status":"closed","ping_status":"closed","template":"","meta":{"_acf_changed":false,"footnotes":""},"class_list":["post-6271","page","type-page","status-publish","hentry"],"blocksy_meta":[],"acf":[],"permalink_history":[],"_links":{"self":[{"href":"https:\/\/anikadorothea.de\/da\/wp-json\/wp\/v2\/pages\/6271","targetHints":{"allow":["GET"]}}],"collection":[{"href":"https:\/\/anikadorothea.de\/da\/wp-json\/wp\/v2\/pages"}],"about":[{"href":"https:\/\/anikadorothea.de\/da\/wp-json\/wp\/v2\/types\/page"}],"author":[{"embeddable":true,"href":"https:\/\/anikadorothea.de\/da\/wp-json\/wp\/v2\/users\/10"}],"replies":[{"embeddable":true,"href":"https:\/\/anikadorothea.de\/da\/wp-json\/wp\/v2\/comments?post=6271"}],"version-history":[{"count":1,"href":"https:\/\/anikadorothea.de\/da\/wp-json\/wp\/v2\/pages\/6271\/revisions"}],"predecessor-version":[{"id":6273,"href":"https:\/\/anikadorothea.de\/da\/wp-json\/wp\/v2\/pages\/6271\/revisions\/6273"}],"wp:attachment":[{"href":"https:\/\/anikadorothea.de\/da\/wp-json\/wp\/v2\/media?parent=6271"}],"curies":[{"name":"wp","href":"https:\/\/api.w.org\/{rel}","templated":true}]}}