{"id":6268,"date":"2022-11-07T15:52:36","date_gmt":"2022-11-07T14:52:36","guid":{"rendered":"https:\/\/anikadorothea.de\/projekter\/"},"modified":"2024-09-20T20:42:05","modified_gmt":"2024-09-20T18:42:05","slug":"projekter","status":"publish","type":"page","link":"https:\/\/anikadorothea.de\/da\/projekter\/","title":{"rendered":"Projekter"},"content":{"rendered":"<div id=\"pl-gb6268-69e399c3c7aad\"  class=\"panel-layout\" ><div id=\"pg-gb6268-69e399c3c7aad-0\"  class=\"panel-grid panel-no-style\" ><div id=\"pgc-gb6268-69e399c3c7aad-0-0\"  class=\"panel-grid-cell panel-grid-cell-empty\" ><\/div><div id=\"pgc-gb6268-69e399c3c7aad-0-1\"  class=\"panel-grid-cell panel-grid-cell-mobile-last\" ><div id=\"panel-gb6268-69e399c3c7aad-0-1-0\" class=\"so-panel widget widget_sow-editor panel-first-child panel-last-child\" data-index=\"0\" ><div\n\t\t\t\n\t\t\tclass=\"so-widget-sow-editor so-widget-sow-editor-base\"\n\t\t\t\n\t\t>\n<div class=\"siteorigin-widget-tinymce textwidget\">\n\t<blockquote class=\"fn-blockquote\">\n<p style=\"text-align: center;\">\u201eVi mennesker er fantastiske skabninger!\u201c<\/p>\n<\/blockquote>\n<\/div>\n<\/div><\/div><\/div><div id=\"pgc-gb6268-69e399c3c7aad-0-2\"  class=\"panel-grid-cell panel-grid-cell-empty\" ><\/div><\/div><div id=\"pg-gb6268-69e399c3c7aad-1\"  class=\"panel-grid panel-has-style\" ><div class=\"fn-background-primary-right siteorigin-panels-stretch panel-row-style panel-row-style-for-gb6268-69e399c3c7aad-1\" data-stretch-type=\"full\" ><div id=\"pgc-gb6268-69e399c3c7aad-1-0\"  class=\"panel-grid-cell\" ><div id=\"panel-gb6268-69e399c3c7aad-1-0-0\" class=\"so-panel widget widget_sow-editor panel-first-child panel-last-child\" data-index=\"1\" ><div\n\t\t\t\n\t\t\tclass=\"so-widget-sow-editor so-widget-sow-editor-base\"\n\t\t\t\n\t\t>\n<div class=\"siteorigin-widget-tinymce textwidget\">\n\t<p class=\"fn-small-title\">Virkelighed<\/p>\n<h1>Forskellige virkeligheder i \u00e9n verden<\/h1>\n<p>Vi skaber hver is\u00e6r vores egen virkelighed. Mangfoldigheden af virkeligheder er det, der g\u00f8r livet s\u00e5 unikt. Vi er f\u00f8dt til at leve i fred som menneskehed, uanset disse forskellige virkeligheder. Det, vi mennesker kan indse, er, at jorden i sig selv er et paradis.<\/p>\n<p>Det er os, der blot kan anerkende, leve og nyde det. Forenet i \u00e5nden er det nemt. Kunsten er at manifestere enhed i sandhed, k\u00e6rlighed og frihed fra denne mangfoldighed. Det er vores kald at g\u00f8re dette&#8230; vi skal blot give et bevidst og afklaret &#8220;ja&#8221; til at v\u00e6re menneske.<\/p>\n<\/div>\n<\/div><\/div><\/div><div id=\"pgc-gb6268-69e399c3c7aad-1-1\"  class=\"panel-grid-cell\" ><div id=\"panel-gb6268-69e399c3c7aad-1-1-0\" class=\"so-panel widget widget_sow-image panel-first-child panel-last-child\" data-index=\"2\" ><div class=\"uk-padding fn-padding-remove panel-widget-style panel-widget-style-for-gb6268-69e399c3c7aad-1-1-0\" ><div\n\t\t\t\n\t\t\tclass=\"so-widget-sow-image so-widget-sow-image-default-8b5b6f678277-6268\"\n\t\t\t\n\t\t>\n<div class=\"sow-image-container\">\n\t\t<img \n\tsrc=\"https:\/\/anikadorothea.de\/wp-content\/uploads\/2022\/12\/dandelion-seeds-768x512.jpg\" width=\"768\" height=\"512\" srcset=\"https:\/\/anikadorothea.de\/wp-content\/uploads\/2022\/12\/dandelion-seeds-768x512.jpg 768w, https:\/\/anikadorothea.de\/wp-content\/uploads\/2022\/12\/dandelion-seeds-300x200.jpg 300w, https:\/\/anikadorothea.de\/wp-content\/uploads\/2022\/12\/dandelion-seeds-1024x683.jpg 1024w, https:\/\/anikadorothea.de\/wp-content\/uploads\/2022\/12\/dandelion-seeds-1536x1024.jpg 1536w, https:\/\/anikadorothea.de\/wp-content\/uploads\/2022\/12\/dandelion-seeds.jpg 1920w\" sizes=\"(max-width: 768px) 100vw, 768px\" alt=\"\" \t\tclass=\"so-widget-image\"\/>\n\t<\/div>\n\n<\/div><\/div><\/div><\/div><\/div><\/div><div id=\"pg-gb6268-69e399c3c7aad-2\"  class=\"panel-grid panel-no-style\" ><div id=\"pgc-gb6268-69e399c3c7aad-2-0\"  class=\"panel-grid-cell\" ><div id=\"panel-gb6268-69e399c3c7aad-2-0-0\" class=\"so-panel widget widget_sow-image panel-first-child panel-last-child\" data-index=\"3\" ><div\n\t\t\t\n\t\t\tclass=\"so-widget-sow-image so-widget-sow-image-default-8b5b6f678277-6268\"\n\t\t\t\n\t\t>\n<div class=\"sow-image-container\">\n\t\t<img \n\tsrc=\"https:\/\/anikadorothea.de\/wp-content\/uploads\/2022\/12\/elephans.jpg\" width=\"1920\" height=\"1358\" srcset=\"https:\/\/anikadorothea.de\/wp-content\/uploads\/2022\/12\/elephans.jpg 1920w, https:\/\/anikadorothea.de\/wp-content\/uploads\/2022\/12\/elephans-300x212.jpg 300w, https:\/\/anikadorothea.de\/wp-content\/uploads\/2022\/12\/elephans-1024x724.jpg 1024w, https:\/\/anikadorothea.de\/wp-content\/uploads\/2022\/12\/elephans-768x543.jpg 768w, https:\/\/anikadorothea.de\/wp-content\/uploads\/2022\/12\/elephans-1536x1086.jpg 1536w\" sizes=\"(max-width: 1920px) 100vw, 1920px\" alt=\"\" \t\tclass=\"so-widget-image\"\/>\n\t<\/div>\n\n<\/div><\/div><\/div><div id=\"pgc-gb6268-69e399c3c7aad-2-1\"  class=\"panel-grid-cell\" ><div id=\"panel-gb6268-69e399c3c7aad-2-1-0\" class=\"so-panel widget widget_sow-editor panel-first-child panel-last-child\" data-index=\"4\" ><div\n\t\t\t\n\t\t\tclass=\"so-widget-sow-editor so-widget-sow-editor-base\"\n\t\t\t\n\t\t>\n<div class=\"siteorigin-widget-tinymce textwidget\">\n\t<p class=\"uk-h2 fn-small-title\"><span style=\"font-size: 1.5rem;\">F\u00e6llesskabet <\/span><\/p>\n<h2 class=\"uk-h1\">Livet er smukt!<\/h2>\n<p>Vi inviterer dig til at se livet sammen som et s\u00e5dant vidunder. F\u00e6llesskab er det, der g\u00f8r vores liv menneskeligt. K\u00e6rlighed er det, der f\u00e5r det til at fungere i fred og lykke.<\/p>\n<p>Lad os lade alle disse sj\u00e6lfulde og inderlige energier flyde sammen i al deres sk\u00f8nhed!<\/p>\n<\/div>\n<\/div><\/div><\/div><\/div><\/div>","protected":false},"excerpt":{"rendered":"<p>\u201eVi mennesker er fantastiske skabninger!\u201c Virkelighed Forskellige virkeligheder i \u00e9n verden Vi skaber hver is\u00e6r vores egen virkelighed. Mangfoldigheden af virkeligheder er det, der g\u00f8r livet s\u00e5 unikt. Vi er f\u00f8dt til at leve i fred som menneskehed, uanset disse forskellige virkeligheder. Det, vi mennesker kan indse, er, at jorden i sig selv er et [&hellip;]<\/p>\n","protected":false},"author":10,"featured_media":5656,"parent":0,"menu_order":0,"comment_status":"closed","ping_status":"closed","template":"","meta":{"_acf_changed":false,"footnotes":""},"class_list":["post-6268","page","type-page","status-publish","has-post-thumbnail","hentry"],"blocksy_meta":[],"acf":[],"permalink_history":[],"_links":{"self":[{"href":"https:\/\/anikadorothea.de\/da\/wp-json\/wp\/v2\/pages\/6268","targetHints":{"allow":["GET"]}}],"collection":[{"href":"https:\/\/anikadorothea.de\/da\/wp-json\/wp\/v2\/pages"}],"about":[{"href":"https:\/\/anikadorothea.de\/da\/wp-json\/wp\/v2\/types\/page"}],"author":[{"embeddable":true,"href":"https:\/\/anikadorothea.de\/da\/wp-json\/wp\/v2\/users\/10"}],"replies":[{"embeddable":true,"href":"https:\/\/anikadorothea.de\/da\/wp-json\/wp\/v2\/comments?post=6268"}],"version-history":[{"count":2,"href":"https:\/\/anikadorothea.de\/da\/wp-json\/wp\/v2\/pages\/6268\/revisions"}],"predecessor-version":[{"id":7313,"href":"https:\/\/anikadorothea.de\/da\/wp-json\/wp\/v2\/pages\/6268\/revisions\/7313"}],"wp:featuredmedia":[{"embeddable":true,"href":"https:\/\/anikadorothea.de\/da\/wp-json\/wp\/v2\/media\/5656"}],"wp:attachment":[{"href":"https:\/\/anikadorothea.de\/da\/wp-json\/wp\/v2\/media?parent=6268"}],"curies":[{"name":"wp","href":"https:\/\/api.w.org\/{rel}","templated":true}]}}