{"id":6235,"date":"2019-06-25T17:56:20","date_gmt":"2019-06-25T15:56:20","guid":{"rendered":"https:\/\/anikadorothea.de\/kontakt\/"},"modified":"2024-07-09T18:41:13","modified_gmt":"2024-07-09T16:41:13","slug":"kontakt","status":"publish","type":"page","link":"https:\/\/anikadorothea.de\/da\/kontakt\/","title":{"rendered":"Kontakt"},"content":{"rendered":"<div id=\"pl-6235\"  class=\"panel-layout\" ><div id=\"pg-6235-0\"  class=\"panel-grid panel-has-style\" ><div class=\"fn-background-primary-right panel-row-style panel-row-style-for-6235-0\" ><div id=\"pgc-6235-0-0\"  class=\"panel-grid-cell\" ><div id=\"panel-6235-0-0-0\" class=\"so-panel widget widget_sow-editor panel-first-child panel-last-child\" data-index=\"0\" ><div\n\t\t\t\n\t\t\tclass=\"so-widget-sow-editor so-widget-sow-editor-base\"\n\t\t\t\n\t\t>\n<div class=\"siteorigin-widget-tinymce textwidget\">\n\t<h5 style=\"text-align: center;\"><\/h5>\n<h4>Send venligst alle sp\u00f8rgsm\u00e5l og bekymringer vedr\u00f8rende projektet - Seelenzeit - til denne e-mail:<br \/>\ns&#111;&#117;&#x6c;&#x74;im&#101;&#64;&#x61;&#x6e;ik&#97;&#100;&#x6f;&#x72;ot&#104;&#x65;&#x61;&#x2e;d&#101;<\/h4>\n<h4>Send venligst alle andre impulser til:<br \/>\nk&#111;&#110;&#116;&#x61;&#x6b;&#x74;&#64;a&#110;&#105;&#x6b;&#x61;&#x64;&#x6f;ro&#116;&#104;&#x65;&#x61;&#x2e;&#x64;e<\/h4>\n<h4 style=\"text-align: center;\">Vi ser frem til at h\u00f8re fra dig!<\/h4>\n<\/div>\n<\/div><\/div><\/div><div id=\"pgc-6235-0-1\"  class=\"panel-grid-cell\" ><div class=\"uk-padding panel-cell-style panel-cell-style-for-6235-0-1\" ><div id=\"panel-6235-0-1-0\" class=\"so-panel widget widget_sow-editor panel-first-child panel-last-child\" data-index=\"1\" ><div class=\"uk-background-default uk-padding uk-box-shadow-medium panel-widget-style panel-widget-style-for-6235-0-1-0\" ><div\n\t\t\t\n\t\t\tclass=\"so-widget-sow-editor so-widget-sow-editor-base\"\n\t\t\t\n\t\t>\n<div class=\"siteorigin-widget-tinymce textwidget\">\n\t<p>[contact-form-7 id=\"10\" title=\"Kontakt\"]<\/p>\n<\/div>\n<\/div><\/div><\/div><\/div><\/div><\/div><\/div><\/div>","protected":false},"excerpt":{"rendered":"<p>Send venligst alle sp\u00f8rgsm\u00e5l og bekymringer vedr\u00f8rende projektet &#8211; Seelenzeit &#8211; til denne e-mail: &#x73;&#x6f;&#x75;&#x6c;&#x74;&#x69;&#109;&#101;&#64;&#97;nika&#x64;&#x6f;&#x72;&#x6f;&#x74;&#x68;&#101;&#97;&#46;&#100;&#101; Send venligst alle andre impulser til: k&#111;&#110;&#x74;&#x61;&#x6b;&#x74;&#64;&#97;&#110;&#105;&#x6b;&#x61;&#x64;or&#111;&#116;&#x68;&#x65;&#x61;&#46;d&#101; Vi ser frem til at h\u00f8re fra dig! [contact-form-7 id=&#8221;10&#8243; title=&#8221;Kontakt&#8221;]<\/p>\n","protected":false},"author":10,"featured_media":5687,"parent":0,"menu_order":0,"comment_status":"closed","ping_status":"closed","template":"","meta":{"_acf_changed":false,"footnotes":""},"class_list":["post-6235","page","type-page","status-publish","has-post-thumbnail","hentry"],"blocksy_meta":[],"acf":[],"permalink_history":[],"_links":{"self":[{"href":"https:\/\/anikadorothea.de\/da\/wp-json\/wp\/v2\/pages\/6235","targetHints":{"allow":["GET"]}}],"collection":[{"href":"https:\/\/anikadorothea.de\/da\/wp-json\/wp\/v2\/pages"}],"about":[{"href":"https:\/\/anikadorothea.de\/da\/wp-json\/wp\/v2\/types\/page"}],"author":[{"embeddable":true,"href":"https:\/\/anikadorothea.de\/da\/wp-json\/wp\/v2\/users\/10"}],"replies":[{"embeddable":true,"href":"https:\/\/anikadorothea.de\/da\/wp-json\/wp\/v2\/comments?post=6235"}],"version-history":[{"count":1,"href":"https:\/\/anikadorothea.de\/da\/wp-json\/wp\/v2\/pages\/6235\/revisions"}],"predecessor-version":[{"id":6237,"href":"https:\/\/anikadorothea.de\/da\/wp-json\/wp\/v2\/pages\/6235\/revisions\/6237"}],"wp:featuredmedia":[{"embeddable":true,"href":"https:\/\/anikadorothea.de\/da\/wp-json\/wp\/v2\/media\/5687"}],"wp:attachment":[{"href":"https:\/\/anikadorothea.de\/da\/wp-json\/wp\/v2\/media?parent=6235"}],"curies":[{"name":"wp","href":"https:\/\/api.w.org\/{rel}","templated":true}]}}