{"id":6214,"date":"2019-06-25T17:40:35","date_gmt":"2019-06-25T15:40:35","guid":{"rendered":"https:\/\/anikadorothea.de\/paatryk\/"},"modified":"2019-06-25T17:40:35","modified_gmt":"2019-06-25T15:40:35","slug":"paatryk","status":"publish","type":"page","link":"https:\/\/anikadorothea.de\/da\/paatryk\/","title":{"rendered":"P\u00e5tryk"},"content":{"rendered":"<div id=\"pl-6214\"  class=\"panel-layout\" ><div id=\"pg-6214-0\"  class=\"panel-grid panel-has-style\" ><div class=\"uk-background-muted uk-padding-large panel-row-style panel-row-style-for-6214-0\" ><div id=\"pgc-6214-0-0\"  class=\"panel-grid-cell\" ><div id=\"panel-6214-0-0-0\" class=\"so-panel widget widget_sow-editor panel-first-child panel-last-child\" data-index=\"0\" ><div\n\t\t\t\n\t\t\tclass=\"so-widget-sow-editor so-widget-sow-editor-base\"\n\t\t\t\n\t\t>\n<div class=\"siteorigin-widget-tinymce textwidget\">\n\t<h1>P\u00e5tryk<\/h1>\n<p class=\"kap\">Oplysninger i henhold til \u00a7 5 TMG:<\/p>\n<p>[firmenname]<br \/>\n[strasse]<br \/>\n[plz-ort]<br \/>\n[land]<\/p>\n<p><strong>Kontakt:<\/strong><br \/>\n[icon name=\"envelope\" cls=\"fa-fw\"] [mail]<\/p>\n<p><strong>L\u00f8sning af tvister<\/strong><br \/>\nVi er ikke villige eller forpligtede til at deltage i tvistbil\u00e6ggelsesprocedurer ved et forbrugervoldgiftsn\u00e6vn.<br \/>\nLoven om alternativ tvistbil\u00e6ggelse i forbrugersager kr\u00e6ver dog, at vi alligevel henviser dig til et forbrugervoldgiftscenter, der er ansvarligt for dig:<\/p>\n<p>Allgemeine Verbraucherschlichtungsstelle des Zentrums f\u00fcr Schlichtung e. V.<br \/>\nStra\u00dfburger Str. 8<br \/>\n77694 Kehl<br \/>\nInternet: <a href=\"https:\/\/www.verbraucher-schlichter.de\/\" target=\"_blank\" rel=\"noopener\">www.verbraucher-schlichter.de<\/a><\/p>\n<h3>Ansvar for indhold<\/h3>\n<p>Som tjenesteudbyder er vi ansvarlige for vores eget indhold p\u00e5 disse sider i henhold til \u00a7 7 (1) TMG (tysk telemedielov) og generel lovgivning. I henhold til \u00a7\u00a7 8 til 10 TMG er vi som tjenesteudbyder dog ikke forpligtet til at overv\u00e5ge transmitterede eller lagrede tredjepartsoplysninger eller til at unders\u00f8ge omst\u00e6ndigheder, der tyder p\u00e5 ulovlig aktivitet.<\/p>\n<p>Forpligtelser til at fjerne eller blokere brugen af oplysninger i overensstemmelse med generel lovgivning forbliver up\u00e5virket af dette. Ansvar i denne henseende er dog kun muligt fra det tidspunkt, hvor vi bliver opm\u00e6rksomme p\u00e5 en specifik overtr\u00e6delse. S\u00e5 snart vi bliver opm\u00e6rksomme p\u00e5 s\u00e5danne overtr\u00e6delser, vil vi straks fjerne dette indhold.<\/p>\n<h3>Ansvar for links<\/h3>\n<p>Vores hjemmeside indeholder links til eksterne tredjepartswebsteder, hvis indhold vi ikke har nogen indflydelse p\u00e5. Derfor kan vi ikke p\u00e5tage os noget ansvar for dette tredjepartsindhold. Den respektive udbyder eller operat\u00f8r af siderne er altid ansvarlig for indholdet af de linkede sider. De linkede sider blev kontrolleret for mulige lovovertr\u00e6delser p\u00e5 tidspunktet for linkningen. Ulovligt indhold kunne ikke genkendes p\u00e5 tidspunktet for sammenk\u00e6dningen.<\/p>\n<p>En permanent overv\u00e5gning af indholdet p\u00e5 de linkede sider er dog ikke rimelig uden konkrete beviser for en overtr\u00e6delse. Hvis vi bliver opm\u00e6rksomme p\u00e5 lovovertr\u00e6delser, vil vi straks fjerne s\u00e5danne links.<\/p>\n<h3>Ophavsret<\/h3>\n<p>Indholdet og v\u00e6rkerne, der er skabt af webstedsoperat\u00f8rerne p\u00e5 disse sider, er underlagt tysk lov om ophavsret. Reproduktion, redigering, distribution og enhver form for anvendelse uden for gr\u00e6nserne af ophavsretsloven kr\u00e6ver skriftligt samtykke fra den respektive forfatter eller skaber. Downloads og kopier af dette websted er kun tilladt til privat, ikke-kommerciel brug.<\/p>\n<p>For s\u00e5 vidt som indholdet p\u00e5 dette websted ikke er oprettet af operat\u00f8ren, respekteres tredjeparts ophavsret. Is\u00e6r er tredjepartsindhold m\u00e6rket som s\u00e5dan. Hvis du alligevel bliver opm\u00e6rksom p\u00e5 en kr\u00e6nkelse af ophavsretten, bedes du informere os herom. Hvis vi bliver opm\u00e6rksomme p\u00e5 overtr\u00e6delser, vil vi straks fjerne s\u00e5dant indhold.<\/p>\n<h3>ICONS<\/h3>\n<ul>\n<li><a title=\"lotus icons\" href=\"https:\/\/www.flaticon.com\/free-icons\/lotus\" target=\"_blank\" rel=\"noopener\">Lotus icons created by Freepik - Flaticon<\/a><\/li>\n<li><a title=\"flower icons\" href=\"https:\/\/www.flaticon.com\/free-icons\/flower\" target=\"_blank\" rel=\"noopener\">Flower icons created by Icongeek26 - Flaticon<\/a><\/li>\n<li><a title=\"herbst Icons\" href=\"https:\/\/www.flaticon.com\/de\/kostenlose-icons\/herbst\" target=\"_blank\" rel=\"noopener\">Herbst Icons erstellt von Freepik - Flaticon<\/a><\/li>\n<li><a title=\"rose Icons\" href=\"https:\/\/www.flaticon.com\/de\/kostenlose-icons\/rose\" target=\"_blank\" rel=\"noopener\">Rose Icons erstellt von Smashicons - Flaticon<\/a><\/li>\n<\/ul>\n<\/div>\n<\/div><\/div><\/div><\/div><\/div><\/div>","protected":false},"excerpt":{"rendered":"<p>P\u00e5tryk Oplysninger i henhold til \u00a7 5 TMG: [firmenname] [strasse] [plz-ort] [land] Kontakt: [icon name=&#8221;envelope&#8221; cls=&#8221;fa-fw&#8221;] [mail] L\u00f8sning af tvister Vi er ikke villige eller forpligtede til at deltage i tvistbil\u00e6ggelsesprocedurer ved et forbrugervoldgiftsn\u00e6vn. Loven om alternativ tvistbil\u00e6ggelse i forbrugersager kr\u00e6ver dog, at vi alligevel henviser dig til et forbrugervoldgiftscenter, der er ansvarligt for dig: [&hellip;]<\/p>\n","protected":false},"author":10,"featured_media":5703,"parent":0,"menu_order":0,"comment_status":"closed","ping_status":"closed","template":"","meta":{"_acf_changed":false,"footnotes":""},"class_list":["post-6214","page","type-page","status-publish","has-post-thumbnail","hentry"],"blocksy_meta":[],"acf":[],"permalink_history":[],"_links":{"self":[{"href":"https:\/\/anikadorothea.de\/da\/wp-json\/wp\/v2\/pages\/6214","targetHints":{"allow":["GET"]}}],"collection":[{"href":"https:\/\/anikadorothea.de\/da\/wp-json\/wp\/v2\/pages"}],"about":[{"href":"https:\/\/anikadorothea.de\/da\/wp-json\/wp\/v2\/types\/page"}],"author":[{"embeddable":true,"href":"https:\/\/anikadorothea.de\/da\/wp-json\/wp\/v2\/users\/10"}],"replies":[{"embeddable":true,"href":"https:\/\/anikadorothea.de\/da\/wp-json\/wp\/v2\/comments?post=6214"}],"version-history":[{"count":0,"href":"https:\/\/anikadorothea.de\/da\/wp-json\/wp\/v2\/pages\/6214\/revisions"}],"wp:featuredmedia":[{"embeddable":true,"href":"https:\/\/anikadorothea.de\/da\/wp-json\/wp\/v2\/media\/5703"}],"wp:attachment":[{"href":"https:\/\/anikadorothea.de\/da\/wp-json\/wp\/v2\/media?parent=6214"}],"curies":[{"name":"wp","href":"https:\/\/api.w.org\/{rel}","templated":true}]}}