{"id":6210,"date":"2019-06-25T17:38:58","date_gmt":"2019-06-25T15:38:58","guid":{"rendered":"https:\/\/anikadorothea.de\/beskyttelse-af-data\/"},"modified":"2019-06-25T17:38:58","modified_gmt":"2019-06-25T15:38:58","slug":"beskyttelse-af-data","status":"publish","type":"page","link":"https:\/\/anikadorothea.de\/da\/beskyttelse-af-data\/","title":{"rendered":"Beskyttelse af data"},"content":{"rendered":"<div id=\"pl-6210\"  class=\"panel-layout\" ><div id=\"pg-6210-0\"  class=\"panel-grid panel-has-style\" ><div class=\"uk-padding-large uk-background-muted panel-row-style panel-row-style-for-6210-0\" ><div id=\"pgc-6210-0-0\"  class=\"panel-grid-cell\" ><div id=\"panel-6210-0-0-0\" class=\"so-panel widget widget_sow-editor panel-first-child panel-last-child\" data-index=\"0\" ><div\n\t\t\t\n\t\t\tclass=\"so-widget-sow-editor so-widget-sow-editor-base\"\n\t\t\t\n\t\t>\n<div class=\"siteorigin-widget-tinymce textwidget\">\n\t<h1>Fortrolighedspolitik<\/h1>\n<h2>Et overblik over databeskyttelse<\/h2>\n<h3>Generel information<\/h3>\n<p>F\u00f8lgende information giver et enkelt overblik over, hvad der sker med dine personlige data, n\u00e5r du bes\u00f8ger vores hjemmeside. Personlige data er alle data, der kan bruges til at identificere dig personligt. Detaljerede oplysninger om emnet databeskyttelse kan findes i vores databeskyttelseserkl\u00e6ring, der er anf\u00f8rt under denne tekst.<\/p>\n<h3>Dataindsamling p\u00e5 vores hjemmeside<\/h3>\n<p><strong>Hvem er ansvarlig for dataindsamlingen p\u00e5 denne hjemmeside?<\/strong><\/p>\n<p>Databehandling p\u00e5 dette websted udf\u00f8res af webstedets operat\u00f8r. Du kan finde operat\u00f8rens kontaktoplysninger i den juridiske meddelelse p\u00e5 dette websted.<\/p>\n<p><strong>Hvordan indsamler vi dine data?<\/strong><\/p>\n<p>P\u00e5 den ene side indsamles dine data, n\u00e5r du giver dem til os. Det kan f.eks. v\u00e6re data, som du indtaster i en kontaktformular.<\/p>\n<p>Andre data indsamles automatisk af vores IT-systemer, n\u00e5r du bes\u00f8ger hjemmesiden. Dette er prim\u00e6rt tekniske data (f.eks. internetbrowser, operativsystem eller tidspunkt for sidevisning). Disse data indsamles automatisk, s\u00e5 snart du g\u00e5r ind p\u00e5 vores hjemmeside.<\/p>\n<p><strong>Hvad bruger vi dine data til?<\/strong><\/p>\n<p>Nogle af dataene indsamles for at sikre, at hjemmesiden leveres uden fejl. Andre data kan bruges til at analysere din brugeradf\u00e6rd.<\/p>\n<p><strong>Hvilke rettigheder har du i forhold til dine data?<\/strong><\/p>\n<p>Du har til enhver tid ret til gratis at modtage oplysninger om oprindelsen, modtageren og form\u00e5let med dine lagrede persondata. Du har ogs\u00e5 ret til at anmode om rettelse, blokering eller sletning af disse data. Du kan til enhver tid kontakte os p\u00e5 den adresse, der er angivet i den juridiske meddelelse, hvis du har yderligere sp\u00f8rgsm\u00e5l om emnet databeskyttelse. Du har ogs\u00e5 ret til at indgive en klage til den kompetente tilsynsmyndighed.<\/p>\n<h3>Analysev\u00e6rkt\u00f8jer og v\u00e6rkt\u00f8jer fra tredjepartsleverand\u00f8rer<\/h3>\n<p>N\u00e5r du bes\u00f8ger vores hjemmeside, kan din surfingadf\u00e6rd blive evalueret statistisk. Det sker prim\u00e6rt ved hj\u00e6lp af cookies og s\u00e5kaldte analyseprogrammer. Analysen af din surfingadf\u00e6rd er normalt anonym; surfingadf\u00e6rden kan ikke spores tilbage til dig. Du kan g\u00f8re indsigelse mod denne analyse eller forhindre den ved ikke at bruge visse v\u00e6rkt\u00f8jer. Detaljerede oplysninger om dette kan findes i den f\u00f8lgende privatlivspolitik.<\/p>\n<p>Du kan g\u00f8re indsigelse mod denne analyse. Vi vil informere dig om indsigelsesmulighederne i denne privatlivspolitik.<\/p>\n<h2>Generelle bem\u00e6rkninger og obligatoriske oplysninger<\/h2>\n<h3>Beskyttelse af data<\/h3>\n<p>Operat\u00f8rerne af disse sider tager beskyttelsen af dine personlige data meget alvorligt. Vi behandler dine personlige data fortroligt og i overensstemmelse med de lovbestemte databeskyttelsesbestemmelser og denne privatlivspolitik.<\/p>\n<p>N\u00e5r du bruger dette websted, indsamles der forskellige personoplysninger. Persondata er data, der kan bruges til at identificere dig personligt. Denne privatlivspolitik forklarer, hvilke data vi indsamler, og hvad vi bruger dem til. Den forklarer ogs\u00e5, hvordan og til hvilket form\u00e5l dette g\u00f8res.<\/p>\n<p>Vi vil gerne g\u00f8re opm\u00e6rksom p\u00e5, at dataoverf\u00f8rsel via internettet (f.eks. ved kommunikation via e-mail) kan have sikkerhedshuller. Fuldst\u00e6ndig beskyttelse af data mod adgang fra tredjeparter er ikke mulig.<\/p>\n<h3>Note om det ansvarlige organ<\/h3>\n<p>Den ansvarlige for databehandlingen p\u00e5 dette websted er:<\/p>\n<p>[firmenname]<\/p>\n<p>Anika Dorothea Melle<br \/>\n[strasse]<br \/>\n[plz-ort]<br \/>\nE-Mail: [mail]<\/p>\n<p>Den dataansvarlige er den fysiske eller juridiske person, der alene eller sammen med andre bestemmer form\u00e5let med og midlerne til behandling af personoplysninger (f.eks. navne, e-mailadresser osv.).<\/p>\n<h3>Tilbagekaldelse af dit samtykke til databehandling<\/h3>\n<p>Mange databehandlingsoperationer er kun mulige med dit udtrykkelige samtykke. Du kan til enhver tid tilbagekalde et samtykke, du allerede har givet. Det eneste, du skal g\u00f8re, er at sende os en uformel e-mail. Lovligheden af den databehandling, der er udf\u00f8rt indtil tilbagekaldelsen, forbliver up\u00e5virket af tilbagekaldelsen.<\/p>\n<h3>Ret til at indgive en klage til den kompetente tilsynsmyndighed<\/h3>\n<p>I tilf\u00e6lde af overtr\u00e6delser af databeskyttelsesloven har den registrerede ret til at indgive en klage til den kompetente tilsynsmyndighed. Den kompetente tilsynsmyndighed for databeskyttelsessp\u00f8rgsm\u00e5l er den statslige databeskyttelsesansvarlige i den f\u00f8derale stat, hvor vores virksomhed er baseret. En liste over databeskyttelsesr\u00e5dgivere og deres kontaktoplysninger kan findes p\u00e5 f\u00f8lgende link: <a href=\"https:\/\/www.bfdi.bund.de\/DE\/Infothek\/Anschriften_Links\/anschriften_links-node.html\" target=\"_blank\" rel=\"noopener\">https:\/\/www.bfdi.bund.de\/DE\/Infothek\/Anschriften_Links\/anschriften_links-node.html.<\/a><\/p>\n<h3>Ret til dataportabilitet<\/h3>\n<p>Du har ret til at f\u00e5 data, som vi behandler automatisk p\u00e5 grundlag af dit samtykke eller til opfyldelse af en kontrakt, udleveret til dig eller til en tredjepart i et almindeligt anvendt, maskinl\u00e6sbart format. Hvis du anmoder om direkte overf\u00f8rsel af data til en anden dataansvarlig, vil dette kun finde sted, hvis det er teknisk muligt.<\/p>\n<h3>SSL- eller TLS-kryptering<\/h3>\n<p>Dette websted bruger SSL- eller TLS-kryptering af sikkerhedsm\u00e6ssige \u00e5rsager og for at beskytte overf\u00f8rslen af fortroligt indhold, s\u00e5som ordrer eller foresp\u00f8rgsler, som du sender til os som webstedsoperat\u00f8r. Du kan genkende en krypteret forbindelse ved, at adresselinjen i browseren skifter fra<\/p>\n<p>Hvis SSL- eller TLS-kryptering er aktiveret, kan de data, du sender til os, ikke l\u00e6ses af tredjeparter.<\/p>\n<h3>Information, blokering, sletning<\/h3>\n<p>Inden for rammerne af de g\u00e6ldende lovbestemmelser har du til enhver tid ret til gratis information om dine lagrede personoplysninger, deres oprindelse og modtagere og form\u00e5let med databehandlingen og om n\u00f8dvendigt ret til korrektion, blokering eller sletning af disse data. Du kan til enhver tid kontakte os p\u00e5 den adresse, der er angivet i den juridiske meddelelse, hvis du har yderligere sp\u00f8rgsm\u00e5l om emnet personoplysninger.<\/p>\n<h3>Indsigelse mod reklame-e-mails<\/h3>\n<p>Vi g\u00f8r hermed indsigelse mod brugen af kontaktdata, der er offentliggjort som en del af vores forpligtelse til at give en juridisk meddelelse med henblik p\u00e5 at sende uopfordret reklame- og informationsmateriale. Operat\u00f8rerne af dette websted forbeholder sig udtrykkeligt retten til at tage juridiske skridt i tilf\u00e6lde af uopfordret afsendelse af reklameinformation, s\u00e5som spam-e-mails.<\/p>\n<h2>Dataindsamling p\u00e5 vores hjemmeside<\/h2>\n<h3>Sm\u00e5kager<\/h3>\n<p>Nogle af internetsiderne bruger s\u00e5kaldte cookies. Cookies skader ikke din computer og indeholder ikke virus. Cookies bruges til at g\u00f8re vores hjemmeside mere brugervenlig, effektiv og sikker. Cookies er sm\u00e5 tekstfiler, der lagres p\u00e5 din computer og gemmes af din browser.<\/p>\n<p>De fleste af de cookies, vi bruger, er s\u00e5kaldte \"session cookies\". De slettes automatisk, n\u00e5r du afslutter dit bes\u00f8g. Andre cookies forbliver gemt p\u00e5 din enhed, indtil du sletter dem. Disse cookies g\u00f8r det muligt for os at genkende din browser ved dit n\u00e6ste bes\u00f8g.<\/p>\n<p>Du kan indstille din browser, s\u00e5 du bliver informeret om indstillingen af cookies og kun tillader cookies i individuelle tilf\u00e6lde, udelukker accept af cookies i visse tilf\u00e6lde eller generelt og aktiverer automatisk sletning af cookies, n\u00e5r du lukker browseren. Hvis cookies deaktiveres, kan funktionaliteten p\u00e5 dette websted v\u00e6re begr\u00e6nset.<\/p>\n<p>Cookies, der er n\u00f8dvendige for at gennemf\u00f8re den elektroniske kommunikationsproces eller for at levere bestemte funktioner, som du har anmodet om (f.eks. indk\u00f8bskurvfunktion), gemmes p\u00e5 grundlag af artikel 6, stk. 1, litra f, i GDPR. Webstedsoperat\u00f8ren har en legitim interesse i lagring af cookies til teknisk fejlfri og optimeret levering af sine tjenester. I det omfang der gemmes andre cookies (f.eks. cookies til analyse af din surfingadf\u00e6rd), behandles disse separat i denne privatlivspolitik.<\/p>\n<h3>Serverens logfiler<\/h3>\n<p>Udbyderen af siderne indsamler og gemmer automatisk oplysninger i s\u00e5kaldte serverlogfiler, som din browser automatisk overf\u00f8rer til os. Disse er:<\/p>\n<ul>\n<li>Browsertype og browserversion<\/li>\n<li>Anvendt operativsystem<\/li>\n<li>Henvisende URL<\/li>\n<li>V\u00e6rtsnavn p\u00e5 den computer, der f\u00e5r adgang<\/li>\n<li>Tidspunkt for serveranmodningen<\/li>\n<li>IP-adresse<\/li>\n<\/ul>\n<p>Disse data sl\u00e5s ikke sammen med andre datakilder.<\/p>\n<p>Grundlaget for databehandling er artikel 6, stk. 1, litra f i GDPR, som tillader behandling af data til opfyldelse af en kontrakt eller foranstaltninger forud for en kontrakt.<\/p>\n<h3>Kontaktformular<\/h3>\n<p>Hvis du sender os foresp\u00f8rgsler via kontaktformularen, gemmer vi dine oplysninger fra foresp\u00f8rgselsformularen, herunder de kontaktoplysninger, du angiver der, med henblik p\u00e5 at behandle foresp\u00f8rgslen og i tilf\u00e6lde af opf\u00f8lgende sp\u00f8rgsm\u00e5l. Vi videregiver ikke disse oplysninger uden dit samtykke.<\/p>\n<p>De data, der indtastes i kontaktformularen, behandles derfor udelukkende p\u00e5 grundlag af dit samtykke (art. 6, stk. 1, litra a i GDPR). Du kan til enhver tid tilbagekalde dette samtykke. Alt, hvad du skal g\u00f8re, er at sende os en uformel e-mail. Lovligheden af de databehandlingsoperationer, der er udf\u00f8rt indtil tilbagekaldelsen, forbliver up\u00e5virket af tilbagekaldelsen.<\/p>\n<p>Vi opbevarer de data, du angiver i kontaktformularen, indtil du beder om at f\u00e5 dem slettet, tilbagekalder dit samtykke til opbevaring, eller form\u00e5let med opbevaringen ikke l\u00e6ngere er relevant (f.eks. efter opfyldelse af din anmodning). Obligatoriske lovbestemmelser - is\u00e6r opbevaringsperioder - forbliver up\u00e5virket.<\/p>\n<h2>Plugins og v\u00e6rkt\u00f8jer<\/h2>\n<h3>Google Web Fonts<\/h3>\n<p>Dette websted bruger s\u00e5kaldte webfonts, der leveres af Google, til standardiseret visning af skrifttyper. N\u00e5r du \u00e5bner en side, indl\u00e6ser din browser de n\u00f8dvendige webfonts i din browsercache for at kunne vise tekster og skrifttyper korrekt.<\/p>\n<p>Til dette form\u00e5l skal den browser, du bruger, oprette forbindelse til Googles servere. P\u00e5 den m\u00e5de informeres Google om, at vores hjemmeside er blevet bes\u00f8gt via din IP-adresse. Brugen af Google Web Fonts er i interesse for en ensartet og tiltalende pr\u00e6sentation af vores onlinetilbud. Dette udg\u00f8r en legitim interesse i henhold til artikel 6, stk. 1, litra f i GDPR.<\/p>\n<p>Hvis din browser ikke underst\u00f8tter webfonte, vil din computer bruge en standardfont.<\/p>\n<p>Yderligere oplysninger om Google Web Fonts kan findes p\u00e5<a href=\"https:\/\/developers.google.com\/fonts\/faq\" target=\"_blank\" rel=\"noopener\">https:\/\/developers.google.com\/fonts\/faq<\/a> og i Googles privatlivspolitik:<a href=\"https:\/\/www.google.com\/policies\/privacy\/\" target=\"_blank\" rel=\"noopener\">https:\/\/www.google.com\/policies\/privacy\/<\/a>.<\/p>\n<\/div>\n<\/div><\/div><\/div><\/div><\/div><\/div>","protected":false},"excerpt":{"rendered":"<p>Fortrolighedspolitik Et overblik over databeskyttelse Generel information F\u00f8lgende information giver et enkelt overblik over, hvad der sker med dine personlige data, n\u00e5r du bes\u00f8ger vores hjemmeside. Personlige data er alle data, der kan bruges til at identificere dig personligt. Detaljerede oplysninger om emnet databeskyttelse kan findes i vores databeskyttelseserkl\u00e6ring, der er anf\u00f8rt under denne tekst. [&hellip;]<\/p>\n","protected":false},"author":10,"featured_media":5703,"parent":0,"menu_order":0,"comment_status":"closed","ping_status":"closed","template":"","meta":{"_acf_changed":false,"footnotes":""},"class_list":["post-6210","page","type-page","status-publish","has-post-thumbnail","hentry"],"blocksy_meta":[],"acf":[],"permalink_history":[],"_links":{"self":[{"href":"https:\/\/anikadorothea.de\/da\/wp-json\/wp\/v2\/pages\/6210","targetHints":{"allow":["GET"]}}],"collection":[{"href":"https:\/\/anikadorothea.de\/da\/wp-json\/wp\/v2\/pages"}],"about":[{"href":"https:\/\/anikadorothea.de\/da\/wp-json\/wp\/v2\/types\/page"}],"author":[{"embeddable":true,"href":"https:\/\/anikadorothea.de\/da\/wp-json\/wp\/v2\/users\/10"}],"replies":[{"embeddable":true,"href":"https:\/\/anikadorothea.de\/da\/wp-json\/wp\/v2\/comments?post=6210"}],"version-history":[{"count":0,"href":"https:\/\/anikadorothea.de\/da\/wp-json\/wp\/v2\/pages\/6210\/revisions"}],"wp:featuredmedia":[{"embeddable":true,"href":"https:\/\/anikadorothea.de\/da\/wp-json\/wp\/v2\/media\/5703"}],"wp:attachment":[{"href":"https:\/\/anikadorothea.de\/da\/wp-json\/wp\/v2\/media?parent=6210"}],"curies":[{"name":"wp","href":"https:\/\/api.w.org\/{rel}","templated":true}]}}