{"id":5664,"date":"2024-04-07T23:25:13","date_gmt":"2024-04-07T21:25:13","guid":{"rendered":"https:\/\/anikadorothea.de\/anika\/"},"modified":"2024-07-09T12:11:36","modified_gmt":"2024-07-09T10:11:36","slug":"anika","status":"publish","type":"page","link":"https:\/\/anikadorothea.de\/da\/anika\/","title":{"rendered":"Anika"},"content":{"rendered":"<div id=\"pl-gb5664-69e381eeb04ca\"  class=\"panel-layout\" ><div id=\"pg-gb5664-69e381eeb04ca-0\"  class=\"panel-grid panel-no-style\" ><div id=\"pgc-gb5664-69e381eeb04ca-0-0\"  class=\"panel-grid-cell\" ><div id=\"panel-gb5664-69e381eeb04ca-0-0-0\" class=\"so-panel widget widget_sow-editor panel-first-child panel-last-child\" data-index=\"0\" ><div\n\t\t\t\n\t\t\tclass=\"so-widget-sow-editor so-widget-sow-editor-base\"\n\t\t\t\n\t\t>\n<div class=\"siteorigin-widget-tinymce textwidget\">\n\t<p class=\"fn-small-title uk-text-primary\" style=\"text-align: center;\">Citater<\/p>\n<\/div>\n<\/div><\/div><\/div><\/div><div id=\"pg-gb5664-69e381eeb04ca-1\"  class=\"panel-grid panel-no-style\" ><div id=\"pgc-gb5664-69e381eeb04ca-1-0\"  class=\"panel-grid-cell\" ><div id=\"panel-gb5664-69e381eeb04ca-1-0-0\" class=\"so-panel widget widget_sow-editor panel-first-child\" data-index=\"1\" ><div class=\"panel-widget-style panel-widget-style-for-gb5664-69e381eeb04ca-1-0-0\" ><div\n\t\t\t\n\t\t\tclass=\"so-widget-sow-editor so-widget-sow-editor-base\"\n\t\t\t\n\t\t>\n<div class=\"siteorigin-widget-tinymce textwidget\">\n\t<p class=\"uk-text-small\" style=\"text-align: center;\"><em>Jeg er her for at minde folk om ubetinget k\u00e6rlighed.<br \/>\nDet er nok til at flytte spillet i retning af noget godt.<\/em><\/p>\n<\/div>\n<\/div><\/div><\/div><div id=\"panel-gb5664-69e381eeb04ca-1-0-1\" class=\"so-panel widget widget_sow-editor\" data-index=\"2\" ><div class=\"panel-widget-style panel-widget-style-for-gb5664-69e381eeb04ca-1-0-1\" ><div\n\t\t\t\n\t\t\tclass=\"so-widget-sow-editor so-widget-sow-editor-base\"\n\t\t\t\n\t\t>\n<div class=\"siteorigin-widget-tinymce textwidget\">\n\t<p class=\"uk-text-small\" style=\"text-align: center;\"><em>Vores sj\u00e6ls storhed og sk\u00f8nhed kan ikke overvindes af usynlige kr\u00e6fter,<\/em><br \/>\n<em>fordi det er k\u00e6rlighed i sin essens.<\/em><\/p>\n<\/div>\n<\/div><\/div><\/div><div id=\"panel-gb5664-69e381eeb04ca-1-0-2\" class=\"so-panel widget widget_sow-editor\" data-index=\"3\" ><div class=\"panel-widget-style panel-widget-style-for-gb5664-69e381eeb04ca-1-0-2\" ><div\n\t\t\t\n\t\t\tclass=\"so-widget-sow-editor so-widget-sow-editor-base\"\n\t\t\t\n\t\t>\n<div class=\"siteorigin-widget-tinymce textwidget\">\n\t<p class=\"uk-text-small\"><em>Uressenser som k\u00e6rlighed og fred er fragmenter til realisering af den indre sandhed. De er de grundl\u00e6ggende byggesten til en fremtid fuld af lys, som vi v\u00e6lger.<\/em><\/p>\n<\/div>\n<\/div><\/div><\/div><div id=\"panel-gb5664-69e381eeb04ca-1-0-3\" class=\"so-panel widget widget_sow-editor\" data-index=\"4\" ><div class=\"panel-widget-style panel-widget-style-for-gb5664-69e381eeb04ca-1-0-3\" ><div\n\t\t\t\n\t\t\tclass=\"so-widget-sow-editor so-widget-sow-editor-base\"\n\t\t\t\n\t\t>\n<div class=\"siteorigin-widget-tinymce textwidget\">\n\t<p class=\"uk-text-small\"><em>Hver eneste celle i vores krop er lys. Vi er f\u00f8dt til at give dette ord den rette betydning og energi. Til at revitalisere vores indre lys med en tilstedev\u00e6relse, der er bestemt af os.<\/em><\/p>\n<\/div>\n<\/div><\/div><\/div><div id=\"panel-gb5664-69e381eeb04ca-1-0-4\" class=\"so-panel widget widget_sow-editor\" data-index=\"5\" ><div class=\"panel-widget-style panel-widget-style-for-gb5664-69e381eeb04ca-1-0-4\" ><div\n\t\t\t\n\t\t\tclass=\"so-widget-sow-editor so-widget-sow-editor-base\"\n\t\t\t\n\t\t>\n<div class=\"siteorigin-widget-tinymce textwidget\">\n\t<p class=\"uk-text-small\"><em>S\u00e5 bliver udvikling naturligvis mulig, s\u00e5 snart lyset oplyser det, der \u00f8nsker at udfolde sig i k\u00e6rlighed.<\/em><\/p>\n<\/div>\n<\/div><\/div><\/div><div id=\"panel-gb5664-69e381eeb04ca-1-0-5\" class=\"so-panel widget widget_sow-editor\" data-index=\"6\" ><div class=\"panel-widget-style panel-widget-style-for-gb5664-69e381eeb04ca-1-0-5\" ><div\n\t\t\t\n\t\t\tclass=\"so-widget-sow-editor so-widget-sow-editor-base\"\n\t\t\t\n\t\t>\n<div class=\"siteorigin-widget-tinymce textwidget\">\n\t<p class=\"uk-text-small\" style=\"text-align: center;\"><em>K\u00e6rlighed er den st\u00e6rkeste kraft. Den vil forvandle alt og alle, der tillader den at virke i sin originalitet.<\/em><\/p>\n<\/div>\n<\/div><\/div><\/div><div id=\"panel-gb5664-69e381eeb04ca-1-0-6\" class=\"so-panel widget widget_sow-editor\" data-index=\"7\" ><div class=\"panel-widget-style panel-widget-style-for-gb5664-69e381eeb04ca-1-0-6\" ><div\n\t\t\t\n\t\t\tclass=\"so-widget-sow-editor so-widget-sow-editor-base\"\n\t\t\t\n\t\t>\n<div class=\"siteorigin-widget-tinymce textwidget\">\n\t<p class=\"uk-text-small\"><em>Friheden vil sprede sig gennem en harmonisk udvikling i alle hjerter og g\u00e5 ud over alle gr\u00e6nser for byer, lande, have og kontinenter. En alt sammenbindende k\u00e6rlighedskraft, der lader en f\u00e6lles bevidsthed blomstre i krop, sind og sj\u00e6l.<\/em><\/p>\n<\/div>\n<\/div><\/div><\/div><div id=\"panel-gb5664-69e381eeb04ca-1-0-7\" class=\"so-panel widget widget_sow-editor\" data-index=\"8\" ><div class=\"panel-widget-style panel-widget-style-for-gb5664-69e381eeb04ca-1-0-7\" ><div\n\t\t\t\n\t\t\tclass=\"so-widget-sow-editor so-widget-sow-editor-base\"\n\t\t\t\n\t\t>\n<div class=\"siteorigin-widget-tinymce textwidget\">\n\t<p class=\"uk-text-small\"><em>Sandheden om vores indre v\u00e6rdier afsl\u00f8rer f\u00f8lelser af dyb harmoni i bevidstheden. <\/em><em>Under denne transformationsproces opl\u00f8ses m\u00f8rket af sig selv. <\/em><em>Alt m\u00f8rke og alle skygger giver s\u00e5ledes plads til en mere intens synlighed af lyset.<\/em><\/p>\n<\/div>\n<\/div><\/div><\/div><div id=\"panel-gb5664-69e381eeb04ca-1-0-8\" class=\"so-panel widget widget_sow-editor\" data-index=\"9\" ><div class=\"panel-widget-style panel-widget-style-for-gb5664-69e381eeb04ca-1-0-8\" ><div\n\t\t\t\n\t\t\tclass=\"so-widget-sow-editor so-widget-sow-editor-base\"\n\t\t\t\n\t\t>\n<div class=\"siteorigin-widget-tinymce textwidget\">\n\t<p class=\"uk-text-small\"><em>Helheden i sig selv indeholder allerede det optimale, perfektion og sk\u00f8nhed. Mennesket skal blot beslutte sig for disse kvaliteter igen og igen.<\/em><\/p>\n<\/div>\n<\/div><\/div><\/div><div id=\"panel-gb5664-69e381eeb04ca-1-0-9\" class=\"so-panel widget widget_sow-editor\" data-index=\"10\" ><div class=\"panel-widget-style panel-widget-style-for-gb5664-69e381eeb04ca-1-0-9\" ><div\n\t\t\t\n\t\t\tclass=\"so-widget-sow-editor so-widget-sow-editor-base\"\n\t\t\t\n\t\t>\n<div class=\"siteorigin-widget-tinymce textwidget\">\n\t<p class=\"uk-text-small\"><em>Lyden af k\u00e6rlighed leder automatisk alle levende v\u00e6sener p\u00e5 rette vej.<\/em><\/p>\n<\/div>\n<\/div><\/div><\/div><div id=\"panel-gb5664-69e381eeb04ca-1-0-10\" class=\"so-panel widget widget_sow-editor\" data-index=\"11\" ><div class=\"panel-widget-style panel-widget-style-for-gb5664-69e381eeb04ca-1-0-10\" ><div\n\t\t\t\n\t\t\tclass=\"so-widget-sow-editor so-widget-sow-editor-base\"\n\t\t\t\n\t\t>\n<div class=\"siteorigin-widget-tinymce textwidget\">\n\t<p class=\"uk-text-small\" style=\"text-align: center;\"><em>Jeg er her ikke for at tilpasse mig ideen om kunstige konstruktioner. Jeg er her for at t\u00e6nke sandhed, f\u00f8le frihed og leve k\u00e6rlighed.<\/em><\/p>\n<\/div>\n<\/div><\/div><\/div><div id=\"panel-gb5664-69e381eeb04ca-1-0-11\" class=\"so-panel widget widget_sow-editor\" data-index=\"12\" ><div class=\"panel-widget-style panel-widget-style-for-gb5664-69e381eeb04ca-1-0-11\" ><div\n\t\t\t\n\t\t\tclass=\"so-widget-sow-editor so-widget-sow-editor-base\"\n\t\t\t\n\t\t>\n<div class=\"siteorigin-widget-tinymce textwidget\">\n\t<p class=\"uk-text-small\"><em>Livets spil kan genkendes i brede, h\u00f8je horisonter.<\/em> <em>Betydningen er kontemplation og selvst\u00e6ndigg\u00f8relse p\u00e5 samme tid.<\/em><\/p>\n<\/div>\n<\/div><\/div><\/div><div id=\"panel-gb5664-69e381eeb04ca-1-0-12\" class=\"so-panel widget widget_sow-editor panel-last-child\" data-index=\"13\" ><div class=\"panel-widget-style panel-widget-style-for-gb5664-69e381eeb04ca-1-0-12\" ><div\n\t\t\t\n\t\t\tclass=\"so-widget-sow-editor so-widget-sow-editor-base\"\n\t\t\t\n\t\t>\n<div class=\"siteorigin-widget-tinymce textwidget\">\n\t<p class=\"uk-text-small\"><em>Lykke er forprogrammeret i vores urkerne. Hvis vi bevidst v\u00e6lger den naturlige matrix, som er konstruktiv for os, orienterer vi os automatisk mod det gode. Hvis st\u00f8rstedelen af menneskeheden g\u00f8r det, vil jorden skinne i sin naturlige tilstand.<\/em><\/p>\n<\/div>\n<\/div><\/div><\/div><\/div><div id=\"pgc-gb5664-69e381eeb04ca-1-1\"  class=\"panel-grid-cell\" ><div id=\"panel-gb5664-69e381eeb04ca-1-1-0\" class=\"so-panel widget widget_sow-editor panel-first-child\" data-index=\"14\" ><div class=\"panel-widget-style panel-widget-style-for-gb5664-69e381eeb04ca-1-1-0\" ><div\n\t\t\t\n\t\t\tclass=\"so-widget-sow-editor so-widget-sow-editor-base\"\n\t\t\t\n\t\t>\n<div class=\"siteorigin-widget-tinymce textwidget\">\n\t<p class=\"uk-text-small\" style=\"text-align: center;\"><em>Med en st\u00e6rk vilje, et st\u00e6rkt hjerte og et klogt sind kan vi opn\u00e5 alt, hvad vi \u00f8nsker.<\/em><\/p>\n<\/div>\n<\/div><\/div><\/div><div id=\"panel-gb5664-69e381eeb04ca-1-1-1\" class=\"so-panel widget widget_sow-editor\" data-index=\"15\" ><div class=\"panel-widget-style panel-widget-style-for-gb5664-69e381eeb04ca-1-1-1\" ><div\n\t\t\t\n\t\t\tclass=\"so-widget-sow-editor so-widget-sow-editor-base\"\n\t\t\t\n\t\t>\n<div class=\"siteorigin-widget-tinymce textwidget\">\n\t<p class=\"uk-text-small\" style=\"text-align: center;\"><em>En persons naturlige blomstring kommer altid indefra og manifesterer sig derefter p\u00e5 ydersiden.<\/em><\/p>\n<\/div>\n<\/div><\/div><\/div><div id=\"panel-gb5664-69e381eeb04ca-1-1-2\" class=\"so-panel widget widget_sow-editor\" data-index=\"16\" ><div class=\"panel-widget-style panel-widget-style-for-gb5664-69e381eeb04ca-1-1-2\" ><div\n\t\t\t\n\t\t\tclass=\"so-widget-sow-editor so-widget-sow-editor-base\"\n\t\t\t\n\t\t>\n<div class=\"siteorigin-widget-tinymce textwidget\">\n\t<p class=\"uk-text-small\" style=\"text-align: center;\"><em>\u00d8jeblikket kommer, hvor du husker, at du er k\u00e6rlighed, og vi forenes i \u00e9t stort lys.<\/em><\/p>\n<\/div>\n<\/div><\/div><\/div><div id=\"panel-gb5664-69e381eeb04ca-1-1-3\" class=\"so-panel widget widget_sow-editor\" data-index=\"17\" ><div class=\"panel-widget-style panel-widget-style-for-gb5664-69e381eeb04ca-1-1-3\" ><div\n\t\t\t\n\t\t\tclass=\"so-widget-sow-editor so-widget-sow-editor-base\"\n\t\t\t\n\t\t>\n<div class=\"siteorigin-widget-tinymce textwidget\">\n\t<p class=\"uk-text-small\"><em>Delikatesse og subtilitet er to af mange essenser, der altid f\u00e5r perfekt opm\u00e6rksomhed p\u00e5 veje til fredelige verdener.<\/em><\/p>\n<\/div>\n<\/div><\/div><\/div><div id=\"panel-gb5664-69e381eeb04ca-1-1-4\" class=\"so-panel widget widget_sow-editor\" data-index=\"18\" ><div class=\"panel-widget-style panel-widget-style-for-gb5664-69e381eeb04ca-1-1-4\" ><div\n\t\t\t\n\t\t\tclass=\"so-widget-sow-editor so-widget-sow-editor-base\"\n\t\t\t\n\t\t>\n<div class=\"siteorigin-widget-tinymce textwidget\">\n\t<p class=\"uk-text-small\"><em>Dette spil handler ikke om, at masserne skal v\u00e6lge lyset. Vi kan forst\u00e6rke vores eget lys p\u00e5 en s\u00e5dan m\u00e5de, at vi lyser op i hele tilv\u00e6relsen. Men i et f\u00e6llesskab med menneskesj\u00e6le, som engang valgte at leve p\u00e5 jorden, kan der opst\u00e5 en form for healing, som aldrig har eksisteret f\u00f8r.<\/em><\/p>\n<\/div>\n<\/div><\/div><\/div><div id=\"panel-gb5664-69e381eeb04ca-1-1-5\" class=\"so-panel widget widget_sow-editor\" data-index=\"19\" ><div class=\"panel-widget-style panel-widget-style-for-gb5664-69e381eeb04ca-1-1-5\" ><div\n\t\t\t\n\t\t\tclass=\"so-widget-sow-editor so-widget-sow-editor-base\"\n\t\t\t\n\t\t>\n<div class=\"siteorigin-widget-tinymce textwidget\">\n\t<p class=\"uk-text-small\"><em>Mennesker ville ikke have valgt deres eksistens &#8211; deres eget liv &#8211; hvis de ikke altid havde v\u00e6ret begejstrede for k\u00e6rlighedens verden. For vi havde brug for en uendelig m\u00e6ngde k\u00e6rlighed og mod til at g\u00e5 ind i dette spil end til at beslutte os for et liv i k\u00e6rlighed nu.<\/em><\/p>\n<\/div>\n<\/div><\/div><\/div><div id=\"panel-gb5664-69e381eeb04ca-1-1-6\" class=\"so-panel widget widget_sow-editor\" data-index=\"20\" ><div class=\"panel-widget-style panel-widget-style-for-gb5664-69e381eeb04ca-1-1-6\" ><div\n\t\t\t\n\t\t\tclass=\"so-widget-sow-editor so-widget-sow-editor-base\"\n\t\t\t\n\t\t>\n<div class=\"siteorigin-widget-tinymce textwidget\">\n\t<p class=\"uk-text-small\"><i>Oprindelsen er s\u00e5 klar og enkel, at de fleste mennesker ikke kan tyde den. Vi mennesker har forankret det i vores hjerter og kan til enhver tid f\u00e5 adgang til det. S\u00e5 har folk spillet tilbage i deres egne h\u00e6nder.<\/i><\/p>\n<\/div>\n<\/div><\/div><\/div><div id=\"panel-gb5664-69e381eeb04ca-1-1-7\" class=\"so-panel widget widget_sow-editor\" data-index=\"21\" ><div class=\"panel-widget-style panel-widget-style-for-gb5664-69e381eeb04ca-1-1-7\" ><div\n\t\t\t\n\t\t\tclass=\"so-widget-sow-editor so-widget-sow-editor-base\"\n\t\t\t\n\t\t>\n<div class=\"siteorigin-widget-tinymce textwidget\">\n\t<p class=\"uk-text-small\" style=\"text-align: center;\"><em>Mennesker st\u00e5r s\u00e5 som en familie, s\u00e5 snart de genvinder deres eget, sande, indre hjem og bevidst beslutter sig for fred.<\/em><\/p>\n<\/div>\n<\/div><\/div><\/div><div id=\"panel-gb5664-69e381eeb04ca-1-1-8\" class=\"so-panel widget widget_sow-editor\" data-index=\"22\" ><div class=\"panel-widget-style panel-widget-style-for-gb5664-69e381eeb04ca-1-1-8\" ><div\n\t\t\t\n\t\t\tclass=\"so-widget-sow-editor so-widget-sow-editor-base\"\n\t\t\t\n\t\t>\n<div class=\"siteorigin-widget-tinymce textwidget\">\n\t<p class=\"uk-text-small\" style=\"text-align: left;\"><i>I ren energi er det ikke vigtigt at udf\u00f8re mirakler. For alt, hvad vi har brug for til at leve det, vi engang besluttede at leve, er der allerede. <\/i><i>Og alligevel er alt, hvad vi skaber, et mirakel.<\/i><\/p>\n<\/div>\n<\/div><\/div><\/div><div id=\"panel-gb5664-69e381eeb04ca-1-1-9\" class=\"so-panel widget widget_sow-editor\" data-index=\"23\" ><div class=\"panel-widget-style panel-widget-style-for-gb5664-69e381eeb04ca-1-1-9\" ><div\n\t\t\t\n\t\t\tclass=\"so-widget-sow-editor so-widget-sow-editor-base\"\n\t\t\t\n\t\t>\n<div class=\"siteorigin-widget-tinymce textwidget\">\n\t<p class=\"uk-text-small\"><i>Et evolution\u00e6rt spring er altid noget, som menneskeheden forbereder sig p\u00e5 i f\u00e6llesskab for at kunne gennemf\u00f8re det i f\u00e6llesskab.<\/i><\/p>\n<\/div>\n<\/div><\/div><\/div><div id=\"panel-gb5664-69e381eeb04ca-1-1-10\" class=\"so-panel widget widget_sow-editor\" data-index=\"24\" ><div class=\"panel-widget-style panel-widget-style-for-gb5664-69e381eeb04ca-1-1-10\" ><div\n\t\t\t\n\t\t\tclass=\"so-widget-sow-editor so-widget-sow-editor-base\"\n\t\t\t\n\t\t>\n<div class=\"siteorigin-widget-tinymce textwidget\">\n\t<p class=\"p1 uk-text-small\" style=\"text-align: left;\"><em><span class=\"s1\">Mennesket er ren kreativitet. Med sine egne indre byggesten kan det til enhver tid skabe sin egen kreative verden.<\/span><\/em><\/p>\n<\/div>\n<\/div><\/div><\/div><div id=\"panel-gb5664-69e381eeb04ca-1-1-11\" class=\"so-panel widget widget_sow-editor\" data-index=\"25\" ><div class=\"panel-widget-style panel-widget-style-for-gb5664-69e381eeb04ca-1-1-11\" ><div\n\t\t\t\n\t\t\tclass=\"so-widget-sow-editor so-widget-sow-editor-base\"\n\t\t\t\n\t\t>\n<div class=\"siteorigin-widget-tinymce textwidget\">\n\t<p class=\"uk-text-small\" style=\"text-align: center;\"><i>K\u00e6rlighed er den intelligens, der konstant justerer sig selv og finder en vej til indre og ydre frihed.<\/i><\/p>\n<\/div>\n<\/div><\/div><\/div><div id=\"panel-gb5664-69e381eeb04ca-1-1-12\" class=\"so-panel widget widget_sow-editor\" data-index=\"26\" ><div class=\"panel-widget-style panel-widget-style-for-gb5664-69e381eeb04ca-1-1-12\" ><div\n\t\t\t\n\t\t\tclass=\"so-widget-sow-editor so-widget-sow-editor-base\"\n\t\t\t\n\t\t>\n<div class=\"siteorigin-widget-tinymce textwidget\">\n\t<p class=\"uk-text-small\"><em>Modet findes i os alle. Ellers ville vi ikke v\u00e6re dem, vi er, og hvor vi er. Vi kan tage dette mod, genaktivere det og sige &#8220;ja&#8221; til os selv igen og igen for at bringe noget VIRKELIG fuldt af lys til jorden.<\/em><\/p>\n<\/div>\n<\/div><\/div><\/div><div id=\"panel-gb5664-69e381eeb04ca-1-1-13\" class=\"so-panel widget widget_sow-editor panel-last-child\" data-index=\"27\" ><div class=\"panel-widget-style panel-widget-style-for-gb5664-69e381eeb04ca-1-1-13\" ><div\n\t\t\t\n\t\t\tclass=\"so-widget-sow-editor so-widget-sow-editor-base\"\n\t\t\t\n\t\t>\n<div class=\"siteorigin-widget-tinymce textwidget\">\n\t<p class=\"uk-text-small\" style=\"font-weight: 400;\"><em>Det kr\u00e6ver ikke alle mennesker at n\u00e5 de n\u00e6ste stadier af et evolution\u00e6rt spring gennem k\u00e6rlige kvantespring. En person alene kan opleve opstigning sammen med jorden, eller flere mennesker forenet i lysets \u00e5nd kan g\u00f8re det. Mennesker, der er forenet i deres hjerter. <i>Forenet i \u00e5nden kan ingen skade menneskeheden.<\/i><\/em><\/p>\n<\/div>\n<\/div><\/div><\/div><\/div><\/div><\/div>","protected":false},"excerpt":{"rendered":"<p>Citater Jeg er her for at minde folk om ubetinget k\u00e6rlighed. Det er nok til at flytte spillet i retning af noget godt. Vores sj\u00e6ls storhed og sk\u00f8nhed kan ikke overvindes af usynlige kr\u00e6fter, fordi det er k\u00e6rlighed i sin essens. Uressenser som k\u00e6rlighed og fred er fragmenter til realisering af den indre sandhed. De [&hellip;]<\/p>\n","protected":false},"author":10,"featured_media":5666,"parent":0,"menu_order":0,"comment_status":"closed","ping_status":"closed","template":"","meta":{"_acf_changed":false,"footnotes":""},"class_list":["post-5664","page","type-page","status-publish","has-post-thumbnail","hentry"],"blocksy_meta":[],"acf":[],"permalink_history":[],"_links":{"self":[{"href":"https:\/\/anikadorothea.de\/da\/wp-json\/wp\/v2\/pages\/5664","targetHints":{"allow":["GET"]}}],"collection":[{"href":"https:\/\/anikadorothea.de\/da\/wp-json\/wp\/v2\/pages"}],"about":[{"href":"https:\/\/anikadorothea.de\/da\/wp-json\/wp\/v2\/types\/page"}],"author":[{"embeddable":true,"href":"https:\/\/anikadorothea.de\/da\/wp-json\/wp\/v2\/users\/10"}],"replies":[{"embeddable":true,"href":"https:\/\/anikadorothea.de\/da\/wp-json\/wp\/v2\/comments?post=5664"}],"version-history":[{"count":3,"href":"https:\/\/anikadorothea.de\/da\/wp-json\/wp\/v2\/pages\/5664\/revisions"}],"predecessor-version":[{"id":5694,"href":"https:\/\/anikadorothea.de\/da\/wp-json\/wp\/v2\/pages\/5664\/revisions\/5694"}],"wp:featuredmedia":[{"embeddable":true,"href":"https:\/\/anikadorothea.de\/da\/wp-json\/wp\/v2\/media\/5666"}],"wp:attachment":[{"href":"https:\/\/anikadorothea.de\/da\/wp-json\/wp\/v2\/media?parent=5664"}],"curies":[{"name":"wp","href":"https:\/\/api.w.org\/{rel}","templated":true}]}}